{"id":39463,"date":"2020-02-07T16:04:51","date_gmt":"2020-02-07T15:04:51","guid":{"rendered":"https:\/\/fertilitybenidorm.com\/hablamos\/"},"modified":"2024-02-13T22:49:42","modified_gmt":"2024-02-13T21:49:42","slug":"hablamos","status":"publish","type":"page","link":"https:\/\/fertilitybenidorm.com\/it\/hablamos\/","title":{"rendered":"Parliamo?"},"content":{"rendered":"<div class=\"wpb-content-wrapper\"><p>[vc_row full_width=&#8221;stretch_row&#8221; bg_type=&#8221;image&#8221; parallax_style=&#8221;vcpb-vz-jquery&#8221; bg_image_new=&#8221;24685&#8243; bg_image_repeat=&#8221;no-repeat&#8221; parallax_sense=&#8221;40&#8243; disable_on_mobile_img_parallax=&#8221;off&#8221; parallax_content=&#8221;off&#8221; fadeout_row=&#8221;off&#8221; enable_overlay=&#8221;enable_overlay_value&#8221; overlay_color=&#8221;rgba(0,0,0,0.34)&#8221; css=&#8221;.vc_custom_1581087830522{margin-bottom: 0px !important;padding-top: 240px !important;padding-bottom: 160px !important;}&#8221;][vc_column]<h1 class=\"boc_heading  center  \"  style=\"margin-bottom: 12px;margin-top: 0px;color: #ffffff;font-size: 52px;\"><span>Chat <strong style=\"color: #1fc7d6;\"> Fertility<\/strong> Benidorm<\/span><\/h1><div class=\"boc_divider_holder\"><div class=\"boc_divider  \"  style=\"margin-top: 16px;margin-bottom: 20px;width: 100px;margin-left: auto; margin-right: auto;height: 1px;background: rgba(255,255,255,0.15);\"><\/div><\/div><h2 class=\"boc_heading  center  boc_subheading \"  style=\"margin-bottom: 20px;margin-top: 0px;color: rgba(255,255,255,0.8);font-size: 26px;\"><span>Attenzione immediata e puntuale<\/span><\/h2>[\/vc_column][\/vc_row][vc_row][vc_column]<div class=\"boc_spacing \" style=\"height: 50px\"><\/div><h1 class=\"boc_heading  center  \"  style=\"margin-bottom: 20px;margin-top: 0px;color: #333333;\"><span>Parliamo <strong>con voi<\/strong> <\/span><\/h1><div class=\"boc_divider_holder\"><div class=\"boc_divider  \"  style=\"margin-top: 20px;margin-bottom: 20px;width: 100px;margin-left: auto; margin-right: auto;height: 2px;background: #eeeeee;\"><\/div><\/div><h3 class=\"boc_heading  center  boc_subheading \"  style=\"margin-bottom: 20px;margin-top: 0px;color: #afafaf;\"><span>Siamo qui per aiutarti e guidarti in tutto ci\u00f2 di cui hai bisogno.<\/span><\/h3>[\/vc_column][\/vc_row][vc_row][vc_column width=&#8221;1\/6&#8243;][\/vc_column][vc_column width=&#8221;2\/3&#8243;][vc_column_text]<\/p>\n<p style=\"text-align: center;\">Siamo qui per aiutarti e guidarti in tutto ci\u00f2 di cui hai bisogno.<br \/>\nSe qualcosa ci rende diversi a Fertility Benidorm , \u00e8 dare priorit\u00e0 all&#8217;importanza di avere una comunicazione diretta e sincera con tutti i nostri pazienti. Vogliamo che tutti loro si sentano ascoltati e curati, proprio come a casa.<br \/>\n\u00c8 per tutto questo che ti offriamo un servizio di comunicazione diretta per telefono, tramite telefonata o Whatsapp per risolvere tutte le tue preoccupazioni e dubbi.<br \/>\nMettiti in contatto con noi e ti aiuteremo con tutto ci\u00f2 di cui hai bisogno, che si tratti di trattamenti o servizi. Siamo qui per realizzare il tuo sogno di creare una famiglia.<\/p>\n<p>[\/vc_column_text][\/vc_column][vc_column width=&#8221;1\/6&#8243;][\/vc_column][\/vc_row][vc_row][vc_column]<div class=\"boc_spacing \" style=\"height: 20px\"><\/div>[\/vc_column][\/vc_row][vc_row][vc_column width=&#8221;1\/6&#8243;][\/vc_column][vc_column width=&#8221;2\/3&#8243;]<h3 class=\"boc_heading  al_left  bgr_dotted  \"  style=\"margin-bottom: 20px;margin-top: 0px;color: #333333;\"><span>Modulo <strong>appuntamento<\/strong><\/span><\/h3><div class=\"boc_spacing \" style=\"height: 30px\"><\/div>\n<p><script charset=\"utf-8\" type=\"text\/javascript\" src=\"\/\/js-eu1.hsforms.net\/forms\/embed\/v2.js\"><\/script><br \/>\n<script>\n  hbspt.forms.create({\n    region: \"eu1\",\n    portalId: \"144134486\",\n    formId: \"57e36b0e-cd1f-4593-b4b3-31f10df9ed35\"\n  });\n<\/script><\/p>\n<p>[\/vc_column][vc_column width=&#8221;1\/6&#8243;][\/vc_column][\/vc_row][vc_row full_width=&#8221;stretch_row&#8221; bg_type=&#8221;bg_color&#8221; enable_overlay=&#8221;enable_overlay_value&#8221; el_class=&#8221;white_text&#8221; css=&#8221;.vc_custom_1574925783215{margin-bottom: 0px !important;padding-top: 20px !important;padding-bottom: 24px !important;}&#8221; bg_color_value=&#8221;#1fc7d6&#8243;][vc_column]<div class=\"text_box  box_no_bgr boc_animate_when_almost_visible boc_fade-in\"><div class=\"text_box_content \"><h2><\/h2>\r\n\t\t\t\t\t<p><\/p>\n<h2 style=\"text-align: center;\">Oggi potrebbe essere il primo giorno del resto della tua vita!<\/h2>\n<p><\/p>\r\n\t\t\t\t<\/div><\/div><div class=\"boc_spacing \" style=\"height: 20px\"><\/div>[\/vc_column][\/vc_row]<\/p>\n<\/div>","protected":false},"excerpt":{"rendered":"<p>[vc_row full_width=&#8221;stretch_row&#8221; bg_type=&#8221;image&#8221; parallax_style=&#8221;vcpb-vz-jquery&#8221; bg_image_new=&#8221;24685&#8243; bg_image_repeat=&#8221;no-repeat&#8221; parallax_sense=&#8221;40&#8243; disable_on_mobile_img_parallax=&#8221;off&#8221; parallax_content=&#8221;off&#8221; fadeout_row=&#8221;off&#8221; enable_overlay=&#8221;enable_overlay_value&#8221; overlay_color=&#8221;rgba(0,0,0,0.34)&#8221; css=&#8221;.vc_custom_1581087830522{margin-bottom: 0px !important;padding-top: 240px !important;padding-bottom: 160px !important;}&#8221;][vc_column][\/vc_column][\/vc_row][vc_row][vc_column][\/vc_column][\/vc_row][vc_row][vc_column width=&#8221;1\/6&#8243;][\/vc_column][vc_column width=&#8221;2\/3&#8243;][vc_column_text] Siamo qui per aiutarti e guidarti in tutto ci\u00f2 di cui hai bisogno. Se qualcosa ci rende diversi a Fertility Benidorm , \u00e8 dare priorit\u00e0 all&#8217;importanza di avere una comunicazione diretta e sincera con tutti i nostri pazienti. Vogliamo<\/p>\n<div class=\"h10\"><\/div>\n<p><a class=\"more-link2 flat\" href=\"https:\/\/fertilitybenidorm.com\/it\/hablamos\/\">Read more<\/a><\/p>\n","protected":false},"author":7,"featured_media":0,"parent":0,"menu_order":0,"comment_status":"open","ping_status":"open","template":"","meta":{"_joinchat":[],"footnotes":""},"class_list":["post-39463","page","type-page","status-publish","hentry"],"_links":{"self":[{"href":"https:\/\/fertilitybenidorm.com\/it\/wp-json\/wp\/v2\/pages\/39463","targetHints":{"allow":["GET"]}}],"collection":[{"href":"https:\/\/fertilitybenidorm.com\/it\/wp-json\/wp\/v2\/pages"}],"about":[{"href":"https:\/\/fertilitybenidorm.com\/it\/wp-json\/wp\/v2\/types\/page"}],"author":[{"embeddable":true,"href":"https:\/\/fertilitybenidorm.com\/it\/wp-json\/wp\/v2\/users\/7"}],"replies":[{"embeddable":true,"href":"https:\/\/fertilitybenidorm.com\/it\/wp-json\/wp\/v2\/comments?post=39463"}],"version-history":[{"count":6,"href":"https:\/\/fertilitybenidorm.com\/it\/wp-json\/wp\/v2\/pages\/39463\/revisions"}],"predecessor-version":[{"id":39532,"href":"https:\/\/fertilitybenidorm.com\/it\/wp-json\/wp\/v2\/pages\/39463\/revisions\/39532"}],"wp:attachment":[{"href":"https:\/\/fertilitybenidorm.com\/it\/wp-json\/wp\/v2\/media?parent=39463"}],"curies":[{"name":"wp","href":"https:\/\/api.w.org\/{rel}","templated":true}]}}