{"id":39458,"date":"2019-11-13T18:18:20","date_gmt":"2019-11-13T17:18:20","guid":{"rendered":"https:\/\/fertilitybenidorm.com\/preguntas-frecuentes\/"},"modified":"2023-05-13T15:18:02","modified_gmt":"2023-05-13T13:18:02","slug":"preguntas-frecuentes","status":"publish","type":"page","link":"https:\/\/fertilitybenidorm.com\/it\/preguntas-frecuentes\/","title":{"rendered":"Domande frequenti"},"content":{"rendered":"<div class=\"wpb-content-wrapper\"><p>[vc_row full_width=&#8221;stretch_row&#8221; bg_type=&#8221;image&#8221; parallax_style=&#8221;vcpb-vz-jquery&#8221; bg_image_new=&#8221;24023&#8243; bg_image_repeat=&#8221;no-repeat&#8221; parallax_sense=&#8221;40&#8243; disable_on_mobile_img_parallax=&#8221;off&#8221; parallax_content=&#8221;off&#8221; fadeout_row=&#8221;off&#8221; enable_overlay=&#8221;enable_overlay_value&#8221; overlay_color=&#8221;rgba(0,0,0,0.34)&#8221; css=&#8221;.vc_custom_1573665760749{margin-bottom: 0px !important;padding-top: 240px !important;padding-bottom: 160px !important;}&#8221;][vc_column]<h1 class=\"boc_heading  center  \"  style=\"margin-bottom: 12px;margin-top: 0px;color: #ffffff;font-size: 52px;\"><span>DOMANDE <strong style=\"color: #1fc7d6;\"> FREQUENTI<\/strong> <\/span><\/h1><div class=\"boc_divider_holder\"><div class=\"boc_divider  \"  style=\"margin-top: 16px;margin-bottom: 20px;width: 100px;margin-left: auto; margin-right: auto;height: 1px;background: rgba(255,255,255,0.15);\"><\/div><\/div><h2 class=\"boc_heading  center  boc_subheading \"  style=\"margin-bottom: 20px;margin-top: 0px;color: rgba(255,255,255,0.8);font-size: 26px;\"><span>Informazioni e risposta a domande di base sulla clinica e sui trattamenti<\/span><\/h2>[\/vc_column][\/vc_row][vc_row][vc_column]<div class=\"boc_spacing \" style=\"height: 20px\"><\/div>[\/vc_column][\/vc_row][vc_row][vc_column]<div class=\"boc_spacing \" style=\"height: 60px\"><\/div>\r\n\t\t<!--New Tabs-->\r\n\t\t<div class=\"newtabs clearfix vertical  minimal_style\">\r\n\t\t\t<ul class=\"resp-tabs-list\">\r\n\t\t\t<\/ul>\r\n\t\t\t<div class=\"resp-tabs-container\">\r\n\t\t<div class=\"single_tab_div\" rel-title=\"Preguntas frecuentes\" rel-icon=\"icon icon-comments\"><div class=\"acc_holder    border\"><div class=\"acc_item\"><h4 class=\"accordion\"><span class=\"acc_control \"><\/span><span class=\"acc_heading\">Qual \u00e8 l'et\u00e0 massima per poter sottoporsi a un trattamento di fertilit\u00e0?<\/span><\/h4><div class=\"accordion_content\">L&#8217;et\u00e0 massima per sottoporsi al trattamento di fertilit\u00e0 \u00e8 di 50 anni. Questa limitazione \u00e8 dovuta ai rischi che una donna questa \u00e8ta o superiore pu\u00f2 subire durante una gravidanza.<\/p>\n<p>Dall\u00b4atra parte, in termini di donazione di ovuli, deve avere un&#8217;et\u00e0 compresa tra 18 e 35 anni e in donazione di seme, tra 18 e 39 anni.<\/div><\/div><div class=\"acc_item\"><h4 class=\"accordion\"><span class=\"acc_control \"><\/span><span class=\"acc_heading\">Il mio partner ha un problema di fertilit\u00e0, \u00e8 permanente?<\/span><\/h4><div class=\"accordion_content\">No. Non \u00e8 un problema definitivo. Attualmente esistono trattamenti e progressi tecnologici per aiutare le persone con problemi di fertilit\u00e0. A Fertility Benidorm effettuiamo uno studio approfondito e una diagnosi personalizzata, per determinare le cause del problema e le opzioni terapeutiche appropriate per ogni caso.<\/div><\/div><div class=\"acc_item\"><h4 class=\"accordion\"><span class=\"acc_control \"><\/span><span class=\"acc_heading\">Se ho le tube legate, posso rimanere incinta?<\/span><\/h4><div class=\"accordion_content\">S\u00ec, devi effettuare il trattamento di fecondazione in vitro (FIV). Con questa tecnica, gli ovociti vengono estratti dalle ovaie, fecondati e successivamente questi embrioni vengono trasferiti.<\/div><\/div><div class=\"acc_item\"><h4 class=\"accordion\"><span class=\"acc_control \"><\/span><span class=\"acc_heading\">Posso avere figli se ho avuto una vasectomia?<\/span><\/h4><div class=\"accordion_content\">S\u00ec, utilizzando la tecnica FIV-ICSI con spermatozoo estratto dal testicolo (TESE).<\/div><\/div><div class=\"acc_item\"><h4 class=\"accordion\"><span class=\"acc_control \"><\/span><span class=\"acc_heading\">Come faccio a sapere qual \u00e8 il trattamento ideale per il mio problema?<\/span><\/h4><div class=\"accordion_content\">Per determinare il trattamento appropriato, devi recarti presso la nostra clinica in modo che i nostri professionisti determinino il problema e ti consiglino sui possibili trattamenti.<\/div><\/div><div class=\"acc_item\"><h4 class=\"accordion\"><span class=\"acc_control \"><\/span><span class=\"acc_heading\">Cos'\u00e8 uno studio sulla fertilit\u00e0?<\/span><\/h4><div class=\"accordion_content\">Attraverso uno studio di fertilit\u00e0 personalizzato al 100%, in base all&#8217;et\u00e0 e alle circostanze di ogni paziente, viene stabilita una diagnosi e vengono fornite le diverse opzioni per ottenere la gravidanza desiderata.<\/div><\/div><div class=\"acc_item\"><h4 class=\"accordion\"><span class=\"acc_control \"><\/span><span class=\"acc_heading\">Lo stress pu\u00f2 influire sulla mia fertilit\u00e0?<\/span><\/h4><div class=\"accordion_content\">S\u00ec. L&#8217;ansia pu\u00f2 causare cambiamenti ormonali che influenzano la riproduzione. Non sono cos\u00ec rari, quindi, i casi di coppie che, senza una apparente causa fisiologica, non raggiungono la gravidanza.<\/div><\/div><div class=\"acc_item\"><h4 class=\"accordion\"><span class=\"acc_control \"><\/span><span class=\"acc_heading\">Il mio bambino mi assomiglier\u00e0 se nasce dalla donazione di ovuli?<\/span><\/h4><div class=\"accordion_content\">Nei programmi di selezione delle donatrici \u00e8 garantita la massima somiglianza fenotipica della donatrice con la futura mamma. Pertanto, entrambi saranno il pi\u00f9 simili possibile in aspetti come peso, altezza, colore della pelle e colore degli occhi.<\/div><\/div><\/div><\/div><\/div>\r\n\t\t\t\t<\/div><div class=\"boc_spacing \" style=\"height: 40px\"><\/div>[\/vc_column][\/vc_row][vc_row full_width=&#8221;stretch_row&#8221; bg_type=&#8221;bg_color&#8221; enable_overlay=&#8221;enable_overlay_value&#8221; el_class=&#8221;white_text&#8221; css=&#8221;.vc_custom_1574925827754{margin-bottom: 0px !important;padding-top: 20px !important;padding-bottom: 24px !important;}&#8221; bg_color_value=&#8221;#1fc7d6&#8243;][vc_column]<div class=\"text_box  box_no_bgr \"><div class=\"text_box_content with_button\"><h2>CL\u00cdNICA ESPECIALISTA EN REPRODUCCI\u00d3N ASISTIDA<\/h2>\r\n\t\t\t\t\t<p>Para cualquier duda o informaci\u00f3n sobre Fertility Benidorm, contacta con nosotros. Estaremos encantados de poder ayudarte.<\/p>\r\n\t\t\t\t<\/div><div class=\"btn_holder\"><a\thref=\"https:\/\/fertilitybenidorm.com\/contacto\/\" \r\n\t\t\t\t\tclass=\"button  btn_medium_stretched btn_white btn_rounded btn_outline icon_pos_after \"  target='_self'><span>Contacto<\/span> <i class='icon icon icon-angle-right2'><\/i> <\/a><\/div><\/div>[\/vc_column][\/vc_row]<\/p>\n<\/div>","protected":false},"excerpt":{"rendered":"<p>[vc_row full_width=&#8221;stretch_row&#8221; bg_type=&#8221;image&#8221; parallax_style=&#8221;vcpb-vz-jquery&#8221; bg_image_new=&#8221;24023&#8243; bg_image_repeat=&#8221;no-repeat&#8221; parallax_sense=&#8221;40&#8243; disable_on_mobile_img_parallax=&#8221;off&#8221; parallax_content=&#8221;off&#8221; fadeout_row=&#8221;off&#8221; enable_overlay=&#8221;enable_overlay_value&#8221; overlay_color=&#8221;rgba(0,0,0,0.34)&#8221; css=&#8221;.vc_custom_1573665760749{margin-bottom: 0px !important;padding-top: 240px !important;padding-bottom: 160px !important;}&#8221;][vc_column][\/vc_column][\/vc_row][vc_row][vc_column][\/vc_column][\/vc_row][vc_row][vc_column][\/vc_column][\/vc_row][vc_row full_width=&#8221;stretch_row&#8221; bg_type=&#8221;bg_color&#8221; enable_overlay=&#8221;enable_overlay_value&#8221; el_class=&#8221;white_text&#8221; css=&#8221;.vc_custom_1574925827754{margin-bottom: 0px !important;padding-top: 20px !important;padding-bottom: 24px !important;}&#8221; bg_color_value=&#8221;#1fc7d6&#8243;][vc_column][\/vc_column][\/vc_row]<\/p>\n","protected":false},"author":7,"featured_media":0,"parent":0,"menu_order":0,"comment_status":"open","ping_status":"open","template":"","meta":{"_joinchat":[],"footnotes":""},"class_list":["post-39458","page","type-page","status-publish","hentry"],"_links":{"self":[{"href":"https:\/\/fertilitybenidorm.com\/it\/wp-json\/wp\/v2\/pages\/39458","targetHints":{"allow":["GET"]}}],"collection":[{"href":"https:\/\/fertilitybenidorm.com\/it\/wp-json\/wp\/v2\/pages"}],"about":[{"href":"https:\/\/fertilitybenidorm.com\/it\/wp-json\/wp\/v2\/types\/page"}],"author":[{"embeddable":true,"href":"https:\/\/fertilitybenidorm.com\/it\/wp-json\/wp\/v2\/users\/7"}],"replies":[{"embeddable":true,"href":"https:\/\/fertilitybenidorm.com\/it\/wp-json\/wp\/v2\/comments?post=39458"}],"version-history":[{"count":3,"href":"https:\/\/fertilitybenidorm.com\/it\/wp-json\/wp\/v2\/pages\/39458\/revisions"}],"predecessor-version":[{"id":39477,"href":"https:\/\/fertilitybenidorm.com\/it\/wp-json\/wp\/v2\/pages\/39458\/revisions\/39477"}],"wp:attachment":[{"href":"https:\/\/fertilitybenidorm.com\/it\/wp-json\/wp\/v2\/media?parent=39458"}],"curies":[{"name":"wp","href":"https:\/\/api.w.org\/{rel}","templated":true}]}}