{"id":39399,"date":"2019-11-14T09:50:02","date_gmt":"2019-11-14T08:50:02","guid":{"rendered":"https:\/\/fertilitybenidorm.com\/fertile-chip\/"},"modified":"2023-05-01T20:49:14","modified_gmt":"2023-05-01T18:49:14","slug":"fertile-chip","status":"publish","type":"page","link":"https:\/\/fertilitybenidorm.com\/it\/fertile-chip\/","title":{"rendered":"Fertile Chip"},"content":{"rendered":"<div class=\"wpb-content-wrapper\"><p>[vc_row][vc_column]<div class=\"boc_spacing \" style=\"height: 40px\"><\/div>[\/vc_column][\/vc_row][vc_row css=&#8221;.vc_custom_1573630556478{margin-bottom: 0px !important;border-bottom-width: 0px !important;padding-bottom: 0px !important;}&#8221;][vc_column]<h3 class=\"boc_heading  center  \"  style=\"margin-bottom: 20px;margin-top: 0px;color: #333333;font-size: 40px;\"><span>Fertile <strong>Chip<\/strong> <\/span><\/h3>[\/vc_column][\/vc_row][vc_row css=&#8221;.vc_custom_1573630561747{margin-top: 0px !important;margin-bottom: 0px !important;border-top-width: 0px !important;padding-top: 0px !important;}&#8221;][vc_column width=&#8221;1\/2&#8243; css=&#8221;.vc_custom_1427377437484{padding-top: 60px !important;padding-bottom: 0px !important;}&#8221;][vc_single_image img_size=&#8221;boc_medium&#8221; image=&#8221;24409&#8243;][\/vc_column][vc_column width=&#8221;1\/2&#8243; css=&#8221;.vc_custom_1576512047492{padding-top: 60px !important;padding-right: 20px !important;padding-bottom: 80px !important;padding-left: 40px !important;}&#8221;]<h3 class=\"boc_heading  al_left  boc_subheading \"  style=\"margin-bottom: 20px;margin-top: 0px;color: #adadad;font-size: 19px;\"><span>L&#8217;ultima tecnologia per la selezione degli spermazoi<\/span><\/h3><div class=\"boc_divider_holder\"><div class=\"boc_divider  \"  style=\"margin-top: 22px;margin-bottom: 22px;width: 100px;height: 1px;background: #eeeeee;\"><\/div><\/div>[vc_column_text]<strong>Fertile Chip<\/strong> \u00e8 un dispositivo che consente la selezione degli spermatozoi con la migliore mobilit\u00e0. \u00c8 un supporto con due telecamere collegate da un canale. Il seme viene depositato nella camera di ingresso e, mezz&#8217;ora dopo, vengono selezionati gli spermatozoi che sono riusciti a raggiungere la camera di raccolta.<\/p>\n<p>L&#8217;uso di questa tecnica \u00e8 indicato per campioni di seme di bassa qualit\u00e0 con elevata frammentazione del DNA.<\/p>\n<p>Fertile Chip \u00e8 una procedura semplice e veloce che evita anche la centrifugazione del seme. Gli spermatozoi ottenuti hanno, tra le altre caratteristiche, una migliore mobilit\u00e0, morfologia, meno specie reattive dell&#8217;ossigeno e una minore frammentazione.[\/vc_column_text]<div class=\"boc_spacing \" style=\"height: 20px\"><\/div>[\/vc_column][\/vc_row][vc_row full_width=&#8221;stretch_row&#8221; bg_type=&#8221;bg_color&#8221; enable_overlay=&#8221;enable_overlay_value&#8221; el_class=&#8221;white_text&#8221; css=&#8221;.vc_custom_1576512501848{margin-top: 0px !important;margin-bottom: 0px !important;border-top-width: 0px !important;padding-top: 20px !important;padding-bottom: 24px !important;}&#8221; bg_color_value=&#8221;#1fc7d6&#8243;][vc_column]<div class=\"text_box  box_no_bgr \"><div class=\"text_box_content with_button\"><h2>Cl\u00ednica especialista en reproducci\u00f3n asistida<\/h2>\r\n\t\t\t\t\t<p>Para cualquier duda o informaci\u00f3n sobre Fertility Benidorm, contacta con nosotros. Estaremos encantados de poder ayudarte.<\/p>\r\n\t\t\t\t<\/div><div class=\"btn_holder\"><a\thref=\"https:\/\/fertilitybenidorm.com\/contacto\/\" \r\n\t\t\t\t\tclass=\"button  btn_medium_stretched btn_white btn_rounded btn_outline icon_pos_after \"  target='_self'><span>Contacto<\/span> <i class='icon icon icon-angle-right2'><\/i> <\/a><\/div><\/div>[\/vc_column][\/vc_row]<\/p>\n<\/div>","protected":false},"excerpt":{"rendered":"<p>[vc_row][vc_column][\/vc_column][\/vc_row][vc_row css=&#8221;.vc_custom_1573630556478{margin-bottom: 0px !important;border-bottom-width: 0px !important;padding-bottom: 0px !important;}&#8221;][vc_column][\/vc_column][\/vc_row][vc_row css=&#8221;.vc_custom_1573630561747{margin-top: 0px !important;margin-bottom: 0px !important;border-top-width: 0px !important;padding-top: 0px !important;}&#8221;][vc_column width=&#8221;1\/2&#8243; css=&#8221;.vc_custom_1427377437484{padding-top: 60px !important;padding-bottom: 0px !important;}&#8221;][vc_single_image img_size=&#8221;boc_medium&#8221; image=&#8221;24409&#8243;][\/vc_column][vc_column width=&#8221;1\/2&#8243; css=&#8221;.vc_custom_1576512047492{padding-top: 60px !important;padding-right: 20px !important;padding-bottom: 80px !important;padding-left: 40px !important;}&#8221;][vc_column_text]Fertile Chip \u00e8 un dispositivo che consente la selezione degli spermatozoi con la migliore mobilit\u00e0. \u00c8 un supporto con due telecamere collegate da un canale. Il<\/p>\n<div class=\"h10\"><\/div>\n<p><a class=\"more-link2 flat\" href=\"https:\/\/fertilitybenidorm.com\/it\/fertile-chip\/\">Read more<\/a><\/p>\n","protected":false},"author":7,"featured_media":0,"parent":0,"menu_order":0,"comment_status":"open","ping_status":"closed","template":"","meta":{"_joinchat":[],"footnotes":""},"class_list":["post-39399","page","type-page","status-publish","hentry"],"_links":{"self":[{"href":"https:\/\/fertilitybenidorm.com\/it\/wp-json\/wp\/v2\/pages\/39399","targetHints":{"allow":["GET"]}}],"collection":[{"href":"https:\/\/fertilitybenidorm.com\/it\/wp-json\/wp\/v2\/pages"}],"about":[{"href":"https:\/\/fertilitybenidorm.com\/it\/wp-json\/wp\/v2\/types\/page"}],"author":[{"embeddable":true,"href":"https:\/\/fertilitybenidorm.com\/it\/wp-json\/wp\/v2\/users\/7"}],"replies":[{"embeddable":true,"href":"https:\/\/fertilitybenidorm.com\/it\/wp-json\/wp\/v2\/comments?post=39399"}],"version-history":[{"count":1,"href":"https:\/\/fertilitybenidorm.com\/it\/wp-json\/wp\/v2\/pages\/39399\/revisions"}],"predecessor-version":[{"id":39418,"href":"https:\/\/fertilitybenidorm.com\/it\/wp-json\/wp\/v2\/pages\/39399\/revisions\/39418"}],"wp:attachment":[{"href":"https:\/\/fertilitybenidorm.com\/it\/wp-json\/wp\/v2\/media?parent=39399"}],"curies":[{"name":"wp","href":"https:\/\/api.w.org\/{rel}","templated":true}]}}