{"id":39393,"date":"2019-11-14T09:35:16","date_gmt":"2019-11-14T08:35:16","guid":{"rendered":"https:\/\/fertilitybenidorm.com\/macs\/"},"modified":"2023-05-01T20:45:02","modified_gmt":"2023-05-01T18:45:02","slug":"macs","status":"publish","type":"page","link":"https:\/\/fertilitybenidorm.com\/it\/macs\/","title":{"rendered":"MACS"},"content":{"rendered":"<div class=\"wpb-content-wrapper\"><p>[vc_row][vc_column]<div class=\"boc_spacing \" style=\"height: 40px\"><\/div>[\/vc_column][\/vc_row][vc_row css=&#8221;.vc_custom_1573630556478{margin-bottom: 0px !important;border-bottom-width: 0px !important;padding-bottom: 0px !important;}&#8221;][vc_column]<h3 class=\"boc_heading  center  \"  style=\"margin-bottom: 20px;margin-top: 0px;color: #333333;font-size: 40px;\"><span>Tecnica <strong>MACS<\/strong> <\/span><\/h3>[\/vc_column][\/vc_row][vc_row css=&#8221;.vc_custom_1581149263371{margin-top: 0px !important;margin-bottom: 0px !important;border-top-width: 0px !important;border-bottom-width: 0px !important;padding-top: 0px !important;padding-bottom: 0px !important;}&#8221;][vc_column width=&#8221;1\/2&#8243; css=&#8221;.vc_custom_1427377437484{padding-top: 60px !important;padding-bottom: 0px !important;}&#8221;][vc_single_image img_size=&#8221;boc_medium&#8221; image=&#8221;24403&#8243;][\/vc_column][vc_column width=&#8221;1\/2&#8243; css=&#8221;.vc_custom_1576510090991{padding-top: 60px !important;padding-right: 20px !important;padding-bottom: 80px !important;padding-left: 40px !important;}&#8221;]<h1 class=\"boc_heading no_text_transform letter_spacing_negative al_left  \"  style=\"margin-bottom: 8px;margin-top: 0px;color: #333333;font-size: 33px;\"><span>Spermatozoi <strong class=\"typewriter\">di massima qualit\u00e0<\/strong><\/span><\/h1><h3 class=\"boc_heading  al_left  boc_subheading \"  style=\"margin-bottom: 20px;margin-top: 0px;color: #adadad;font-size: 19px;\"><span>Grande miglioramento delle possibilit\u00e0 di gravidanza<\/span><\/h3><div class=\"boc_divider_holder\"><div class=\"boc_divider  \"  style=\"margin-top: 22px;margin-bottom: 22px;width: 100px;height: 1px;background: #eeeeee;\"><\/div><\/div>[vc_column_text]<\/p>\n<p style=\"background: white; vertical-align: baseline;\"><span lang=\"it\" style=\"font-size: 10.5pt; font-family: 'Arial',sans-serif; color: #444444;\">La Selezione di cellule attivate magneticamente o MACS -Magnetic Activated Cell Sorting- \u00e8 una tecnica con la quale gli spermatozoi possono essere eliminati, danneggiati in modo invisibile, prima di un trattamento di riproduzione assistita. Lo spermazoo morto o danneggiato \u00e8 strettamente correlato alla scarsa qualit\u00e0 del seme ed \u00e8 una delle cause pi\u00f9 comuni di infertilit\u00e0 maschile.<\/span><\/p>\n<p style=\"background: white; vertical-align: baseline;\"><span lang=\"it\" style=\"font-size: 10.5pt; font-family: 'Arial',sans-serif; color: #444444;\">Con la tecnica MACS \u2013 colonne Annessina V ci assicuriamo di selezionare gli spermatozoi con il pi\u00f9 alto potenziale fecondante, quindi sono gli spermatozoi ideali, i pi\u00f9 sani, i pi\u00f9 purificati e quelli con le minori alterazioni morfologiche e la minore frammentazione del DNA.<\/span><\/p>\n<p>[\/vc_column_text][\/vc_column][\/vc_row][vc_row enable_overlay=&#8221;off&#8221; el_class=&#8221;no_text_transform&#8221; css=&#8221;.vc_custom_1574416552770{margin-top: 0px !important;margin-bottom: 30px !important;border-top-width: 0px !important;border-bottom-width: 30px !important;padding-top: 0px !important;padding-bottom: 30px !important;}&#8221;][vc_column width=&#8221;1\/2&#8243; el_class=&#8221;no_side_padding_in_responsive_column&#8221;]<h3 class=\"boc_heading  al_left  bgr_multidotted  \"  style=\"margin-bottom: 40px;margin-top: 20px;color: #333333;\"><span>\u00bfIn quali <strong>casi<\/strong> viene utilizzata questa tecnica?<\/span><\/h3>[vc_column_text]<\/p>\n<p style=\"background: white; vertical-align: baseline;\"><span lang=\"it\" style=\"font-size: 10.5pt; font-family: 'Arial',sans-serif; color: #444444;\">La selezione di cellule attivate magneticamente o MACS -Magnetic Activated Cell Sorting- si \u00e8 dimostrata molto utile, tra gli altri casi, negli uomini con grave infertilit\u00e0 la cui qualit\u00e0 del seme \u00e8 bassa, a causa di alti livelli di frammentazione del DNA e carenze di mobilit\u00e0. Inoltre, nei pazienti sottoposti a trattamenti radioterapici e chemioterapici; cos\u00ec come negli uomini con sterilit\u00e0 di origine sconosciuta.<\/span><\/p>\n<p>[\/vc_column_text]<div class=\"boc_spacing \" style=\"height: 20px\"><\/div>[\/vc_column][vc_column width=&#8221;1\/2&#8243; el_class=&#8221;no_side_padding_in_responsive_column&#8221;]<h3 class=\"boc_heading  al_left  bgr_multidotted  \"  style=\"margin-bottom: 40px;margin-top: 20px;color: #333333;\"><span>\u00bfCome si <strong>sviluppa <\/strong> questa tecnica ?<\/span><\/h3>[vc_column_text]<\/p>\n<p style=\"margin: 0cm; background: white; vertical-align: baseline;\"><span lang=\"it\" style=\"font-size: 10.5pt; font-family: 'Arial',sans-serif; color: #444444;\">Consiste nell&#8217;attaccare allo sperma delle microsfere metalliche con una sostanza chiamata annessina, che \u00e8 una proteina con affinit\u00e0 per gli spermatozoi difettosi. Successivamente, viene applicato un campo magnetico che trattiene gli spermatozoi danneggiati attaccati all&#8217;annessina, in modo che possano essere separati dagli spermatozoi ottimali. La procedura \u00e8 efficiente, sicura, non invasiva e altamente affidabile per il trattamento dell&#8217;infertilit\u00e0 maschile.<\/span><\/p>\n<p>[\/vc_column_text][\/vc_column][\/vc_row][vc_row full_width=&#8221;stretch_row&#8221; bg_type=&#8221;bg_color&#8221; enable_overlay=&#8221;enable_overlay_value&#8221; el_class=&#8221;white_text&#8221; css=&#8221;.vc_custom_1576511530499{margin-top: 0px !important;margin-bottom: 0px !important;border-top-width: 0px !important;padding-top: 20px !important;padding-bottom: 24px !important;}&#8221; bg_color_value=&#8221;#1fc7d6&#8243;][vc_column]<div class=\"text_box  box_no_bgr \"><div class=\"text_box_content with_button\"><h2>Cl\u00ednica especialista en reproducci\u00f3n asistida<\/h2>\r\n\t\t\t\t\t<p>Para cualquier duda o informaci\u00f3n sobre Fertility Benidorm, contacta con nosotros. Estaremos encantados de poder ayudarte.<\/p>\r\n\t\t\t\t<\/div><div class=\"btn_holder\"><a\thref=\"https:\/\/fertilitybenidorm.com\/contacto\/\" \r\n\t\t\t\t\tclass=\"button  btn_medium_stretched btn_white btn_rounded btn_outline icon_pos_after \"  target='_self'><span>Contacto<\/span> <i class='icon icon icon-angle-right2'><\/i> <\/a><\/div><\/div>[\/vc_column][\/vc_row]<\/p>\n<\/div>","protected":false},"excerpt":{"rendered":"<p>[vc_row][vc_column][\/vc_column][\/vc_row][vc_row css=&#8221;.vc_custom_1573630556478{margin-bottom: 0px !important;border-bottom-width: 0px !important;padding-bottom: 0px !important;}&#8221;][vc_column][\/vc_column][\/vc_row][vc_row css=&#8221;.vc_custom_1581149263371{margin-top: 0px !important;margin-bottom: 0px !important;border-top-width: 0px !important;border-bottom-width: 0px !important;padding-top: 0px !important;padding-bottom: 0px !important;}&#8221;][vc_column width=&#8221;1\/2&#8243; css=&#8221;.vc_custom_1427377437484{padding-top: 60px !important;padding-bottom: 0px !important;}&#8221;][vc_single_image img_size=&#8221;boc_medium&#8221; image=&#8221;24403&#8243;][\/vc_column][vc_column width=&#8221;1\/2&#8243; css=&#8221;.vc_custom_1576510090991{padding-top: 60px !important;padding-right: 20px !important;padding-bottom: 80px !important;padding-left: 40px !important;}&#8221;][vc_column_text] La Selezione di cellule attivate magneticamente o MACS -Magnetic Activated Cell Sorting- \u00e8 una tecnica con la quale gli spermatozoi possono<\/p>\n<div class=\"h10\"><\/div>\n<p><a class=\"more-link2 flat\" href=\"https:\/\/fertilitybenidorm.com\/it\/macs\/\">Read more<\/a><\/p>\n","protected":false},"author":7,"featured_media":0,"parent":0,"menu_order":0,"comment_status":"open","ping_status":"closed","template":"","meta":{"_joinchat":[],"footnotes":""},"class_list":["post-39393","page","type-page","status-publish","hentry"],"_links":{"self":[{"href":"https:\/\/fertilitybenidorm.com\/it\/wp-json\/wp\/v2\/pages\/39393","targetHints":{"allow":["GET"]}}],"collection":[{"href":"https:\/\/fertilitybenidorm.com\/it\/wp-json\/wp\/v2\/pages"}],"about":[{"href":"https:\/\/fertilitybenidorm.com\/it\/wp-json\/wp\/v2\/types\/page"}],"author":[{"embeddable":true,"href":"https:\/\/fertilitybenidorm.com\/it\/wp-json\/wp\/v2\/users\/7"}],"replies":[{"embeddable":true,"href":"https:\/\/fertilitybenidorm.com\/it\/wp-json\/wp\/v2\/comments?post=39393"}],"version-history":[{"count":2,"href":"https:\/\/fertilitybenidorm.com\/it\/wp-json\/wp\/v2\/pages\/39393\/revisions"}],"predecessor-version":[{"id":39415,"href":"https:\/\/fertilitybenidorm.com\/it\/wp-json\/wp\/v2\/pages\/39393\/revisions\/39415"}],"wp:attachment":[{"href":"https:\/\/fertilitybenidorm.com\/it\/wp-json\/wp\/v2\/media?parent=39393"}],"curies":[{"name":"wp","href":"https:\/\/api.w.org\/{rel}","templated":true}]}}