{"id":39391,"date":"2019-11-13T12:13:19","date_gmt":"2019-11-13T11:13:19","guid":{"rendered":"https:\/\/fertilitybenidorm.com\/cultivo-de-blastocitos\/"},"modified":"2023-05-01T20:41:43","modified_gmt":"2023-05-01T18:41:43","slug":"cultivo-de-blastocitos","status":"publish","type":"page","link":"https:\/\/fertilitybenidorm.com\/it\/cultivo-de-blastocitos\/","title":{"rendered":"La coltura del blasto"},"content":{"rendered":"<div class=\"wpb-content-wrapper\"><p>[vc_row][vc_column]<div class=\"boc_spacing \" style=\"height: 40px\"><\/div>[\/vc_column][\/vc_row][vc_row css=&#8221;.vc_custom_1573630556478{margin-bottom: 0px !important;border-bottom-width: 0px !important;padding-bottom: 0px !important;}&#8221;][vc_column]<h3 class=\"boc_heading  center  \"  style=\"margin-bottom: 20px;margin-top: 0px;color: #333333;font-size: 40px;\"><span>La coltura <strong>del blasto<\/strong> <\/span><\/h3>[\/vc_column][\/vc_row][vc_row css=&#8221;.vc_custom_1573630561747{margin-top: 0px !important;margin-bottom: 0px !important;border-top-width: 0px !important;padding-top: 0px !important;}&#8221;][vc_column width=&#8221;1\/2&#8243; css=&#8221;.vc_custom_1576508983907{padding-top: 80px !important;padding-bottom: 0px !important;}&#8221;][vc_single_image img_size=&#8221;boc_medium&#8221; image=&#8221;23981&#8243;][\/vc_column][vc_column width=&#8221;1\/2&#8243; css=&#8221;.vc_custom_1576508520996{padding-top: 60px !important;padding-right: 20px !important;padding-bottom: 80px !important;padding-left: 40px !important;}&#8221;]<h3 class=\"boc_heading  al_left  boc_subheading \"  style=\"margin-bottom: 20px;margin-top: 0px;color: #adadad;font-size: 19px;\"><span>Processo di coltura prolungato a blastocisti<\/span><\/h3><div class=\"boc_divider_holder\"><div class=\"boc_divider  \"  style=\"margin-top: 22px;margin-bottom: 22px;width: 100px;height: 1px;background: #eeeeee;\"><\/div><\/div>[vc_column_text]La <strong>coltura di blastocisti <\/strong>o coltura lunga di embrioni consiste nel conservare gli embrioni ottenuti dopo la fecondazione in vitro pi\u00f9 a lungo del solito, solitamente fino a cinque o sei giorni.<\/p>\n<p>Questi embrioni vengono posti in incubatrici o stufe, permettendo a quelli con la maggiore capacit\u00e0 di sviluppo di seguire la loro evoluzione fino allo stadio di blastocisti.<\/p>\n<p>I vantaggi di questa procedura sono: migliore selezione degli embrioni e migliore capacit\u00e0 di impianto. Con questi miglioramenti, le possibilit\u00e0 di gravidanza aumentano.<\/p>\n<p>Questa tecnica \u00e8 consigliata in quei casi in cui sono stati effettuati diversi trasferimenti di embrioni di buona qualit\u00e0 e la gravidanza non \u00e8 stata raggiunta o in quelle coppie che non desiderano avere una gravidanza multipla, per motivi medici o familiari.[\/vc_column_text][\/vc_column][\/vc_row][vc_row full_width=&#8221;stretch_row&#8221; bg_type=&#8221;bg_color&#8221; enable_overlay=&#8221;enable_overlay_value&#8221; el_class=&#8221;white_text&#8221; css=&#8221;.vc_custom_1576508594028{margin-top: 0px !important;margin-bottom: 0px !important;border-top-width: 0px !important;padding-top: 20px !important;padding-bottom: 24px !important;}&#8221; bg_color_value=&#8221;#1fc7d6&#8243;][vc_column]<div class=\"text_box  box_no_bgr \"><div class=\"text_box_content with_button\"><h2>Cl\u00ednica especialista en reproducci\u00f3n asistida<\/h2>\r\n\t\t\t\t\t<p>Para cualquier duda o informaci\u00f3n sobre Fertility Benidorm, contacta con nosotros. Estaremos encantados de poder ayudarte.<\/p>\r\n\t\t\t\t<\/div><div class=\"btn_holder\"><a\thref=\"https:\/\/fertilitybenidorm.com\/contacto\/\" \r\n\t\t\t\t\tclass=\"button  btn_medium_stretched btn_white btn_rounded btn_outline icon_pos_after \"  target='_self'><span>Contacto<\/span> <i class='icon icon icon-angle-right2'><\/i> <\/a><\/div><\/div>[\/vc_column][\/vc_row]<\/p>\n<\/div>","protected":false},"excerpt":{"rendered":"<p>[vc_row][vc_column][\/vc_column][\/vc_row][vc_row css=&#8221;.vc_custom_1573630556478{margin-bottom: 0px !important;border-bottom-width: 0px !important;padding-bottom: 0px !important;}&#8221;][vc_column][\/vc_column][\/vc_row][vc_row css=&#8221;.vc_custom_1573630561747{margin-top: 0px !important;margin-bottom: 0px !important;border-top-width: 0px !important;padding-top: 0px !important;}&#8221;][vc_column width=&#8221;1\/2&#8243; css=&#8221;.vc_custom_1576508983907{padding-top: 80px !important;padding-bottom: 0px !important;}&#8221;][vc_single_image img_size=&#8221;boc_medium&#8221; image=&#8221;23981&#8243;][\/vc_column][vc_column width=&#8221;1\/2&#8243; css=&#8221;.vc_custom_1576508520996{padding-top: 60px !important;padding-right: 20px !important;padding-bottom: 80px !important;padding-left: 40px !important;}&#8221;][vc_column_text]La coltura di blastocisti o coltura lunga di embrioni consiste nel conservare gli embrioni ottenuti dopo la fecondazione in vitro pi\u00f9 a lungo del solito, solitamente<\/p>\n<div class=\"h10\"><\/div>\n<p><a class=\"more-link2 flat\" href=\"https:\/\/fertilitybenidorm.com\/it\/cultivo-de-blastocitos\/\">Read more<\/a><\/p>\n","protected":false},"author":7,"featured_media":0,"parent":0,"menu_order":0,"comment_status":"open","ping_status":"closed","template":"","meta":{"_joinchat":[],"footnotes":""},"class_list":["post-39391","page","type-page","status-publish","hentry"],"_links":{"self":[{"href":"https:\/\/fertilitybenidorm.com\/it\/wp-json\/wp\/v2\/pages\/39391","targetHints":{"allow":["GET"]}}],"collection":[{"href":"https:\/\/fertilitybenidorm.com\/it\/wp-json\/wp\/v2\/pages"}],"about":[{"href":"https:\/\/fertilitybenidorm.com\/it\/wp-json\/wp\/v2\/types\/page"}],"author":[{"embeddable":true,"href":"https:\/\/fertilitybenidorm.com\/it\/wp-json\/wp\/v2\/users\/7"}],"replies":[{"embeddable":true,"href":"https:\/\/fertilitybenidorm.com\/it\/wp-json\/wp\/v2\/comments?post=39391"}],"version-history":[{"count":2,"href":"https:\/\/fertilitybenidorm.com\/it\/wp-json\/wp\/v2\/pages\/39391\/revisions"}],"predecessor-version":[{"id":39413,"href":"https:\/\/fertilitybenidorm.com\/it\/wp-json\/wp\/v2\/pages\/39391\/revisions\/39413"}],"wp:attachment":[{"href":"https:\/\/fertilitybenidorm.com\/it\/wp-json\/wp\/v2\/media?parent=39391"}],"curies":[{"name":"wp","href":"https:\/\/api.w.org\/{rel}","templated":true}]}}