{"id":39387,"date":"2019-11-14T09:30:36","date_gmt":"2019-11-14T08:30:36","guid":{"rendered":"https:\/\/fertilitybenidorm.com\/coito-dirigido\/"},"modified":"2023-05-01T19:15:53","modified_gmt":"2023-05-01T17:15:53","slug":"coito-dirigido","status":"publish","type":"page","link":"https:\/\/fertilitybenidorm.com\/it\/coito-dirigido\/","title":{"rendered":"Coito Diretto"},"content":{"rendered":"<div class=\"wpb-content-wrapper\"><p>[vc_row][vc_column]<div class=\"boc_spacing \" style=\"height: 40px\"><\/div>[\/vc_column][\/vc_row][vc_row css=&#8221;.vc_custom_1573630556478{margin-bottom: 0px !important;border-bottom-width: 0px !important;padding-bottom: 0px !important;}&#8221;][vc_column]<h3 class=\"boc_heading  center  \"  style=\"margin-bottom: 20px;margin-top: 0px;color: #333333;font-size: 40px;\"><span>Coito <strong>Diretto<\/strong> <\/span><\/h3>[\/vc_column][\/vc_row][vc_row css=&#8221;.vc_custom_1576427135864{margin-top: 0px !important;margin-bottom: 20px !important;border-top-width: 0px !important;padding-top: 0px !important;}&#8221;][vc_column width=&#8221;1\/2&#8243; css=&#8221;.vc_custom_1427377437484{padding-top: 60px !important;padding-bottom: 0px !important;}&#8221;][vc_single_image img_size=&#8221;boc_medium&#8221; image=&#8221;24377&#8243;][\/vc_column][vc_column width=&#8221;1\/2&#8243; css=&#8221;.vc_custom_1576426383418{padding-top: 60px !important;padding-right: 20px !important;padding-bottom: 80px !important;padding-left: 40px !important;}&#8221;]<h1 class=\"boc_heading no_text_transform letter_spacing_negative al_left  \"  style=\"margin-bottom: 8px;margin-top: 0px;color: #333333;font-size: 33px;\"><span>Indichiamo <strong class=\"typewriter\">il momento pi\u00f9 efficace per la gravidanza <\/strong><\/span><\/h1><h3 class=\"boc_heading  al_left  boc_subheading \"  style=\"margin-bottom: 20px;margin-top: 0px;color: #adadad;font-size: 19px;\"><span>Tecnica pi\u00f9 naturale e minimamente invasiva<\/span><\/h3><div class=\"boc_divider_holder\"><div class=\"boc_divider  \"  style=\"margin-top: 22px;margin-bottom: 22px;width: 100px;height: 1px;background: #eeeeee;\"><\/div><\/div>[vc_column_text]<\/p>\n<p style=\"background: white; vertical-align: baseline;\"><span lang=\"it\" style=\"font-size: 10.5pt; font-family: 'Arial',sans-serif; color: #444444;\">Questo metodo consiste nel programmare l&#8217;ovulazione della donna facendola coincidere con il rapporto sessuale. Cio\u00e8 avere rapporti sessuali nei giorni fertili della donna.<\/span><\/p>\n<p style=\"margin: 0cm; background: white; vertical-align: baseline;\"><span lang=\"it\" style=\"font-size: 10.5pt; font-family: 'Arial',sans-serif; color: #444444;\">Il coito diretto \u00e8 indicato nelle coppie di et\u00e0 inferiore a 36 anni senza apparenti motivi di sterilit\u00e0, che hanno una buona prognosi riproduttiva. \u00c8 anche un&#8217;alternativa per quelle coppie che per motivi etici o culturali non vogliono effettuare un altro trattamento di riproduzione assistita.<\/span><\/p>\n<p>[\/vc_column_text][\/vc_column][\/vc_row][vc_row full_width=&#8221;stretch_row&#8221; css=&#8221;.vc_custom_1576427116947{margin-bottom: 0px !important;border-bottom-width: 0px !important;padding-top: 25px !important;padding-bottom: 0px !important;background-color: #f9f9f9 !important;}&#8221;][vc_column width=&#8221;1\/3&#8243;]<div class=\"boc_spacing \" style=\"height: 30px\"><\/div><h3 class=\"boc_heading  al_left  \"  style=\"margin-bottom: 0px;margin-top: 24px;color: #333333;font-size: 38px;\"><span>\u00bfcome viene eseguita <strong class=\"text_rotate\">tecnica del coito diretto <\/strong>?<\/span><\/h3><div class=\"boc_divider_holder\"><div class=\"boc_divider  \"  style=\"margin-top: 24px;margin-bottom: 24px;width: 100px;height: 2px;background: #f4f4f4;\"><\/div><\/div>[\/vc_column][vc_column width=&#8221;1\/3&#8243;]<div class=\"boc_spacing \" style=\"height: 30px\"><\/div>[vc_column_text]<strong>Metodo naturale<\/strong>. Viene effettuato un controllo che combina l&#8217;ecografia, per conoscere la maturazione dei follicoli in quel ciclo, e un esame delle urine, per conoscere i livelli di lutropina presenti nell&#8217;organismo della donna. Questo segnala l&#8217;inizio dell&#8217;ovulazione e segna i due giorni per i rapporti che hanno maggiori probabilit\u00e0 di provocare una gravidanza.[\/vc_column_text]<div class=\"boc_spacing \" style=\"height: 30px\"><\/div>[\/vc_column][vc_column width=&#8221;1\/3&#8243;]<div class=\"boc_spacing \" style=\"height: 30px\"><\/div>[vc_column_text]<strong>Stimolazione ovarica controllata<\/strong>, con farmaci orali o iniettabili per stimolare le ovaie e favorire cos\u00ec lo sviluppo e la maturazione dei follicoli. Una volta raggiunta l&#8217;ovulazione, i due giorni successivi sono la chiave per avere rapporti sessuali. Durante questo processo, viene eseguito un follow-up con ecografie e analisi del sangue.[\/vc_column_text]<div class=\"boc_spacing \" style=\"height: 40px\"><\/div>[\/vc_column][\/vc_row][vc_row full_width=&#8221;stretch_row&#8221; bg_type=&#8221;bg_color&#8221; enable_overlay=&#8221;enable_overlay_value&#8221; el_class=&#8221;white_text&#8221; css=&#8221;.vc_custom_1574416404129{margin-top: 0px !important;margin-bottom: 0px !important;border-top-width: 0px !important;padding-top: 20px !important;padding-bottom: 24px !important;}&#8221; bg_color_value=&#8221;#24d8e5&#8243;][vc_column]<div class=\"text_box  box_no_bgr \"><div class=\"text_box_content with_button\"><h2>Cl\u00ednica especialista en reproducci\u00f3n asistida<\/h2>\r\n\t\t\t\t\t<p>Para cualquier duda o informaci\u00f3n sobre Fertility Benidorm, contacta con nosotros. Estaremos encantados de poder ayudarte.<\/p>\r\n\t\t\t\t<\/div><div class=\"btn_holder\"><a\thref=\"https:\/\/fertilitybenidorm.com\/contacto\/\" \r\n\t\t\t\t\tclass=\"button  btn_medium_stretched btn_white btn_rounded btn_outline icon_pos_after \"  target='_self'><span>Contacto<\/span> <i class='icon icon icon-angle-right2'><\/i> <\/a><\/div><\/div>[\/vc_column][\/vc_row]<\/p>\n<\/div>","protected":false},"excerpt":{"rendered":"<p>[vc_row][vc_column][\/vc_column][\/vc_row][vc_row css=&#8221;.vc_custom_1573630556478{margin-bottom: 0px !important;border-bottom-width: 0px !important;padding-bottom: 0px !important;}&#8221;][vc_column][\/vc_column][\/vc_row][vc_row css=&#8221;.vc_custom_1576427135864{margin-top: 0px !important;margin-bottom: 20px !important;border-top-width: 0px !important;padding-top: 0px !important;}&#8221;][vc_column width=&#8221;1\/2&#8243; css=&#8221;.vc_custom_1427377437484{padding-top: 60px !important;padding-bottom: 0px !important;}&#8221;][vc_single_image img_size=&#8221;boc_medium&#8221; image=&#8221;24377&#8243;][\/vc_column][vc_column width=&#8221;1\/2&#8243; css=&#8221;.vc_custom_1576426383418{padding-top: 60px !important;padding-right: 20px !important;padding-bottom: 80px !important;padding-left: 40px !important;}&#8221;][vc_column_text] Questo metodo consiste nel programmare l&#8217;ovulazione della donna facendola coincidere con il rapporto sessuale. Cio\u00e8 avere rapporti sessuali nei giorni fertili della donna. Il coito<\/p>\n<div class=\"h10\"><\/div>\n<p><a class=\"more-link2 flat\" href=\"https:\/\/fertilitybenidorm.com\/it\/coito-dirigido\/\">Read more<\/a><\/p>\n","protected":false},"author":7,"featured_media":0,"parent":0,"menu_order":0,"comment_status":"open","ping_status":"closed","template":"","meta":{"_joinchat":[],"footnotes":""},"class_list":["post-39387","page","type-page","status-publish","hentry"],"_links":{"self":[{"href":"https:\/\/fertilitybenidorm.com\/it\/wp-json\/wp\/v2\/pages\/39387","targetHints":{"allow":["GET"]}}],"collection":[{"href":"https:\/\/fertilitybenidorm.com\/it\/wp-json\/wp\/v2\/pages"}],"about":[{"href":"https:\/\/fertilitybenidorm.com\/it\/wp-json\/wp\/v2\/types\/page"}],"author":[{"embeddable":true,"href":"https:\/\/fertilitybenidorm.com\/it\/wp-json\/wp\/v2\/users\/7"}],"replies":[{"embeddable":true,"href":"https:\/\/fertilitybenidorm.com\/it\/wp-json\/wp\/v2\/comments?post=39387"}],"version-history":[{"count":2,"href":"https:\/\/fertilitybenidorm.com\/it\/wp-json\/wp\/v2\/pages\/39387\/revisions"}],"predecessor-version":[{"id":39409,"href":"https:\/\/fertilitybenidorm.com\/it\/wp-json\/wp\/v2\/pages\/39387\/revisions\/39409"}],"wp:attachment":[{"href":"https:\/\/fertilitybenidorm.com\/it\/wp-json\/wp\/v2\/media?parent=39387"}],"curies":[{"name":"wp","href":"https:\/\/api.w.org\/{rel}","templated":true}]}}