{"id":39385,"date":"2019-11-14T09:29:56","date_gmt":"2019-11-14T08:29:56","guid":{"rendered":"https:\/\/fertilitybenidorm.com\/inseminacion-artificial\/"},"modified":"2023-05-01T19:06:53","modified_gmt":"2023-05-01T17:06:53","slug":"inseminacion-artificial","status":"publish","type":"page","link":"https:\/\/fertilitybenidorm.com\/it\/inseminacion-artificial\/","title":{"rendered":"Inseminazione Artificiale  (IAC \/ IAD)"},"content":{"rendered":"<div class=\"wpb-content-wrapper\"><p>[vc_row][vc_column]<div class=\"boc_spacing \" style=\"height: 40px\"><\/div>[\/vc_column][\/vc_row][vc_row css=&#8221;.vc_custom_1573630556478{margin-bottom: 0px !important;border-bottom-width: 0px !important;padding-bottom: 0px !important;}&#8221;][vc_column]<h3 class=\"boc_heading  center  \"  style=\"margin-bottom: 20px;margin-top: 0px;color: #333333;font-size: 40px;\"><span>Inseminazione <strong>Artificiale (IAC \/ IAD)<\/strong> <\/span><\/h3>[\/vc_column][\/vc_row][vc_row css=&#8221;.vc_custom_1573630561747{margin-top: 0px !important;margin-bottom: 0px !important;border-top-width: 0px !important;padding-top: 0px !important;}&#8221;][vc_column width=&#8221;1\/2&#8243; css=&#8221;.vc_custom_1576424758247{padding-top: 70px !important;padding-bottom: 0px !important;}&#8221;][vc_video link=&#8221;https:\/\/www.youtube.com\/watch?v=LwqCclh3hlo&#8221;][\/vc_column][vc_column width=&#8221;1\/2&#8243; css=&#8221;.vc_custom_1576424013251{padding-top: 60px !important;padding-right: 20px !important;padding-bottom: 80px !important;padding-left: 40px !important;}&#8221;]<h3 class=\"boc_heading  al_left  boc_subheading \"  style=\"margin-bottom: 20px;margin-top: 0px;color: #adadad;font-size: 19px;\"><span>Trattamento semplice, con pochi effetti collaterali e ottimi risultati<\/span><\/h3><div class=\"boc_divider_holder\"><div class=\"boc_divider  \"  style=\"margin-top: 22px;margin-bottom: 22px;width: 100px;height: 1px;background: #eeeeee;\"><\/div><\/div>[vc_column_text]<strong>L&#8217;inseminazione<\/strong> artificiale \u00e8 una tecnica di riproduzione assistita che viene effettuata quando una coppia non \u00e8 in grado di avere figli naturalmente a causa di problemi di fertilit\u00e0. \u00c8 un trattamento semplice, con pochi effetti collaterali e ottimi risultati in gravidanza.<\/p>\n<p>Questa tecnica consiste nel depositare nell&#8217;utero gli spermatozoi precedentemente selezionati al momento dell&#8217;ovulazione. Questo seme pu\u00f2 provenire dalla coppia, Inseminazione artificiale con seme del coniuge (IAC), o da un donatore, Inseminazione artificiale con seme di donatore (IAD).<\/p>\n<p>Sia IAC che IAD vengono eseguiti, in pochi minuti, attraverso la cervice nella consultazione stessa, utilizzando una cannula molto sottile.[\/vc_column_text][\/vc_column][\/vc_row][vc_row enable_overlay=&#8221;off&#8221; el_class=&#8221;no_text_transform&#8221; css=&#8221;.vc_custom_1574416552770{margin-top: 0px !important;margin-bottom: 30px !important;border-top-width: 0px !important;border-bottom-width: 30px !important;padding-top: 0px !important;padding-bottom: 30px !important;}&#8221;][vc_column width=&#8221;1\/2&#8243; css=&#8221;.vc_custom_1437475311042{padding-right: 30px !important;padding-bottom: 30px !important;}&#8221; el_class=&#8221;no_side_padding_in_responsive_column&#8221;]<h3 class=\"boc_heading  al_left  bgr_multidotted  \"  style=\"margin-bottom: 50px;margin-top: 20px;color: #333333;\"><span>Fasi del trattamento <strong>con l&#8217;inseminazione artificiale (IA)<\/strong><\/span><\/h3>[vc_column_text]<strong>Stimolazione ovarica:<\/strong> vengono somministrate basse dosi di ormoni per stimolare leggermente la produzione ovarica e vengono effettuati controlli periodici per valutare lo sviluppo follicolare.<\/p>\n<p><strong>Induzione dell&#8217;ovulazione: <\/strong>quando un controllo mostra che uno o due follicoli hanno uno sviluppo ottimale (18 mm di diametro), si innesca l&#8217;ovulazione, generalmente con l&#8217;ormone hCG, e si programma l&#8217;inseminazione.<\/p>\n<p><strong>Capacitazione seminale:<\/strong> \u00e8 il processo di preparazione del campione seminale in modo che sia concentrato in spermatozoi mobili e non contenga altri tipi di cellule o plasma seminale.<\/p>\n<p><strong>Inseminazione artificiale<\/strong>: al momento dell&#8217;ovulazione, un piccolo campione di seme (normalmente 0,5 ml) viene depositato nell&#8217;utero della donna attraverso una cannula. L&#8217;anestesia non \u00e8 richiesta.<\/p>\n<p><strong>Supporto della fase luteale<\/strong>, il progesterone viene somministrato per via orale o vaginale per facilitare l&#8217;impianto dell&#8217;embrione nell&#8217;endometrio e, quindi, il raggiungimento della gravidanza.[\/vc_column_text][\/vc_column][vc_column width=&#8221;1\/2&#8243;]<div class=\"boc_spacing \" style=\"height: 50px\"><\/div>[vc_single_image alignment=&#8221;center&#8221; onclick=&#8221;link_image&#8221; image=&#8221;25223&#8243;][\/vc_column][\/vc_row][vc_row enable_overlay=&#8221;off&#8221; el_class=&#8221;no_text_transform&#8221; css=&#8221;.vc_custom_1574416552770{margin-top: 0px !important;margin-bottom: 30px !important;border-top-width: 0px !important;border-bottom-width: 30px !important;padding-top: 0px !important;padding-bottom: 30px !important;}&#8221;][vc_column width=&#8221;1\/2&#8243; css=&#8221;.vc_custom_1437475311042{padding-right: 30px !important;padding-bottom: 30px !important;}&#8221; el_class=&#8221;no_side_padding_in_responsive_column&#8221;]<h3 class=\"boc_heading  al_left  bgr_multidotted  \"  style=\"margin-bottom: 50px;margin-top: 20px;color: #333333;\"><span>Tipi di <strong>inseminazione artificiale<\/strong><\/span><\/h3><div class=\"boc_spacing \" style=\"height: 20px\"><\/div>[vc_single_image alignment=&#8221;center&#8221; onclick=&#8221;link_image&#8221; image=&#8221;25117&#8243;]<div class=\"boc_spacing \" style=\"height: 20px\"><\/div>[\/vc_column][vc_column width=&#8221;1\/2&#8243;]<h3 class=\"boc_heading  al_left  \"  style=\"margin-bottom: 50px;margin-top: 20px;color: #333333;\"><span>Inseminazione artificiale <strong>con seme del coniuge (IAC)<\/strong><\/span><\/h3>[vc_column_text]La IAC si effettua quando il seme della coppia \u00e8 buono per la procreazione, ma c&#8217;\u00e8 qualche disagio fisiologico della donna o dell&#8217;uomo che rende impossibile la gravidanza da coito.<\/p>\n<p>Pertanto, la coppia pu\u00f2 presentare problemi come complicanze per il deposito di seme nella vagina; sterilit\u00e0 di origine cervicale, dovuta a cause genetiche, derivate da disfunzioni ovulatorie o senza causa apparente; o anomalie del seminogramma.<\/p>\n<p>Fasi dell&#8217;inseminazione artificiale:<\/p>\n<p>\u2013 Stimolazione ovarica.<\/p>\n<p>\u2013 Inseminazione.<\/p>\n<p>\u2013 Preparazione del seme, del partner o del donatore.<\/p>\n<p>\u2013 Fecondazione e trattamento con progesterone nei giorni successivi.<\/p>\n<p>\u2013 Test di gravidanza, a 14 giorni.[\/vc_column_text][\/vc_column][\/vc_row][vc_row enable_overlay=&#8221;off&#8221; el_class=&#8221;no_text_transform&#8221; css=&#8221;.vc_custom_1574416552770{margin-top: 0px !important;margin-bottom: 30px !important;border-top-width: 0px !important;border-bottom-width: 30px !important;padding-top: 0px !important;padding-bottom: 30px !important;}&#8221;][vc_column width=&#8221;1\/2&#8243; css=&#8221;.vc_custom_1437475311042{padding-right: 30px !important;padding-bottom: 30px !important;}&#8221; el_class=&#8221;no_side_padding_in_responsive_column&#8221;]<h3 class=\"boc_heading  al_left  \"  style=\"margin-bottom: 50px;margin-top: 20px;color: #333333;\"><span>Inseminazione artificiale <strong>con seme di donatore (IAD)<\/strong><\/span><\/h3>[vc_column_text]Viene eseguita nei casi di infertilit\u00e0 maschile, incompatibilit\u00e0 Rh o trasmissione di malattie ereditarie. Pertanto, i principali beneficiari della IAD sono i matrimoni sterili, le coppie dello stesso sesso e le madri single.<\/p>\n<p>Il processo di inseminazione artificiale con seme di donatore \u00e8 lo stesso di quello dell&#8217;IAC. Gli spermatozoi della massima qualit\u00e0 e pi\u00f9 mobili vengono utilizzati in modo che possano fecondare l&#8217;ovulo.<\/p>\n<p>I donatori di sperma provengono dalla nostra banca del seme. Questi donatori sono rigorosamente selezionati e tutti i campioni di seme vengono sottoposti a severi controlli di qualit\u00e0.<\/p>\n<p>In Spagna, il donatore di sperma \u00e8 totalmente anonimo. N\u00e9 il paziente n\u00e9 il donatore possono conoscere l&#8217;identit\u00e0 dell&#8217;altro.[\/vc_column_text][\/vc_column][vc_column width=&#8221;1\/2&#8243; css=&#8221;.vc_custom_1437475316300{padding-right: 20px !important;padding-bottom: 30px !important;padding-left: 60px !important;}&#8221; el_class=&#8221;no_side_padding_in_responsive_column&#8221;]<h3 class=\"boc_heading  al_left  bgr_multidotted  \"  style=\"margin-bottom: 50px;margin-top: 20px;color: #333333;\"><span>Indicazioni <strong>dell&#8217;inseminazione artificiale con seme del donatore<\/strong><\/span><\/h3>[vc_column_text]Sebbene l&#8217;inseminazione artificiale con il seme del futuro padre sia generalmente tentata per prima, ci sono momenti in cui non \u00e8 possibile ed \u00e8 necessario ricorrere allo sperma di un donatore:<\/p>\n<ul>\n<li>Infertilit\u00e0 maschile<\/li>\n<li>Malattie genetiche dell&#8217;uomo la cui trasmissione alla prole non pu\u00f2 essere evitata dalla diagnosi genetica preimpianto (PGD)<\/li>\n<li>Malattie sessualmente trasmissibili nel maschio: se dopo diversi lavaggi non si pu\u00f2 garantire che non ci sia virus nel seme, cio\u00e8 c&#8217;\u00e8 il rischio di infettare il partner.<\/li>\n<li>Matrimoni sterili, coppie dello stesso sesso e madri single.<\/li>\n<\/ul>\n<p>[\/vc_column_text][vc_single_image alignment=&#8221;center&#8221; onclick=&#8221;link_image&#8221; image=&#8221;25118&#8243;][\/vc_column][\/vc_row][vc_row full_width=&#8221;stretch_row&#8221; bg_type=&#8221;bg_color&#8221; enable_overlay=&#8221;enable_overlay_value&#8221; el_class=&#8221;white_text&#8221; css=&#8221;.vc_custom_1604399402914{margin-top: 0px !important;margin-bottom: 0px !important;border-top-width: 0px !important;padding-top: 20px !important;padding-bottom: 24px !important;}&#8221; bg_color_value=&#8221;#fe9dc4&#8243;][vc_column]<div class=\"text_box  box_no_bgr \"><div class=\"text_box_content with_button\"><h2>\u00bfQuieres m\u00e1s informaci\u00f3n sobre nuestro tratamiento de inseminaci\u00f3n artificial (iac \/ iad)?<\/h2>\r\n\t\t\t\t\t<p>Para cualquier duda o informaci\u00f3n sobre Fertility Benidorm, contacta con nosotros. Estaremos encantados de poder ayudarte.<\/p>\r\n\t\t\t\t<\/div><div class=\"btn_holder\"><a\thref=\"https:\/\/fertilitybenidorm.com\/contacto\/\" \r\n\t\t\t\t\tclass=\"button  btn_medium_stretched btn_white btn_rounded btn_outline icon_pos_after \"  target='_self'><span>Quiero saber m\u00e1s<\/span> <i class='icon icon icon-angle-right2'><\/i> <\/a><\/div><\/div>[\/vc_column][\/vc_row]<\/p>\n<\/div>","protected":false},"excerpt":{"rendered":"<p>[vc_row][vc_column][\/vc_column][\/vc_row][vc_row css=&#8221;.vc_custom_1573630556478{margin-bottom: 0px !important;border-bottom-width: 0px !important;padding-bottom: 0px !important;}&#8221;][vc_column][\/vc_column][\/vc_row][vc_row css=&#8221;.vc_custom_1573630561747{margin-top: 0px !important;margin-bottom: 0px !important;border-top-width: 0px !important;padding-top: 0px !important;}&#8221;][vc_column width=&#8221;1\/2&#8243; css=&#8221;.vc_custom_1576424758247{padding-top: 70px !important;padding-bottom: 0px !important;}&#8221;][vc_video link=&#8221;https:\/\/www.youtube.com\/watch?v=LwqCclh3hlo&#8221;][\/vc_column][vc_column width=&#8221;1\/2&#8243; css=&#8221;.vc_custom_1576424013251{padding-top: 60px !important;padding-right: 20px !important;padding-bottom: 80px !important;padding-left: 40px !important;}&#8221;][vc_column_text]L&#8217;inseminazione artificiale \u00e8 una tecnica di riproduzione assistita che viene effettuata quando una coppia non \u00e8 in grado di avere figli naturalmente a causa di problemi di<\/p>\n<div class=\"h10\"><\/div>\n<p><a class=\"more-link2 flat\" href=\"https:\/\/fertilitybenidorm.com\/it\/inseminacion-artificial\/\">Read more<\/a><\/p>\n","protected":false},"author":7,"featured_media":0,"parent":0,"menu_order":0,"comment_status":"open","ping_status":"closed","template":"","meta":{"_joinchat":[],"footnotes":""},"class_list":["post-39385","page","type-page","status-publish","hentry"],"_links":{"self":[{"href":"https:\/\/fertilitybenidorm.com\/it\/wp-json\/wp\/v2\/pages\/39385","targetHints":{"allow":["GET"]}}],"collection":[{"href":"https:\/\/fertilitybenidorm.com\/it\/wp-json\/wp\/v2\/pages"}],"about":[{"href":"https:\/\/fertilitybenidorm.com\/it\/wp-json\/wp\/v2\/types\/page"}],"author":[{"embeddable":true,"href":"https:\/\/fertilitybenidorm.com\/it\/wp-json\/wp\/v2\/users\/7"}],"replies":[{"embeddable":true,"href":"https:\/\/fertilitybenidorm.com\/it\/wp-json\/wp\/v2\/comments?post=39385"}],"version-history":[{"count":2,"href":"https:\/\/fertilitybenidorm.com\/it\/wp-json\/wp\/v2\/pages\/39385\/revisions"}],"predecessor-version":[{"id":39407,"href":"https:\/\/fertilitybenidorm.com\/it\/wp-json\/wp\/v2\/pages\/39385\/revisions\/39407"}],"wp:attachment":[{"href":"https:\/\/fertilitybenidorm.com\/it\/wp-json\/wp\/v2\/media?parent=39385"}],"curies":[{"name":"wp","href":"https:\/\/api.w.org\/{rel}","templated":true}]}}