{"id":39383,"date":"2019-11-14T09:28:48","date_gmt":"2019-11-14T08:28:48","guid":{"rendered":"https:\/\/fertilitybenidorm.com\/congelacion-de-semen\/"},"modified":"2023-05-01T18:58:59","modified_gmt":"2023-05-01T16:58:59","slug":"congelacion-de-semen","status":"publish","type":"page","link":"https:\/\/fertilitybenidorm.com\/it\/congelacion-de-semen\/","title":{"rendered":"Congelamento del seme"},"content":{"rendered":"<div class=\"wpb-content-wrapper\"><p>[vc_row][vc_column]<div class=\"boc_spacing \" style=\"height: 40px\"><\/div>[\/vc_column][\/vc_row][vc_row css=&#8221;.vc_custom_1573630556478{margin-bottom: 0px !important;border-bottom-width: 0px !important;padding-bottom: 0px !important;}&#8221;][vc_column]<h3 class=\"boc_heading  center  \"  style=\"margin-bottom: 20px;margin-top: 0px;color: #333333;font-size: 40px;\"><span>Congelamento <strong>del seme<\/strong> <\/span><\/h3>[\/vc_column][\/vc_row][vc_row css=&#8221;.vc_custom_1573630561747{margin-top: 0px !important;margin-bottom: 0px !important;border-top-width: 0px !important;padding-top: 0px !important;}&#8221;][vc_column width=&#8221;1\/2&#8243; css=&#8221;.vc_custom_1576409075481{padding-top: 80px !important;padding-bottom: 0px !important;}&#8221;][vc_single_image img_size=&#8221;boc_medium&#8221; image=&#8221;24354&#8243;][\/vc_column][vc_column width=&#8221;1\/2&#8243; css=&#8221;.vc_custom_1576408899173{padding-top: 60px !important;padding-right: 20px !important;padding-bottom: 80px !important;padding-left: 40px !important;}&#8221;]<h3 class=\"boc_heading  al_left  boc_subheading \"  style=\"margin-bottom: 20px;margin-top: 0px;color: #adadad;font-size: 19px;\"><span>Tecnica efficace per mantenere la fertilit\u00e0 maschile<\/span><\/h3><div class=\"boc_divider_holder\"><div class=\"boc_divider  \"  style=\"margin-top: 22px;margin-bottom: 22px;width: 100px;height: 1px;background: #eeeeee;\"><\/div><\/div>[vc_column_text]Il congelamento del seme \u00e8 una tecnica che permette di preservare la fertilit\u00e0 dell&#8217;uomo senza limiti di tempo.<br \/>\nCi sono molte ragioni per cui gli uomini possono avere problemi che influenzano la loro fertilit\u00e0. Pertanto, il congelamento viene eseguito su pazienti che verranno sottoposti a radioterapia o chemioterapia. Inoltre, nei pazienti che si sottoporranno a vasectomia, poich\u00e9 se in futuro decidessero di avere figli non sarebbe necessario eseguire una vasovasostomia &#8211; sostituzione dei dotti -.<br \/>\nIl campione di seme viene congelato in piccole pillole, il che consente di eseguire pi\u00f9 di un ciclo di riproduzione assistita con una piccola quantit\u00e0. \u00c8 importante sapere che sono necessarie diverse eiaculazioni per poter congelare dosi sufficienti.<br \/>\nI campioni di sperma debitamente identificati e congelati nella Banca del seme a -196 \u00baC, vengono conservati per un periodo di tempo indefinito. Il paziente pu\u00f2 richiederne l&#8217;uso ogni volta che lo desidera e ricorrere a tecniche di riproduzione assistita per essere padre.[\/vc_column_text][\/vc_column][\/vc_row][vc_row full_width=&#8221;stretch_row&#8221; bg_type=&#8221;bg_color&#8221; enable_overlay=&#8221;enable_overlay_value&#8221; el_class=&#8221;white_text&#8221; css=&#8221;.vc_custom_1576408925985{margin-top: 0px !important;margin-bottom: 0px !important;border-top-width: 0px !important;padding-top: 20px !important;padding-bottom: 24px !important;}&#8221; bg_color_value=&#8221;#1fc7d6&#8243;][vc_column]<div class=\"text_box  box_no_bgr \"><div class=\"text_box_content with_button\"><h2>Cl\u00ednica especialista en reproducci\u00f3n asistida<\/h2>\r\n\t\t\t\t\t<p>Para cualquier duda o informaci\u00f3n sobre Fertility Benidorm, contacta con nosotros. Estaremos encantados de poder ayudarte.<\/p>\r\n\t\t\t\t<\/div><div class=\"btn_holder\"><a\thref=\"https:\/\/fertilitybenidorm.com\/contacto\/\" \r\n\t\t\t\t\tclass=\"button  btn_medium_stretched btn_white btn_rounded btn_outline icon_pos_after \"  target='_self'><span>Contacto<\/span> <i class='icon icon icon-angle-right2'><\/i> <\/a><\/div><\/div>[\/vc_column][\/vc_row]<\/p>\n<\/div>","protected":false},"excerpt":{"rendered":"<p>[vc_row][vc_column][\/vc_column][\/vc_row][vc_row css=&#8221;.vc_custom_1573630556478{margin-bottom: 0px !important;border-bottom-width: 0px !important;padding-bottom: 0px !important;}&#8221;][vc_column][\/vc_column][\/vc_row][vc_row css=&#8221;.vc_custom_1573630561747{margin-top: 0px !important;margin-bottom: 0px !important;border-top-width: 0px !important;padding-top: 0px !important;}&#8221;][vc_column width=&#8221;1\/2&#8243; css=&#8221;.vc_custom_1576409075481{padding-top: 80px !important;padding-bottom: 0px !important;}&#8221;][vc_single_image img_size=&#8221;boc_medium&#8221; image=&#8221;24354&#8243;][\/vc_column][vc_column width=&#8221;1\/2&#8243; css=&#8221;.vc_custom_1576408899173{padding-top: 60px !important;padding-right: 20px !important;padding-bottom: 80px !important;padding-left: 40px !important;}&#8221;][vc_column_text]Il congelamento del seme \u00e8 una tecnica che permette di preservare la fertilit\u00e0 dell&#8217;uomo senza limiti di tempo. Ci sono molte ragioni per cui gli uomini<\/p>\n<div class=\"h10\"><\/div>\n<p><a class=\"more-link2 flat\" href=\"https:\/\/fertilitybenidorm.com\/it\/congelacion-de-semen\/\">Read more<\/a><\/p>\n","protected":false},"author":7,"featured_media":0,"parent":0,"menu_order":0,"comment_status":"open","ping_status":"closed","template":"","meta":{"_joinchat":[],"footnotes":""},"class_list":["post-39383","page","type-page","status-publish","hentry"],"_links":{"self":[{"href":"https:\/\/fertilitybenidorm.com\/it\/wp-json\/wp\/v2\/pages\/39383","targetHints":{"allow":["GET"]}}],"collection":[{"href":"https:\/\/fertilitybenidorm.com\/it\/wp-json\/wp\/v2\/pages"}],"about":[{"href":"https:\/\/fertilitybenidorm.com\/it\/wp-json\/wp\/v2\/types\/page"}],"author":[{"embeddable":true,"href":"https:\/\/fertilitybenidorm.com\/it\/wp-json\/wp\/v2\/users\/7"}],"replies":[{"embeddable":true,"href":"https:\/\/fertilitybenidorm.com\/it\/wp-json\/wp\/v2\/comments?post=39383"}],"version-history":[{"count":2,"href":"https:\/\/fertilitybenidorm.com\/it\/wp-json\/wp\/v2\/pages\/39383\/revisions"}],"predecessor-version":[{"id":39405,"href":"https:\/\/fertilitybenidorm.com\/it\/wp-json\/wp\/v2\/pages\/39383\/revisions\/39405"}],"wp:attachment":[{"href":"https:\/\/fertilitybenidorm.com\/it\/wp-json\/wp\/v2\/media?parent=39383"}],"curies":[{"name":"wp","href":"https:\/\/api.w.org\/{rel}","templated":true}]}}