{"id":39381,"date":"2019-11-14T09:28:02","date_gmt":"2019-11-14T08:28:02","guid":{"rendered":"https:\/\/fertilitybenidorm.com\/vitrificacion-de-ovulos\/"},"modified":"2023-05-01T18:55:23","modified_gmt":"2023-05-01T16:55:23","slug":"vitrificacion-de-ovulos","status":"publish","type":"page","link":"https:\/\/fertilitybenidorm.com\/it\/vitrificacion-de-ovulos\/","title":{"rendered":"Vitrificazione degli ovuli"},"content":{"rendered":"<div class=\"wpb-content-wrapper\"><p>[vc_row][vc_column]<div class=\"boc_spacing \" style=\"height: 40px\"><\/div>[\/vc_column][\/vc_row][vc_row css=&#8221;.vc_custom_1573630556478{margin-bottom: 0px !important;border-bottom-width: 0px !important;padding-bottom: 0px !important;}&#8221;][vc_column]<h3 class=\"boc_heading  center  \"  style=\"margin-bottom: 20px;margin-top: 0px;color: #333333;font-size: 40px;\"><span>Vitrificazione <strong>degli ovuli<\/strong> <\/span><\/h3>[\/vc_column][\/vc_row][vc_row css=&#8221;.vc_custom_1573630561747{margin-top: 0px !important;margin-bottom: 0px !important;border-top-width: 0px !important;padding-top: 0px !important;}&#8221;][vc_column width=&#8221;1\/2&#8243; css=&#8221;.vc_custom_1576405296799{padding-top: 65px !important;padding-bottom: 0px !important;}&#8221;][vc_single_image img_size=&#8221;boc_medium&#8221; image=&#8221;24345&#8243;][\/vc_column][vc_column width=&#8221;1\/2&#8243; css=&#8221;.vc_custom_1576405251996{padding-top: 60px !important;padding-right: 20px !important;padding-bottom: 80px !important;padding-left: 40px !important;}&#8221;]<h3 class=\"boc_heading  al_left  boc_subheading \"  style=\"margin-bottom: 20px;margin-top: 0px;color: #adadad;font-size: 19px;\"><span>Tecnica stellare per preservare la possibilit\u00e0 di essere madre<\/span><\/h3><div class=\"boc_divider_holder\"><div class=\"boc_divider  \"  style=\"margin-top: 22px;margin-bottom: 22px;width: 100px;height: 1px;background: #eeeeee;\"><\/div><\/div>[vc_column_text]Questa tecnica consiste nel congelamento ultrarapido degli ovuli per la loro conservazione e successiva utilizzazione. Con questo congelamento ultrarapido, queste cellule vengono mantenute inalterate &#8211; impedendo la formazione di cristalli di ghiaccio &#8211; per un tempo indefinito.<\/p>\n<p>Questo trattamento \u00e8 indicato in:<\/p>\n<p>\u2013 Donne che vogliono ritardare la maternit\u00e0. Dall&#8217;et\u00e0 di 35 anni i tassi di fecondit\u00e0 nelle donne diminuiscono ea 40 anni calano bruscamente, tanto che, in molti casi, la gravidanza non pu\u00f2 essere raggiunta con i propri ovociti.<\/p>\n<p>\u2013 Pazienti oncologici. In molti casi, i trattamenti radioterapici o chemioterapici producono sterilit\u00e0 definitiva nelle donne in et\u00e0 fertile.<\/p>\n<p>\u2013 Insufficienza ovarica prematura causata da patologie come endometriosi, malattie autoimmuni, malattie del collagene o una storia familiare di menopausa precoce.[\/vc_column_text][\/vc_column][\/vc_row][vc_row enable_overlay=&#8221;off&#8221; el_class=&#8221;no_text_transform&#8221; css=&#8221;.vc_custom_1574416552770{margin-top: 0px !important;margin-bottom: 30px !important;border-top-width: 0px !important;border-bottom-width: 30px !important;padding-top: 0px !important;padding-bottom: 30px !important;}&#8221;][vc_column width=&#8221;1\/2&#8243; css=&#8221;.vc_custom_1437475311042{padding-right: 30px !important;padding-bottom: 30px !important;}&#8221; el_class=&#8221;no_side_padding_in_responsive_column&#8221;]<h3 class=\"boc_heading  al_left  bgr_multidotted  \"  style=\"margin-bottom: 50px;margin-top: 20px;color: #333333;\"><span>Studio <strong>precedente<\/strong><\/span><\/h3>[vc_column_text]Prima dell&#8217;inizio di questo trattamento, viene effettuato uno studio individualizzato della donna, per conoscere la riserva ovarica e il suo stato di salute generale. Nella vitrificazione degli ovociti, le possibilit\u00e0 di successo dipendono fondamentalmente dall&#8217;et\u00e0 della paziente e dallo stato delle sue ovaie.<\/p>\n<p>Una volta effettuato questo studio si procede alla stimolazione e puntura ovarica, per poi procedere alla vitrificazione degli ovociti ottenuti.<\/p>\n<p>Gli ovuli vengono conservati in azoto liquido per la successiva devetrificazione e utilizzo.[\/vc_column_text][\/vc_column][vc_column width=&#8221;1\/2&#8243; css=&#8221;.vc_custom_1437475316300{padding-right: 20px !important;padding-bottom: 30px !important;padding-left: 60px !important;}&#8221; el_class=&#8221;no_side_padding_in_responsive_column&#8221;]<h3 class=\"boc_heading  al_left  bgr_multidotted  \"  style=\"margin-bottom: 40px;margin-top: 20px;color: #333333;\"><span>Et\u00e0 <strong>ideale<\/strong><\/span><\/h3>[vc_column_text]L&#8217;et\u00e0 ideale della donna per la vetrificazione dei suoi ovuli \u00e8 intorno ai 37 anni. A questa et\u00e0, la dotazione di ovociti di una donna \u00e8 di 25.000, molto bassa rispetto ai circa 250.000 ovuli che aveva alla sua prima ovulazione. Da questo momento in poi la perdita di ovociti accelera rapidamente fino a giungere al momento della menopausa, in cui la donna ne ha solo circa mille.<\/p>\n<p>La tecnica della vitrificazione degli ovociti \u00e8 quindi diventata la grande alternativa per ritardare la fertilit\u00e0 femminile.[\/vc_column_text][\/vc_column][\/vc_row][vc_row full_width=&#8221;stretch_row&#8221; css=&#8221;.vc_custom_1574416468273{margin-bottom: 0px !important;border-bottom-width: 0px !important;padding-top: 10px !important;padding-bottom: 0px !important;background-color: #f9f9f9 !important;}&#8221;][vc_column width=&#8221;1\/3&#8243;]<div class=\"boc_spacing \" style=\"height: 100px\"><\/div><h3 class=\"boc_heading  al_left  \"  style=\"margin-bottom: 0px;margin-top: 24px;color: #333333;font-size: 38px;\"><span>\u00bfCome si effettua la <strong class=\"text_rotate\">tecnica di vitrificazione <\/strong>?<\/span><\/h3><div class=\"boc_divider_holder\"><div class=\"boc_divider  \"  style=\"margin-top: 24px;margin-bottom: 24px;width: 100px;height: 2px;background: #f4f4f4;\"><\/div><\/div>[\/vc_column][vc_column width=&#8221;1\/3&#8243;]<div class=\"boc_spacing \" style=\"height: 30px\"><\/div>[vc_column_text]La nuova tecnica di vitrificazione degli ovociti, cos\u00ec chiamata per differenziarla dalla consueta procedura di congelamento lento, consiste nel congelamento ultrarapido degli ovociti in modo che non si formino cristalli intracellulari.<\/p>\n<p>Consente tassi di sopravvivenza degli ovociti dopo lo scongelamento tra l&#8217;82-96% con un successivo tasso di fecondazione del 75-90% e un tasso di impianto del 32-55%.<\/p>\n<p>Il processo richiede la stimolazione ovarica con ormoni e l&#8217;aspirazione vaginale degli ovociti sotto sedazione.[\/vc_column_text]<div class=\"boc_spacing \" style=\"height: 20px\"><\/div>[\/vc_column][vc_column width=&#8221;1\/3&#8243;]<div class=\"boc_spacing \" style=\"height: 30px\"><\/div>[vc_column_text]Dopo la vitrificazione, gli ovuli possono essere conservati per tutto il tempo desiderato.<\/p>\n<p>Una volta che il paziente decide di usarli per rimanere incinta, vengono scongelati e fecondati con lo sperma che il paziente desidera, da una coppia o da una banca del seme.<\/p>\n<p>\u00c8 importante notare che la vitrificazione degli ovuli di per s\u00e9 non \u00e8 una garanzia di maternit\u00e0 sicura. Alle pazienti va spiegato che non tutti gli ovociti ottenuti dopo stimolazione ovarica e puntura follicolare hanno la stessa qualit\u00e0 morfologica e funzionale. Quindi non tutti fertilizzano.[\/vc_column_text]<div class=\"boc_spacing \" style=\"height: 40px\"><\/div>[\/vc_column][\/vc_row][vc_row full_width=&#8221;stretch_row&#8221; bg_type=&#8221;bg_color&#8221; enable_overlay=&#8221;enable_overlay_value&#8221; el_class=&#8221;white_text&#8221; css=&#8221;.vc_custom_1574416404129{margin-top: 0px !important;margin-bottom: 0px !important;border-top-width: 0px !important;padding-top: 20px !important;padding-bottom: 24px !important;}&#8221; bg_color_value=&#8221;#24d8e5&#8243;][vc_column]<div class=\"text_box  box_no_bgr \"><div class=\"text_box_content with_button\"><h2>Cl\u00ednica especialista en reproducci\u00f3n asistida<\/h2>\r\n\t\t\t\t\t<p>Para cualquier duda o informaci\u00f3n sobre Fertility Benidorm, contacta con nosotros. Estaremos encantados de poder ayudarte.<\/p>\r\n\t\t\t\t<\/div><div class=\"btn_holder\"><a\thref=\"https:\/\/fertilitybenidorm.com\/contacto\/\" \r\n\t\t\t\t\tclass=\"button  btn_medium_stretched btn_white btn_rounded btn_outline icon_pos_after \"  target='_self'><span>Contacto<\/span> <i class='icon icon icon-angle-right2'><\/i> <\/a><\/div><\/div>[\/vc_column][\/vc_row]<\/p>\n<\/div>","protected":false},"excerpt":{"rendered":"<p>[vc_row][vc_column][\/vc_column][\/vc_row][vc_row css=&#8221;.vc_custom_1573630556478{margin-bottom: 0px !important;border-bottom-width: 0px !important;padding-bottom: 0px !important;}&#8221;][vc_column][\/vc_column][\/vc_row][vc_row css=&#8221;.vc_custom_1573630561747{margin-top: 0px !important;margin-bottom: 0px !important;border-top-width: 0px !important;padding-top: 0px !important;}&#8221;][vc_column width=&#8221;1\/2&#8243; css=&#8221;.vc_custom_1576405296799{padding-top: 65px !important;padding-bottom: 0px !important;}&#8221;][vc_single_image img_size=&#8221;boc_medium&#8221; image=&#8221;24345&#8243;][\/vc_column][vc_column width=&#8221;1\/2&#8243; css=&#8221;.vc_custom_1576405251996{padding-top: 60px !important;padding-right: 20px !important;padding-bottom: 80px !important;padding-left: 40px !important;}&#8221;][vc_column_text]Questa tecnica consiste nel congelamento ultrarapido degli ovuli per la loro conservazione e successiva utilizzazione. Con questo congelamento ultrarapido, queste cellule vengono mantenute inalterate &#8211; impedendo<\/p>\n<div class=\"h10\"><\/div>\n<p><a class=\"more-link2 flat\" href=\"https:\/\/fertilitybenidorm.com\/it\/vitrificacion-de-ovulos\/\">Read more<\/a><\/p>\n","protected":false},"author":7,"featured_media":0,"parent":0,"menu_order":0,"comment_status":"open","ping_status":"closed","template":"","meta":{"_joinchat":[],"footnotes":""},"class_list":["post-39381","page","type-page","status-publish","hentry"],"_links":{"self":[{"href":"https:\/\/fertilitybenidorm.com\/it\/wp-json\/wp\/v2\/pages\/39381","targetHints":{"allow":["GET"]}}],"collection":[{"href":"https:\/\/fertilitybenidorm.com\/it\/wp-json\/wp\/v2\/pages"}],"about":[{"href":"https:\/\/fertilitybenidorm.com\/it\/wp-json\/wp\/v2\/types\/page"}],"author":[{"embeddable":true,"href":"https:\/\/fertilitybenidorm.com\/it\/wp-json\/wp\/v2\/users\/7"}],"replies":[{"embeddable":true,"href":"https:\/\/fertilitybenidorm.com\/it\/wp-json\/wp\/v2\/comments?post=39381"}],"version-history":[{"count":2,"href":"https:\/\/fertilitybenidorm.com\/it\/wp-json\/wp\/v2\/pages\/39381\/revisions"}],"predecessor-version":[{"id":39403,"href":"https:\/\/fertilitybenidorm.com\/it\/wp-json\/wp\/v2\/pages\/39381\/revisions\/39403"}],"wp:attachment":[{"href":"https:\/\/fertilitybenidorm.com\/it\/wp-json\/wp\/v2\/media?parent=39381"}],"curies":[{"name":"wp","href":"https:\/\/api.w.org\/{rel}","templated":true}]}}