{"id":39367,"date":"2019-11-14T09:23:39","date_gmt":"2019-11-14T08:23:39","guid":{"rendered":"https:\/\/fertilitybenidorm.com\/metodo-ropa\/"},"modified":"2023-05-01T18:13:26","modified_gmt":"2023-05-01T16:13:26","slug":"metodo-ropa","status":"publish","type":"page","link":"https:\/\/fertilitybenidorm.com\/it\/metodo-ropa\/","title":{"rendered":"Metodo di ropa"},"content":{"rendered":"<div class=\"wpb-content-wrapper\"><p>[vc_row][vc_column]<div class=\"boc_spacing \" style=\"height: 40px\"><\/div>[\/vc_column][\/vc_row][vc_row css=&#8221;.vc_custom_1573630556478{margin-bottom: 0px !important;border-bottom-width: 0px !important;padding-bottom: 0px !important;}&#8221;][vc_column]<h3 class=\"boc_heading  center  \"  style=\"margin-bottom: 20px;margin-top: 0px;color: #333333;font-size: 40px;\"><span>Metodo di <strong>Ropa<\/strong> <\/span><\/h3>[\/vc_column][\/vc_row][vc_row][vc_column]<div class=\"boc_spacing \" style=\"height: 40px\"><\/div>[\/vc_column][\/vc_row][vc_row css=&#8221;.vc_custom_1574931040610{margin-top: 0px !important;margin-bottom: 0px !important;border-top-width: 0px !important;border-bottom-width: 0px !important;padding-top: 0px !important;padding-bottom: 0px !important;}&#8221;][vc_column width=&#8221;1\/2&#8243; css=&#8221;.vc_custom_1574931077863{margin-bottom: 0px !important;border-bottom-width: 0px !important;padding-top: 0px !important;padding-bottom: 0px !important;}&#8221;][vc_single_image img_size=&#8221;boc_medium&#8221; image=&#8221;24209&#8243;][\/vc_column][vc_column width=&#8221;1\/2&#8243; css=&#8221;.vc_custom_1574931013426{margin-bottom: 0px !important;border-bottom-width: 0px !important;padding-top: 25px !important;padding-right: 20px !important;padding-bottom: 80px !important;padding-left: 40px !important;}&#8221;]<h3 class=\"boc_heading  al_left  boc_subheading \"  style=\"margin-bottom: 20px;margin-top: 0px;color: #adadad;font-size: 19px;\"><span>Per coppie di donne che desiderano vivere insieme la maternit\u00e0<\/span><\/h3><div class=\"boc_divider_holder\"><div class=\"boc_divider  \"  style=\"margin-top: 22px;margin-bottom: 22px;width: 100px;height: 1px;background: #eeeeee;\"><\/div><\/div>[vc_column_text]<\/p>\n<p style=\"vertical-align: baseline; margin: 0cm 0cm 9.0pt 0cm;\"><span lang=\"it\">Il ricevimento degli ovociti dalla coppia o ROPA \u00e8 un metodo che consentir\u00e0 a una coppia composta da due donne di partecipare al trattamento, poich\u00e9 una di loro fornir\u00e0 gli ovuli e l&#8217;altra porter\u00e0 a termine la gravidanza.<\/span><\/p>\n<p style=\"vertical-align: baseline; margin: 0cm 0cm 9.0pt 0cm;\"><span lang=\"it\">Cos\u00ec, una delle donne fornisce gli ovuli, che saranno fecondati in laboratorio con seme di donatore, e gli embrioni saranno trasferiti all&#8217;altra donna, in modo che la gravidanza vada avanti, una di loro \u00e8 la madre incinta e la altra la madre genetica.<\/span><\/p>\n<p style=\"margin: 0cm; vertical-align: baseline;\"><span lang=\"it\">Per quanto riguarda la legislazione, le donazioni in Spagna sono anonime ma, in questo caso specifico e in conformit\u00e0 con la riforma della legge sulla riproduzione assistita 14\/2006, la maternit\u00e0 sar\u00e0 condivisa. Pertanto, le due saranno legalmente riconosciute come mamme del bambino nato.<\/span><\/p>\n<p>[\/vc_column_text][\/vc_column][\/vc_row][vc_row full_width=&#8221;stretch_row&#8221; enable_overlay=&#8221;off&#8221; el_class=&#8221;no_text_transform&#8221; css=&#8221;.vc_custom_1574932350566{margin-top: 0px !important;margin-bottom: 0px !important;border-top-width: 0px !important;border-bottom-width: 0px !important;padding-top: 0px !important;padding-bottom: 0px !important;background-color: #f9f9f9 !important;}&#8221;][vc_column css=&#8221;.vc_custom_1437475311042{padding-right: 30px !important;padding-bottom: 30px !important;}&#8221; el_class=&#8221;no_side_padding_in_responsive_column&#8221;]<div class=\"boc_spacing \" style=\"height: 20px\"><\/div><h3 class=\"boc_heading  al_left  \"  style=\"margin-bottom: 0px;margin-top: 24px;color: #333333;font-size: 38px;\"><span>\u00bfCome si esegue <strong class=\"text_rotate\">il trattamento con metodo ROPA <\/strong>?<\/span><\/h3><div class=\"boc_spacing \" style=\"height: 10px\"><\/div><div class=\"boc_divider_holder\"><div class=\"boc_divider  \"  style=\"margin-top: 22px;margin-bottom: 22px;width: 100px;height: 1px;background: #eeeeee;\"><\/div><\/div>[\/vc_column][\/vc_row][vc_row full_width=&#8221;stretch_row&#8221; css=&#8221;.vc_custom_1574932341160{margin-top: 0px !important;margin-bottom: 0px !important;border-top-width: 0px !important;padding-top: 0px !important;background-color: #f9f9f9 !important;}&#8221;][vc_column width=&#8221;1\/3&#8243; css=&#8221;.vc_custom_1437474831332{padding-bottom: 35px !important;}&#8221;][vc_column_text]<\/p>\n<p style=\"vertical-align: baseline; margin: 0cm 0cm 9.0pt 0cm;\"><span lang=\"it\">Prima di sottoporsi al metodo ROPA, deve essere effettuato uno studio di fertilit\u00e0 per verificare che questa tecnica sia indicata e che sia possibile eseguirla.<\/span><\/p>\n<p style=\"margin: 0cm; vertical-align: baseline;\"><span lang=\"it\">Lo studio \u00e8 lo stesso delle donne che si sottoporranno a un trattamento di fecondazione in vitro ma, in questo caso, sar\u00e0 diviso in due parti, quindi si devono coordinare le due membri della coppia in modo che i tempi siano quelli giusti.<\/span><\/p>\n<p>[\/vc_column_text]<div class=\"boc_spacing \" style=\"height: 10px\"><\/div>[\/vc_column][vc_column width=&#8221;1\/3&#8243; css=&#8221;.vc_custom_1437474839835{padding-bottom: 35px !important;}&#8221;]<div class=\"side_icon_box large  boc_animate_when_almost_visible\"><span class=\"icon_feat \" style=\"\"><i class=\"icon icon-user-female\" style=\"\"><\/i><\/span><h3>Stimolazione ovarica<\/h3><div class=\"side_icon_box_content\">La donna che fornir\u00e0 i suoi ovociti per il trattamento sar\u00e0 sottoposta a stimolazione ovarica per ottenere un numero adeguato di ovociti e poter lavorare con essi in laboratorio.<\/div><\/div>[\/vc_column][vc_column width=&#8221;1\/3&#8243; css=&#8221;.vc_custom_1437474844987{padding-bottom: 35px !important;}&#8221;]<div class=\"side_icon_box large  boc_animate_when_almost_visible\"><span class=\"icon_feat \" style=\"\"><i class=\"icon icon-user-female\" style=\"\"><\/i><\/span><h3>Preparazione dell'utero<\/h3><div class=\"side_icon_box_content\">Mentre, invece, la donna che accoglier\u00e0 l&#8217;embrione o gli embrioni si concentrer\u00e0, con l&#8217;aiuto del nostro team, sulla preparazione dell&#8217;utero per ricevere gli embrioni generati in laboratorio.<\/div><\/div><div class=\"boc_spacing \" style=\"height: 20px\"><\/div>[\/vc_column][\/vc_row][vc_row full_width=&#8221;stretch_row&#8221; bg_type=&#8221;bg_color&#8221; enable_overlay=&#8221;enable_overlay_value&#8221; el_class=&#8221;white_text&#8221; css=&#8221;.vc_custom_1574925710432{margin-top: 0px !important;margin-bottom: 0px !important;border-top-width: 0px !important;padding-top: 20px !important;padding-bottom: 24px !important;}&#8221; bg_color_value=&#8221;#1fc7d6&#8243;][vc_column]<div class=\"text_box  box_no_bgr \"><div class=\"text_box_content with_button\"><h2>Cl\u00ednica especialista en reproducci\u00f3n asistida<\/h2>\r\n\t\t\t\t\t<p>Para cualquier duda o informaci\u00f3n sobre Fertility Benidorm, contacta con nosotros. Estaremos encantados de poder ayudarte.<\/p>\r\n\t\t\t\t<\/div><div class=\"btn_holder\"><a\thref=\"https:\/\/fertilitybenidorm.com\/contacto\/\" \r\n\t\t\t\t\tclass=\"button  btn_medium_stretched btn_white btn_rounded btn_outline icon_pos_after \"  target='_self'><span>Contacto<\/span> <i class='icon icon icon-angle-right2'><\/i> <\/a><\/div><\/div>[\/vc_column][\/vc_row]<\/p>\n<\/div>","protected":false},"excerpt":{"rendered":"<p>[vc_row][vc_column][\/vc_column][\/vc_row][vc_row css=&#8221;.vc_custom_1573630556478{margin-bottom: 0px !important;border-bottom-width: 0px !important;padding-bottom: 0px !important;}&#8221;][vc_column][\/vc_column][\/vc_row][vc_row][vc_column][\/vc_column][\/vc_row][vc_row css=&#8221;.vc_custom_1574931040610{margin-top: 0px !important;margin-bottom: 0px !important;border-top-width: 0px !important;border-bottom-width: 0px !important;padding-top: 0px !important;padding-bottom: 0px !important;}&#8221;][vc_column width=&#8221;1\/2&#8243; css=&#8221;.vc_custom_1574931077863{margin-bottom: 0px !important;border-bottom-width: 0px !important;padding-top: 0px !important;padding-bottom: 0px !important;}&#8221;][vc_single_image img_size=&#8221;boc_medium&#8221; image=&#8221;24209&#8243;][\/vc_column][vc_column width=&#8221;1\/2&#8243; css=&#8221;.vc_custom_1574931013426{margin-bottom: 0px !important;border-bottom-width: 0px !important;padding-top: 25px !important;padding-right: 20px !important;padding-bottom: 80px !important;padding-left: 40px !important;}&#8221;][vc_column_text] Il ricevimento degli ovociti dalla coppia o ROPA \u00e8 un metodo che consentir\u00e0<\/p>\n<div class=\"h10\"><\/div>\n<p><a class=\"more-link2 flat\" href=\"https:\/\/fertilitybenidorm.com\/it\/metodo-ropa\/\">Read more<\/a><\/p>\n","protected":false},"author":7,"featured_media":0,"parent":0,"menu_order":0,"comment_status":"open","ping_status":"closed","template":"","meta":{"_joinchat":[],"footnotes":""},"class_list":["post-39367","page","type-page","status-publish","hentry"],"_links":{"self":[{"href":"https:\/\/fertilitybenidorm.com\/it\/wp-json\/wp\/v2\/pages\/39367","targetHints":{"allow":["GET"]}}],"collection":[{"href":"https:\/\/fertilitybenidorm.com\/it\/wp-json\/wp\/v2\/pages"}],"about":[{"href":"https:\/\/fertilitybenidorm.com\/it\/wp-json\/wp\/v2\/types\/page"}],"author":[{"embeddable":true,"href":"https:\/\/fertilitybenidorm.com\/it\/wp-json\/wp\/v2\/users\/7"}],"replies":[{"embeddable":true,"href":"https:\/\/fertilitybenidorm.com\/it\/wp-json\/wp\/v2\/comments?post=39367"}],"version-history":[{"count":2,"href":"https:\/\/fertilitybenidorm.com\/it\/wp-json\/wp\/v2\/pages\/39367\/revisions"}],"predecessor-version":[{"id":39369,"href":"https:\/\/fertilitybenidorm.com\/it\/wp-json\/wp\/v2\/pages\/39367\/revisions\/39369"}],"wp:attachment":[{"href":"https:\/\/fertilitybenidorm.com\/it\/wp-json\/wp\/v2\/media?parent=39367"}],"curies":[{"name":"wp","href":"https:\/\/api.w.org\/{rel}","templated":true}]}}