{"id":39363,"date":"2019-11-14T09:22:24","date_gmt":"2019-11-14T08:22:24","guid":{"rendered":"https:\/\/fertilitybenidorm.com\/fecundacion-in-vitro\/"},"modified":"2023-05-01T18:08:59","modified_gmt":"2023-05-01T16:08:59","slug":"fecundacion-in-vitro","status":"publish","type":"page","link":"https:\/\/fertilitybenidorm.com\/it\/fecundacion-in-vitro\/","title":{"rendered":"Fecondazione in vitro (FIVET \/ ICSI)"},"content":{"rendered":"<div class=\"wpb-content-wrapper\"><p>[vc_row][vc_column]<div class=\"boc_spacing \" style=\"height: 40px\"><\/div>[\/vc_column][\/vc_row][vc_row css=&#8221;.vc_custom_1573630556478{margin-bottom: 0px !important;border-bottom-width: 0px !important;padding-bottom: 0px !important;}&#8221;][vc_column]<h3 class=\"boc_heading  center  \"  style=\"margin-bottom: 20px;margin-top: 0px;color: #333333;font-size: 40px;\"><span>Fecondazione in vitro <strong>(FIVET \/ ICSI)<\/strong> <\/span><\/h3>[\/vc_column][\/vc_row][vc_row][vc_column]<div class=\"boc_spacing \" style=\"height: 40px\"><\/div>[\/vc_column][\/vc_row][vc_row css=&#8221;.vc_custom_1574930114044{margin-top: 0px !important;border-top-width: 0px !important;border-bottom-width: 0px !important;padding-top: 0px !important;padding-bottom: 0px !important;}&#8221;][vc_column width=&#8221;1\/2&#8243; css=&#8221;.vc_custom_1574930088799{border-bottom-width: 0px !important;padding-top: 0px !important;padding-bottom: 0px !important;}&#8221;][vc_single_image img_size=&#8221;boc_medium&#8221; image=&#8221;24205&#8243;][\/vc_column][vc_column width=&#8221;1\/2&#8243; css=&#8221;.vc_custom_1574930103405{border-bottom-width: 0px !important;padding-top: 40px !important;padding-right: 20px !important;padding-bottom: 80px !important;padding-left: 40px !important;}&#8221;]<h3 class=\"boc_heading  al_left  boc_subheading \"  style=\"margin-bottom: 20px;margin-top: 0px;color: #adadad;font-size: 19px;\"><span>Lo scopo \u00e8 quello di ottenere embrioni da trasferire nell&#8217;utero e dare origine a una gravidanza<\/span><\/h3><div class=\"boc_divider_holder\"><div class=\"boc_divider  \"  style=\"margin-top: 22px;margin-bottom: 22px;width: 100px;height: 1px;background: #eeeeee;\"><\/div><\/div>[vc_column_text]La fecondazione in vitro (FIVET) \u00e8 la tecnica in cui gli ovuli vengono fecondati in laboratorio per ottenere embrioni.<\/p>\n<p>Dopo aver coltivato gli embrioni per alcuni giorni, vengono trasferiti nell&#8217;utero per ottenere una gravidanza.<\/p>\n<p>La tecnica di riproduzione assistita da utilizzare sar\u00e0 determinata dagli esami e dai test effettuati nello studio di fertilit\u00e0 prima di qualsiasi tecnica.[\/vc_column_text][\/vc_column][\/vc_row][vc_row full_width=&#8221;stretch_row&#8221; css=&#8221;.vc_custom_1574930038710{margin-top: 0px !important;margin-bottom: 0px !important;border-top-width: 1px !important;border-bottom-width: 1px !important;padding-top: 30px !important;padding-bottom: 30px !important;background-color: #f9f9f9 !important;border-top-color: #eeeeee !important;border-top-style: solid !important;border-bottom-color: #eeeeee !important;border-bottom-style: solid !important;}&#8221; el_class=&#8221;no_text_transform&#8221;][vc_column width=&#8221;1\/3&#8243; css=&#8221;.vc_custom_1427377640887{padding-top: 40px !important;padding-bottom: 40px !important;}&#8221;]<div class=\"side_icon_box large  boc_animate_when_almost_visible\"><span class=\"icon_feat \" style=\"\"><i class=\"icon icon-lab\" style=\"\"><\/i><\/span><h3>FIVET<\/h3><div class=\"side_icon_box_content\">La fecondazione in vitro \u00e8 una tecnica di laboratorio che ci permette di fecondare un ovulo con uno spermatozoo fuori dall&#8217;utero.<\/div><\/div><div class=\"boc_spacing \" style=\"height: 20px\"><\/div>[\/vc_column][vc_column width=&#8221;1\/3&#8243; css=&#8221;.vc_custom_1427377648398{padding-top: 40px !important;padding-bottom: 40px !important;}&#8221;]<div class=\"side_icon_box large  boc_animate_when_almost_visible\"><span class=\"icon_feat \" style=\"\"><i class=\"icon icon-pause2\" style=\"\"><\/i><\/span><h3>Due varianti<\/h3><div class=\"side_icon_box_content\">Nella fecondazione in vitro troviamo due varianti: FIVET convenzionale e ICSI (Intracytoplasmic Sperm Injection).<\/div><\/div><div class=\"boc_spacing \" style=\"height: 20px\"><\/div>[\/vc_column][vc_column width=&#8221;1\/3&#8243; css=&#8221;.vc_custom_1427377655376{padding-top: 40px !important;padding-bottom: 40px !important;}&#8221;]<div class=\"side_icon_box large  boc_animate_when_almost_visible\"><span class=\"icon_feat \" style=\"\"><i class=\"icon icon-star-o\" style=\"\"><\/i><\/span><h3>Trattamento adeguato<\/h3><div class=\"side_icon_box_content\">A Fertility Benidorm ti aiutiamo a capire come funziona la fecondazione in vitro e se questo metodo di trattamento dell&#8217;infertilit\u00e0 \u00e8 quello giusto per te.<\/div><\/div><div class=\"boc_spacing \" style=\"height: 20px\"><\/div>[\/vc_column][\/vc_row][vc_row enable_overlay=&#8221;off&#8221; el_class=&#8221;no_text_transform&#8221; css=&#8221;.vc_custom_1574847279074{margin-top: 0px !important;margin-bottom: 0px !important;border-top-width: 0px !important;border-bottom-width: 0px !important;padding-top: 0px !important;padding-bottom: 30px !important;}&#8221;][vc_column css=&#8221;.vc_custom_1437475311042{padding-right: 30px !important;padding-bottom: 30px !important;}&#8221; el_class=&#8221;no_side_padding_in_responsive_column&#8221;]<div class=\"boc_spacing \" style=\"height: 20px\"><\/div><h3 class=\"boc_heading  al_left  \"  style=\"margin-bottom: 0px;margin-top: 24px;color: #333333;font-size: 38px;\"><span>\u00bfCome viene <strong class=\"text_rotate\">eseguito il trattamento di fecondazione in vitro ?<\/strong>?<\/span><\/h3><div class=\"boc_spacing \" style=\"height: 10px\"><\/div><div class=\"boc_divider_holder\"><div class=\"boc_divider  \"  style=\"margin-top: 22px;margin-bottom: 22px;width: 100px;height: 1px;background: #eeeeee;\"><\/div><\/div><h3 class=\"boc_heading  al_left  boc_subheading \"  style=\"margin-bottom: 20px;margin-top: 0px;color: #adadad;font-size: 19px;\"><span>La fecondazione in vitro avviene nelle seguenti fasi:<\/span><\/h3>[\/vc_column][\/vc_row][vc_row enable_overlay=&#8221;off&#8221; el_class=&#8221;no_text_transform&#8221; css=&#8221;.vc_custom_1574416552770{margin-top: 0px !important;margin-bottom: 30px !important;border-top-width: 0px !important;border-bottom-width: 30px !important;padding-top: 0px !important;padding-bottom: 30px !important;}&#8221;][vc_column width=&#8221;1\/3&#8243; css=&#8221;.vc_custom_1437475311042{padding-right: 30px !important;padding-bottom: 30px !important;}&#8221; el_class=&#8221;no_side_padding_in_responsive_column&#8221;]<h3 class=\"boc_heading  al_left  bgr_multidotted  \"  style=\"margin-bottom: 50px;margin-top: 20px;color: #333333;\"><span>Stimolazione <strong>ovarica<\/strong> <\/span><\/h3>[vc_column_text]<\/p>\n<p style=\"background: white; vertical-align: baseline; margin: 0cm 0cm 9.0pt 0cm;\"><span lang=\"it\" style=\"font-size: 10.5pt; font-family: 'Arial',sans-serif; color: #444444;\">Con la stimolazione ovarica, otteniamo un aumento della crescita e dello sviluppo dei follicoli presenti nell&#8217;ovaio.<\/span><\/p>\n<p style=\"background: white; vertical-align: baseline; margin: 0cm 0cm 9.0pt 0cm;\"><span lang=\"it\" style=\"font-size: 10.5pt; font-family: 'Arial',sans-serif; color: #444444;\">Grazie alla stimolazione ovarica controllata attraverso la somministrazione di preparati ormonali, otterremo un numero di ovuli maggiore di quello che si ottiene in un normale ciclo mestruale, che di solito \u00e8 un singolo ovulo. Maggiore \u00e8 il numero di ovuli, maggiori sono le probabilit\u00e0 di ottenere un maggior numero di embrioni. Otterremo cos\u00ec diversi embrioni, di cui sceglieremo quelli di altissima qualit\u00e0 da trasferire alla futura madre e aumentare cos\u00ec le possibilit\u00e0 di ottenere una gravidanza.<\/span><\/p>\n<p style=\"margin: 0cm; background: white; vertical-align: baseline;\"><span lang=\"it\" style=\"font-size: 10.5pt; font-family: 'Arial',sans-serif; color: #444444;\">Il controllo di questa fase viene effettuato mediante ecografie e analisi ormonali. La stimolazione ovarica dura tra gli 8 ei 12 giorni circa.<\/span><\/p>\n<p>[\/vc_column_text][\/vc_column][vc_column width=&#8221;1\/3&#8243; css=&#8221;.vc_custom_1437475316300{padding-right: 20px !important;padding-bottom: 30px !important;padding-left: 60px !important;}&#8221; el_class=&#8221;no_side_padding_in_responsive_column&#8221;]<h3 class=\"boc_heading  al_left  bgr_multidotted  \"  style=\"margin-bottom: 40px;margin-top: 20px;color: #333333;\"><span>Captazione <strong>degli ovociti<\/strong> <\/span><\/h3>[vc_column_text]<\/p>\n<p style=\"background: white; vertical-align: baseline; margin: 0cm 0cm 9.0pt 0cm;\"><span lang=\"it\" style=\"font-size: 10.5pt; font-family: 'Arial',sans-serif; color: #444444;\">Una volta che la dimensione dei follicoli sar\u00e0 ottimale, verr\u00e0 programmato il prelievo degli ovociti, che viene effettuato sotto sedazione e dura circa 15 minuti. \u00c8 una procedura indolore.<\/span><\/p>\n<p style=\"background: white; vertical-align: baseline; margin: 0cm 0cm 9.0pt 0cm;\"><span lang=\"it\" style=\"font-size: 10.5pt; font-family: 'Arial',sans-serif; color: #444444;\">Non richiede ricovero ospedaliero; Dopo una o due ore, la paziente pu\u00f2 tornare a casa a riposare. Viene eseguito con l&#8217;aiuto dell\u00b4ecografo e di un ago speciale attraverso la vagina.<\/span><\/p>\n<p style=\"margin: 0cm; background: white; vertical-align: baseline;\"><span lang=\"it\" style=\"font-size: 10.5pt; font-family: 'Arial',sans-serif; color: #444444;\">Il liquido ottenuto dai follicoli conterr\u00e0 gli ovuli, che verranno successivamente recuperati in laboratorio e attenderanno la fecondazione.<\/span><\/p>\n<p>[\/vc_column_text][\/vc_column][vc_column width=&#8221;1\/3&#8243;]<h3 class=\"boc_heading  al_left  bgr_multidotted  \"  style=\"margin-bottom: 40px;margin-top: 20px;color: #333333;\"><span>Capacitazione degli <strong>spermatozoi<\/strong> <\/span><\/h3>[vc_column_text]<\/p>\n<p style=\"background: white; vertical-align: baseline; margin: 0cm 0cm 9.0pt 0cm;\"><span lang=\"it\" style=\"font-size: 10.5pt; font-family: 'Arial',sans-serif; color: #444444;\">Successivamente, prepariamo il campione di seme in laboratorio e lo trattiamo per migliorarne la capacit\u00e0 di fecondazione.<\/span><\/p>\n<p style=\"background: white; vertical-align: baseline; margin: 0cm 0cm 9.0pt 0cm;\"><span lang=\"it\" style=\"font-size: 10.5pt; font-family: 'Arial',sans-serif; color: #444444;\">La capacitazione degli spermatozoi \u00e8 il processo mediante il quale si ottengono gli spermatozoi con la pi\u00f9 alta probabilit\u00e0 di fecondazione da un campione di seme.<\/span><\/p>\n<p style=\"background: white; vertical-align: baseline; margin: 0cm 0cm 9.0pt 0cm;\"><span lang=\"it\" style=\"font-size: 10.5pt; font-family: 'Arial',sans-serif; color: #444444;\">Per poter fecondare, gli spermatozoi devono subire la capacitazione spermatica, che sostanzialmente consiste nel far passare gli spermatozoi attraverso un mezzo molto denso, in modo tale che solo quelli mobili con la migliore morfologia possano passare.<\/span><\/p>\n<p style=\"margin: 0cm; background: white; vertical-align: baseline;\"><span lang=\"it\" style=\"font-size: 10.5pt; font-family: 'Arial',sans-serif; color: #444444;\">Questo processo include cambiamenti nelle loro membrane ed \u00e8 necessario perche si fondano con l&#8217;ovocita.<\/span><\/p>\n<p>[\/vc_column_text][\/vc_column][\/vc_row][vc_row enable_overlay=&#8221;off&#8221; el_class=&#8221;no_text_transform&#8221; css=&#8221;.vc_custom_1574416552770{margin-top: 0px !important;margin-bottom: 30px !important;border-top-width: 0px !important;border-bottom-width: 30px !important;padding-top: 0px !important;padding-bottom: 30px !important;}&#8221;][vc_column width=&#8221;1\/3&#8243; css=&#8221;.vc_custom_1437475311042{padding-right: 30px !important;padding-bottom: 30px !important;}&#8221; el_class=&#8221;no_side_padding_in_responsive_column&#8221;]<h3 class=\"boc_heading  al_left  bgr_multidotted  \"  style=\"margin-bottom: 50px;margin-top: 20px;color: #333333;\"><span>Fecondazione o<strong>fertilizzazione<\/strong> <\/span><\/h3>[vc_column_text]<\/p>\n<p style=\"background: white; vertical-align: baseline; margin: 0cm 0cm 9.0pt 0cm;\"><span lang=\"it\" style=\"font-size: 10.5pt; font-family: 'Arial',sans-serif; color: #444444;\">All&#8217;interno del laboratorio di embriologia, gli ovuli vengono uniti agli spermatozoi, cosa che pu\u00f2 essere effettuata con FIVET &#8220;classica&#8221; o ICSI.<\/span><\/p>\n<p style=\"background: white; vertical-align: baseline; margin: 0cm 0cm 9.0pt 0cm;\"><span lang=\"it\" style=\"font-size: 10.5pt; font-family: 'Arial',sans-serif; color: #444444;\">Nella fecondazione in vitro classica, l&#8217;ovulo viene deposto insieme agli spermatozoi in una goccia con mezzo di coltura e l&#8217;ovulo deve essere fecondato da uno spermatozoo.<\/span><\/p>\n<p style=\"background: white; vertical-align: baseline; margin: 0cm 0cm 9.0pt 0cm;\"><span lang=\"it\" style=\"font-size: 10.5pt; font-family: 'Arial',sans-serif; color: #444444;\">Nell&#8217;ICSI (iniezione intracitoplasmatica di spermatozoi), gli embriologi selezionano uno spermatozoo e, con l&#8217;aiuto di un ago sottile (micropipetta), lo inseriscono nell&#8217;ovulo..<\/span><\/p>\n<p style=\"margin: 0cm; background: white; vertical-align: baseline;\"><span lang=\"it\" style=\"font-size: 10.5pt; font-family: 'Arial',sans-serif; color: #444444;\">Gli ovuli inseminati rimarranno in incubatrici, progettate per questo e dove ci sono condizioni ottimali di temperatura, ossigeno e CO2 per la coltura dell&#8217;embrione. A 16-18 ore dall&#8217;inseminazione, controlleremo gli ovuli fecondati, che saranno gi\u00e0 pre-embrioni al primo giorno di sviluppo.<\/span><\/p>\n<p>[\/vc_column_text][\/vc_column][vc_column width=&#8221;1\/3&#8243; css=&#8221;.vc_custom_1437475316300{padding-right: 20px !important;padding-bottom: 30px !important;padding-left: 60px !important;}&#8221; el_class=&#8221;no_side_padding_in_responsive_column&#8221;]<h3 class=\"boc_heading  al_left  bgr_multidotted  \"  style=\"margin-bottom: 40px;margin-top: 20px;color: #333333;\"><span>Coltura <strong>dell&#8217;embrione<\/strong> <\/span><\/h3>[vc_column_text]<\/p>\n<p style=\"background: white; vertical-align: baseline; margin: 0cm 0cm 9.0pt 0cm;\"><span lang=\"it\" style=\"font-size: 10.5pt; font-family: 'Arial',sans-serif; color: #444444;\">Dopo aver trascorso diversi giorni nell&#8217;incubatrice, gli embrioni verranno valutati giornalmente in modo che, al momento del loro trasferimento nell&#8217;utero materno, si possano distinguere quelli di migliore qualit\u00e0.<\/span><\/p>\n<p style=\"background: white; vertical-align: baseline; margin: 0cm 0cm 9.0pt 0cm;\"><span lang=\"it\" style=\"font-size: 10.5pt; font-family: 'Arial',sans-serif; color: #444444;\">Lo scopo della coltura embrionale \u00e8 quello di ottenere embrioni in grado di impiantarsi nell&#8217;utero e svilupparsi correttamente, dando origine alla nascita di un bambino.<\/span><\/p>\n<p style=\"margin: 0cm; background: white; vertical-align: baseline;\"><span lang=\"it\" style=\"font-size: 10.5pt; font-family: 'Arial',sans-serif; color: #444444;\">Questa coltura dell&#8217;embrione \u00e8 di grande importanza poich\u00e9 il successo del trattamento di fecondazione in vitro \u00e8 significativamente compromesso con la qualit\u00e0 dell&#8217;embrione.<\/span><\/p>\n<p>[\/vc_column_text][\/vc_column][vc_column width=&#8221;1\/3&#8243;]<h3 class=\"boc_heading  al_left  bgr_multidotted  \"  style=\"margin-bottom: 40px;margin-top: 20px;color: #333333;\"><span>Trasferimento <strong>di embrioni<\/strong> <\/span><\/h3>[vc_column_text]<\/p>\n<p style=\"background: white; vertical-align: baseline; margin: 0cm 0cm 9.0pt 0cm;\"><span lang=\"it\" style=\"font-size: 10.5pt; font-family: 'Arial',sans-serif; color: #444444;\">Dopo la coltura e la selezione degli embrioni, procediamo a informare i pazienti del numero di embrioni che abbiamo finalmente, nonch\u00e9 della loro qualit\u00e0. Allo stesso modo, viene deciso il numero di embrioni da trasferire.<\/span><\/p>\n<p style=\"margin: 0cm; background: white; vertical-align: baseline;\"><span lang=\"it\" style=\"font-size: 10.5pt; font-family: 'Arial',sans-serif; color: #444444;\">Il trasferimento avviene accanto al laboratorio di embriologia e richiede solo pochi minuti. \u00c8 indolore e non richiede anestesia.<br \/>\nGli embrioni vengono inseriti in una sottile cannula e, con l&#8217;ausilio dell&#8217;ecografo, vengono sistemati nel fondo uterino.<\/span><\/p>\n<p style=\"background: white; vertical-align: baseline; margin: 0cm 0cm 9.0pt 0cm;\"><span lang=\"it\" style=\"font-size: 10.5pt; font-family: 'Arial',sans-serif; color: #444444;\">Se abbiamo embrioni in eccesso, saranno vitrificati per un possibile uso successivo. La vitrificazione \u00e8 una tecnica di laboratorio che permette di conservare gli embrioni in perfette condizioni e per un tempo indeterminato, fino a quando non saranno nuovamente necessari per un&#8217;altra gravidanza.<\/span><\/p>\n<p style=\"margin: 0cm; background: white; vertical-align: baseline;\"><span lang=\"it\" style=\"font-size: 10.5pt; font-family: 'Arial',sans-serif; color: #444444;\">A circa 14 giorni verr\u00e0 eseguito il test di gravidanza.<\/span><\/p>\n<p>[\/vc_column_text][\/vc_column][\/vc_row][vc_row full_width=&#8221;stretch_row&#8221; bg_type=&#8221;bg_color&#8221; enable_overlay=&#8221;enable_overlay_value&#8221; el_class=&#8221;white_text&#8221; css=&#8221;.vc_custom_1574925710432{margin-top: 0px !important;margin-bottom: 0px !important;border-top-width: 0px !important;padding-top: 20px !important;padding-bottom: 24px !important;}&#8221; bg_color_value=&#8221;#1fc7d6&#8243;][vc_column]<div class=\"text_box  box_no_bgr \"><div class=\"text_box_content with_button\"><h2>Cl\u00ednica especialista en reproducci\u00f3n asistida<\/h2>\r\n\t\t\t\t\t<p>Para cualquier duda o informaci\u00f3n sobre Fertility Benidorm, contacta con nosotros. Estaremos encantados de poder ayudarte.<\/p>\r\n\t\t\t\t<\/div><div class=\"btn_holder\"><a\thref=\"https:\/\/fertilitybenidorm.com\/contacto\/\" \r\n\t\t\t\t\tclass=\"button  btn_medium_stretched btn_white btn_rounded btn_outline icon_pos_after \"  target='_self'><span>Contacto<\/span> <i class='icon icon icon-angle-right2'><\/i> <\/a><\/div><\/div>[\/vc_column][\/vc_row]<\/p>\n<\/div>","protected":false},"excerpt":{"rendered":"<p>[vc_row][vc_column][\/vc_column][\/vc_row][vc_row css=&#8221;.vc_custom_1573630556478{margin-bottom: 0px !important;border-bottom-width: 0px !important;padding-bottom: 0px !important;}&#8221;][vc_column][\/vc_column][\/vc_row][vc_row][vc_column][\/vc_column][\/vc_row][vc_row css=&#8221;.vc_custom_1574930114044{margin-top: 0px !important;border-top-width: 0px !important;border-bottom-width: 0px !important;padding-top: 0px !important;padding-bottom: 0px !important;}&#8221;][vc_column width=&#8221;1\/2&#8243; css=&#8221;.vc_custom_1574930088799{border-bottom-width: 0px !important;padding-top: 0px !important;padding-bottom: 0px !important;}&#8221;][vc_single_image img_size=&#8221;boc_medium&#8221; image=&#8221;24205&#8243;][\/vc_column][vc_column width=&#8221;1\/2&#8243; css=&#8221;.vc_custom_1574930103405{border-bottom-width: 0px !important;padding-top: 40px !important;padding-right: 20px !important;padding-bottom: 80px !important;padding-left: 40px !important;}&#8221;][vc_column_text]La fecondazione in vitro (FIVET) \u00e8 la tecnica in cui gli ovuli vengono fecondati in laboratorio per ottenere embrioni. Dopo<\/p>\n<div class=\"h10\"><\/div>\n<p><a class=\"more-link2 flat\" href=\"https:\/\/fertilitybenidorm.com\/it\/fecundacion-in-vitro\/\">Read more<\/a><\/p>\n","protected":false},"author":7,"featured_media":0,"parent":0,"menu_order":0,"comment_status":"open","ping_status":"closed","template":"","meta":{"_joinchat":[],"footnotes":""},"class_list":["post-39363","page","type-page","status-publish","hentry"],"_links":{"self":[{"href":"https:\/\/fertilitybenidorm.com\/it\/wp-json\/wp\/v2\/pages\/39363","targetHints":{"allow":["GET"]}}],"collection":[{"href":"https:\/\/fertilitybenidorm.com\/it\/wp-json\/wp\/v2\/pages"}],"about":[{"href":"https:\/\/fertilitybenidorm.com\/it\/wp-json\/wp\/v2\/types\/page"}],"author":[{"embeddable":true,"href":"https:\/\/fertilitybenidorm.com\/it\/wp-json\/wp\/v2\/users\/7"}],"replies":[{"embeddable":true,"href":"https:\/\/fertilitybenidorm.com\/it\/wp-json\/wp\/v2\/comments?post=39363"}],"version-history":[{"count":2,"href":"https:\/\/fertilitybenidorm.com\/it\/wp-json\/wp\/v2\/pages\/39363\/revisions"}],"predecessor-version":[{"id":39365,"href":"https:\/\/fertilitybenidorm.com\/it\/wp-json\/wp\/v2\/pages\/39363\/revisions\/39365"}],"wp:attachment":[{"href":"https:\/\/fertilitybenidorm.com\/it\/wp-json\/wp\/v2\/media?parent=39363"}],"curies":[{"name":"wp","href":"https:\/\/api.w.org\/{rel}","templated":true}]}}