{"id":39358,"date":"2019-11-13T11:27:34","date_gmt":"2019-11-13T10:27:34","guid":{"rendered":"https:\/\/fertilitybenidorm.com\/ovodonacion\/"},"modified":"2023-05-01T18:00:20","modified_gmt":"2023-05-01T16:00:20","slug":"ovodonacion","status":"publish","type":"page","link":"https:\/\/fertilitybenidorm.com\/it\/ovodonacion\/","title":{"rendered":"Trattamento di donazione di ovuli"},"content":{"rendered":"<div class=\"wpb-content-wrapper\"><p>[vc_row][vc_column]<div class=\"boc_spacing \" style=\"height: 40px\"><\/div>[\/vc_column][\/vc_row][vc_row css=&#8221;.vc_custom_1573630556478{margin-bottom: 0px !important;border-bottom-width: 0px !important;padding-bottom: 0px !important;}&#8221;][vc_column]<h3 class=\"boc_heading  center  \"  style=\"margin-bottom: 20px;margin-top: 0px;color: #333333;font-size: 40px;\"><span>Trattamento <strong>di donazione di ovuli<\/strong> <\/span><\/h3>[\/vc_column][\/vc_row][vc_row css=&#8221;.vc_custom_1574416548075{margin-top: 0px !important;margin-bottom: 0px !important;border-top-width: 0px !important;border-bottom-width: 0px !important;padding-top: 0px !important;padding-bottom: 0px !important;}&#8221;][vc_column width=&#8221;1\/2&#8243; css=&#8221;.vc_custom_1574929245007{padding-top: 80px !important;padding-bottom: 0px !important;}&#8221;][vc_single_image img_size=&#8221;boc_medium&#8221; image=&#8221;23950&#8243;][\/vc_column][vc_column width=&#8221;1\/2&#8243; css=&#8221;.vc_custom_1574414436411{padding-top: 60px !important;padding-right: 20px !important;padding-bottom: 80px !important;padding-left: 40px !important;}&#8221;]<h3 class=\"boc_heading  al_left  boc_subheading \"  style=\"margin-bottom: 20px;margin-top: 0px;color: #adadad;font-size: 19px;\"><span>\u00c8 il trattamento pi\u00f9 efficace tra tutte le tecniche di riproduzione assistita.<\/span><\/h3><div class=\"boc_divider_holder\"><div class=\"boc_divider  \"  style=\"margin-top: 22px;margin-bottom: 22px;width: 100px;height: 1px;background: #eeeeee;\"><\/div><\/div>[vc_column_text]<\/p>\n<p style=\"background: white; vertical-align: baseline;\"><span lang=\"it\" style=\"font-size: 10.5pt; font-family: 'Arial',sans-serif; color: #444444;\">La donazione di ovuli \u00e8 il trattamento in cui la donna che desidera rimanere incinta utilizza ovociti donati. Ci sono diversi motivi per dover utilizzare ovociti donati, come l&#8217;et\u00e0 della paziente, la qualit\u00e0 degli ovuli ottenuti in trattamenti precedenti, la bassa risposta ovarica della donna durante la stimolazione ovarica, alterazioni genetiche, ecc.<\/span><\/p>\n<p style=\"background: white; vertical-align: baseline;\"><span lang=\"it\" style=\"font-size: 10.5pt; font-family: 'Arial',sans-serif; color: #444444;\">Il trattamento consiste nell&#8217;eseguire la fecondazione in vitro con ovuli di donatrice della e seme del partner coppia o di un donatore, a seconda dei casi, trasferendo l&#8217;embrione alla donna ricevente.<\/span><\/p>\n<p style=\"background: white; vertical-align: baseline;\"><span lang=\"it\" style=\"font-size: 10.5pt; font-family: 'Arial',sans-serif; color: #444444;\">La donazione di ovuli in Spagna \u00e8 totalmente anonima. Ci\u00f2 significa che n\u00e9 la donna che dona i suoi ovociti conoscer\u00e0 l&#8217;identit\u00e0 della donna che li riceve n\u00e9 viceversa. Nonostante questo anonimato, in caso di malattia o necessit\u00e0 medica, la donatrice pu\u00f2 essere localizzata per effettuare esami o studi. Inoltre, Fertility Benidorm conserva i campioni di tutti i suoi donanti per un periodo di 25 anni.<\/span><\/p>\n<p>[\/vc_column_text][\/vc_column][\/vc_row][vc_row enable_overlay=&#8221;off&#8221; el_class=&#8221;no_text_transform&#8221; css=&#8221;.vc_custom_1574416552770{margin-top: 0px !important;margin-bottom: 30px !important;border-top-width: 0px !important;border-bottom-width: 30px !important;padding-top: 0px !important;padding-bottom: 30px !important;}&#8221;][vc_column width=&#8221;1\/2&#8243; css=&#8221;.vc_custom_1437475311042{padding-right: 30px !important;padding-bottom: 30px !important;}&#8221; el_class=&#8221;no_side_padding_in_responsive_column&#8221;]<h3 class=\"boc_heading  al_left  bgr_multidotted  \"  style=\"margin-bottom: 50px;margin-top: 20px;color: #333333;\"><span>\u00bfA quali esami viene <strong>sottoposta la donatrice <\/strong>?<\/span><\/h3>[vc_column_text]<\/p>\n<p style=\"background: white; vertical-align: baseline;\"><span lang=\"it\" style=\"font-size: 10.5pt; font-family: 'Arial',sans-serif; color: #444444;\">Le donatrici superano una serie di prove e test molto severi. Viene effettuato uno studio sanitario di base, con analisi generali; test sierologici per escludere malattie infettive (HIV, Epatite B, Epatite C\u2026); un cariotipo per essere sicuri di non avere anomalie cromosomiche; e uno studio genetico dei portatori di malattie recessive.<\/span><\/p>\n<p style=\"background: white; vertical-align: baseline;\"><span lang=\"it\" style=\"font-size: 10.5pt; font-family: 'Arial',sans-serif; color: #444444;\">A Fertility Benidorm abbiamo a cuore la salute e il benessere delle nostre donatrici, motivo per cui vengono eseguite anche le ecografie necessarie, le colture batteriologiche e il supporto del nostro psicologo.<\/span><\/p>\n<p>[\/vc_column_text][\/vc_column][vc_column width=&#8221;1\/2&#8243; css=&#8221;.vc_custom_1437475316300{padding-right: 20px !important;padding-bottom: 30px !important;padding-left: 60px !important;}&#8221; el_class=&#8221;no_side_padding_in_responsive_column&#8221;]<h3 class=\"boc_heading  al_left  bgr_multidotted  \"  style=\"margin-bottom: 40px;margin-top: 20px;color: #333333;\"><span>\u00bfCome viene <strong>selezionata <\/strong>la donatrice?<\/span><\/h3>[vc_column_text]<\/p>\n<p style=\"background: white; vertical-align: baseline;\"><span lang=\"it\" style=\"font-size: 10.5pt; font-family: 'Arial',sans-serif; color: #444444;\">La donatrice viene selezionata in base alle caratteristiche dei pazienti. Vengono prese in considerazione caratteristiche fisiche come altezza, peso, colore degli occhi, colore dei capelli, colore della pelle, gruppo sanguigno e aspetto generale.<\/span><\/p>\n<p style=\"background: white; vertical-align: baseline;\"><span lang=\"it\" style=\"font-size: 10.5pt; font-family: 'Arial',sans-serif; color: #444444;\">Facciamo la selezione prima di iniziare il trattamento.<\/span><\/p>\n<p style=\"margin: 0cm; background: white; vertical-align: baseline;\"><span lang=\"it\" style=\"font-size: 10.5pt; font-family: 'Arial',sans-serif; color: #444444;\">Inoltre, abbiamo la possibilit\u00e0, altamente raccomandata, di effettuare uno studio di compatibilit\u00e0 genetica o di corrispondenza per evitare la trasmissione di malattie importanti alla prole.<\/span><\/p>\n<p>[\/vc_column_text][\/vc_column][\/vc_row][vc_row full_width=&#8221;stretch_row&#8221; css=&#8221;.vc_custom_1574416468273{margin-bottom: 0px !important;border-bottom-width: 0px !important;padding-top: 10px !important;padding-bottom: 0px !important;background-color: #f9f9f9 !important;}&#8221;][vc_column width=&#8221;1\/3&#8243;]<div class=\"boc_spacing \" style=\"height: 100px\"><\/div><h3 class=\"boc_heading  al_left  \"  style=\"margin-bottom: 0px;margin-top: 24px;color: #333333;font-size: 38px;\"><span>\u00bfCome viene eseguita la <strong class=\"text_rotate\">tecnica della donazione di ovociti <\/strong>?<\/span><\/h3><div class=\"boc_divider_holder\"><div class=\"boc_divider  \"  style=\"margin-top: 24px;margin-bottom: 24px;width: 100px;height: 2px;background: #f4f4f4;\"><\/div><\/div>[\/vc_column][vc_column width=&#8221;1\/3&#8243;]<div class=\"boc_spacing \" style=\"height: 30px\"><\/div>[vc_column_text]<\/p>\n<p style=\"vertical-align: baseline;\"><span lang=\"it\" style=\"font-size: 10.5pt; font-family: 'Arial',sans-serif; color: #444444;\">Sia la dpnatrice che la ricevente riceveranno un trattamento coordinato.<\/span><\/p>\n<p style=\"vertical-align: baseline;\"><span lang=\"it\" style=\"font-size: 10.5pt; font-family: 'Arial',sans-serif; color: #444444;\">La donatrice subir\u00e0 un trattamento di stimolazione ovarica di circa 10 giorni per ottenere gli ovociti necessari. Nel frattempo, la ricevente ricever\u00e0 un trattamento che consiste nel preparare l&#8217;utero e ricevere l&#8217;embrione o gli embrioni nelle migliori condizioni.<\/span><\/p>\n<p style=\"vertical-align: baseline;\"><span lang=\"it\" style=\"font-size: 10.5pt; font-family: 'Arial',sans-serif; color: #444444;\">Dopo la stimolazione della donatrice, si estraggono gli ovociti, che vengono fecondati lo stesso giorno, o con il seme del partner o con il seme della donatrice, a seconda dei casi.<\/span><\/p>\n<p style=\"vertical-align: baseline;\"><span lang=\"it\" style=\"font-size: 10.5pt; font-family: 'Arial',sans-serif; color: #444444;\">Dopo alcuni giorni di coltura, gli embrioni vengono classificati in base alla loro qualit\u00e0 e uno o due vengono trasferiti nell&#8217;utero.<\/span><\/p>\n<p style=\"vertical-align: baseline;\"><span lang=\"it\" style=\"font-size: 10.5pt; font-family: 'Arial',sans-serif; color: #444444;\">Gli embrioni di buona qualit\u00e0 che non sono stati trasferiti saranno vetrificati (congelati) in azoto liquido per essere utilizzati in futuro.<\/span><\/p>\n<p>[\/vc_column_text]<div class=\"boc_spacing \" style=\"height: 20px\"><\/div>[\/vc_column][vc_column width=&#8221;1\/3&#8243;]<div class=\"boc_spacing \" style=\"height: 30px\"><\/div>[vc_column_text]<\/p>\n<p style=\"vertical-align: baseline;\"><span lang=\"it\" style=\"font-size: 10.5pt; font-family: 'Arial',sans-serif; color: #444444;\">Oltre a servire la popolazione locale, Fertility Benidorm \u00e8 una clinica internazionale che lavora con pazienti provenienti da fuori citt\u00e0, da altri paesi europei e da altri continenti.<\/span><\/p>\n<p style=\"vertical-align: baseline;\"><span lang=\"it\" style=\"font-size: 10.5pt; font-family: 'Arial',sans-serif; color: #444444;\">Pertanto, durante il primo appuntamento apriremo l&#8217;anamnesi ed eseguiremo un&#8217;ecografia. Inoltre, cercheremo di fare tutto il possibile affinch\u00e9 i nostri pazienti possano eseguire gli esami medici indicati nel modo pi\u00f9 confortevole e nel minor tempo possibile. Raccomandiamo di fornire tutte le informazioni disponibili al nostro centro di fertilit\u00e0, in quanto potrebbero esserci utili.<\/span><\/p>\n<p style=\"margin: 0cm; vertical-align: baseline;\"><span lang=\"it\" style=\"font-size: 10.5pt; font-family: 'Arial',sans-serif; color: #444444;\">Se viaggi all&#8217;aeroporto di Alicante per recarti presso il nostro centro, ci occuperemo del tuo ritiro e del trasferimento in clinica. Contattaci in modo che il nostro team possa spiegare le condizioni di questo servizio che offriamo ai nostri clienti.<\/span><\/p>\n<p>[\/vc_column_text]<div class=\"boc_spacing \" style=\"height: 20px\"><\/div>[\/vc_column][\/vc_row][vc_row full_width=&#8221;stretch_row&#8221; bg_type=&#8221;bg_color&#8221; enable_overlay=&#8221;enable_overlay_value&#8221; el_class=&#8221;white_text&#8221; css=&#8221;.vc_custom_1574925656369{margin-top: 0px !important;margin-bottom: 0px !important;border-top-width: 0px !important;padding-top: 20px !important;padding-bottom: 24px !important;}&#8221; bg_color_value=&#8221;#1fc7d6&#8243;][vc_column]<div class=\"text_box  box_no_bgr \"><div class=\"text_box_content with_button\"><h2>Cl\u00ednica especialista en reproducci\u00f3n asistida<\/h2>\r\n\t\t\t\t\t<p>Para cualquier duda o informaci\u00f3n sobre Fertility Benidorm, contacta con nosotros. Estaremos encantados de poder ayudarte.<\/p>\r\n\t\t\t\t<\/div><div class=\"btn_holder\"><a\thref=\"https:\/\/fertilitybenidorm.com\/contacto\/\" \r\n\t\t\t\t\tclass=\"button  btn_medium_stretched btn_white btn_rounded btn_outline icon_pos_after \"  target='_self'><span>Contacto<\/span> <i class='icon icon icon-angle-right2'><\/i> <\/a><\/div><\/div>[\/vc_column][\/vc_row]<\/p>\n<\/div>","protected":false},"excerpt":{"rendered":"<p>[vc_row][vc_column][\/vc_column][\/vc_row][vc_row css=&#8221;.vc_custom_1573630556478{margin-bottom: 0px !important;border-bottom-width: 0px !important;padding-bottom: 0px !important;}&#8221;][vc_column][\/vc_column][\/vc_row][vc_row css=&#8221;.vc_custom_1574416548075{margin-top: 0px !important;margin-bottom: 0px !important;border-top-width: 0px !important;border-bottom-width: 0px !important;padding-top: 0px !important;padding-bottom: 0px !important;}&#8221;][vc_column width=&#8221;1\/2&#8243; css=&#8221;.vc_custom_1574929245007{padding-top: 80px !important;padding-bottom: 0px !important;}&#8221;][vc_single_image img_size=&#8221;boc_medium&#8221; image=&#8221;23950&#8243;][\/vc_column][vc_column width=&#8221;1\/2&#8243; css=&#8221;.vc_custom_1574414436411{padding-top: 60px !important;padding-right: 20px !important;padding-bottom: 80px !important;padding-left: 40px !important;}&#8221;][vc_column_text] La donazione di ovuli \u00e8 il trattamento in cui la donna che desidera rimanere incinta utilizza ovociti donati. Ci sono diversi<\/p>\n<div class=\"h10\"><\/div>\n<p><a class=\"more-link2 flat\" href=\"https:\/\/fertilitybenidorm.com\/it\/ovodonacion\/\">Read more<\/a><\/p>\n","protected":false},"author":7,"featured_media":0,"parent":0,"menu_order":0,"comment_status":"open","ping_status":"open","template":"","meta":{"_joinchat":[],"footnotes":""},"class_list":["post-39358","page","type-page","status-publish","hentry"],"_links":{"self":[{"href":"https:\/\/fertilitybenidorm.com\/it\/wp-json\/wp\/v2\/pages\/39358","targetHints":{"allow":["GET"]}}],"collection":[{"href":"https:\/\/fertilitybenidorm.com\/it\/wp-json\/wp\/v2\/pages"}],"about":[{"href":"https:\/\/fertilitybenidorm.com\/it\/wp-json\/wp\/v2\/types\/page"}],"author":[{"embeddable":true,"href":"https:\/\/fertilitybenidorm.com\/it\/wp-json\/wp\/v2\/users\/7"}],"replies":[{"embeddable":true,"href":"https:\/\/fertilitybenidorm.com\/it\/wp-json\/wp\/v2\/comments?post=39358"}],"version-history":[{"count":3,"href":"https:\/\/fertilitybenidorm.com\/it\/wp-json\/wp\/v2\/pages\/39358\/revisions"}],"predecessor-version":[{"id":39361,"href":"https:\/\/fertilitybenidorm.com\/it\/wp-json\/wp\/v2\/pages\/39358\/revisions\/39361"}],"wp:attachment":[{"href":"https:\/\/fertilitybenidorm.com\/it\/wp-json\/wp\/v2\/media?parent=39358"}],"curies":[{"name":"wp","href":"https:\/\/api.w.org\/{rel}","templated":true}]}}