{"id":39322,"date":"2019-11-14T06:57:55","date_gmt":"2019-11-14T05:57:55","guid":{"rendered":"https:\/\/fertilitybenidorm.com\/estudio-de-fertilidad\/"},"modified":"2023-05-01T17:19:39","modified_gmt":"2023-05-01T15:19:39","slug":"estudio-de-fertilidad","status":"publish","type":"page","link":"https:\/\/fertilitybenidorm.com\/it\/estudio-de-fertilidad\/","title":{"rendered":"Studio della fertilit\u00e0"},"content":{"rendered":"<div class=\"wpb-content-wrapper\"><p>[vc_row][vc_column]<div class=\"boc_spacing \" style=\"height: 40px\"><\/div>[\/vc_column][\/vc_row][vc_row css=&#8221;.vc_custom_1573630556478{margin-bottom: 0px !important;border-bottom-width: 0px !important;padding-bottom: 0px !important;}&#8221;][vc_column]<h3 class=\"boc_heading  center  \"  style=\"margin-bottom: 20px;margin-top: 0px;color: #333333;font-size: 40px;\"><span>Studio <strong> della fertilit\u00e0<\/strong> <\/span><\/h3><h3 class=\"boc_heading  center  boc_subheading \"  style=\"margin-bottom: 20px;margin-top: 0px;color: #adadad;font-size: 19px;\"><span>Quando una coppia ha problemi di concepimento \u00e8 necessario effettuare uno studio per fare la diagnosi.<\/span><\/h3>[\/vc_column][\/vc_row][vc_row css=&#8221;.vc_custom_1581148493727{margin-top: 0px !important;margin-bottom: 0px !important;border-top-width: 0px !important;border-bottom-width: 0px !important;padding-top: 0px !important;padding-bottom: 0px !important;}&#8221;][vc_column width=&#8221;1\/2&#8243; css=&#8221;.vc_custom_1427377437484{padding-top: 60px !important;padding-bottom: 0px !important;}&#8221;][vc_single_image img_size=&#8221;boc_medium&#8221; image=&#8221;24228&#8243;][\/vc_column][vc_column width=&#8221;1\/2&#8243; css=&#8221;.vc_custom_1580469281805{padding-top: 60px !important;padding-right: 20px !important;padding-bottom: 80px !important;padding-left: 40px !important;}&#8221;]<h1 class=\"boc_heading no_text_transform letter_spacing_negative al_left  \"  style=\"margin-bottom: 8px;margin-top: 0px;color: #333333;font-size: 33px;\"><span>Studio della fertilit\u00e0 <strong>nelle donne<\/strong><\/span><\/h1><div class=\"boc_divider_holder\"><div class=\"boc_divider  \"  style=\"margin-top: 22px;margin-bottom: 22px;width: 100px;height: 1px;background: #eeeeee;\"><\/div><\/div>[vc_column_text]Questo studio consiste in una serie di test da eseguire sulla donna. A seconda dei casi, alcuni o tutti devono essere eseguiti.<\/p>\n<ul>\n<li>Ecografia transvaginale: Per effettuare uno studio di base dello stato fisiologico dell&#8217;utero e delle ovaie.<\/li>\n<li>Essudato vaginale: Per effettuare uno studio batteriologico e quindi determinare se ci sono infezioni nell&#8217;ambiente vaginale.<\/li>\n<li>Citologia ginecologica: per escludere la presenza di infezioni o altre anomalie cellulari nella cervice.<\/li>\n<li>Esami del sangue: per determinare, tra l&#8217;altro, il livello degli ormoni nel sangue. Questi ormoni ci informano se c&#8217;\u00e8 un problema nel funzionamento delle ovaie.<\/li>\n<li>Isterosalpingografia: si tratta di una radiografia con mezzo di contrasto, in cui si studier\u00e0 la fisiologia dell&#8217;utero e delle tube di Falloppio e la loro permeabilit\u00e0.<\/li>\n<\/ul>\n<p>[\/vc_column_text][\/vc_column][\/vc_row][vc_row css=&#8221;.vc_custom_1573630561747{margin-top: 0px !important;margin-bottom: 0px !important;border-top-width: 0px !important;padding-top: 0px !important;}&#8221;][vc_column width=&#8221;1\/2&#8243; css=&#8221;.vc_custom_1427377437484{padding-top: 60px !important;padding-bottom: 0px !important;}&#8221;][vc_single_image img_size=&#8221;boc_medium&#8221; image=&#8221;24229&#8243;][\/vc_column][vc_column width=&#8221;1\/2&#8243; css=&#8221;.vc_custom_1576219128873{padding-top: 80px !important;padding-right: 20px !important;padding-bottom: 80px !important;padding-left: 40px !important;}&#8221;]<h1 class=\"boc_heading no_text_transform letter_spacing_negative al_left  \"  style=\"margin-bottom: 8px;margin-top: 0px;color: #333333;font-size: 33px;\"><span>Studio sulla fertilit\u00e0 <strong>maschile<\/strong><\/span><\/h1><div class=\"boc_divider_holder\"><div class=\"boc_divider  \"  style=\"margin-top: 22px;margin-bottom: 22px;width: 100px;height: 1px;background: #eeeeee;\"><\/div><\/div>[vc_column_text]Negli uomini, effettueremo alcuni test per determinare se c&#8217;\u00e8 qualche causa che possa interferire con il concepimento o il raggiungimento di una gravidanza in corso.<\/p>\n<ul>\n<li>Spermiogramma: questo test \u00e8 essenziale per lo studio della fertilit\u00e0, poich\u00e9 con esso conosceremo un gran numero di parametri del campione seminale come la quantit\u00e0 e la mobilit\u00e0 degli spermatozoi.<\/li>\n<li>Capacitazione spermatica: sottoponiamo il precedente campione di sperma ad un processo di capacitazione per verificarne la risposta.<\/li>\n<\/ul>\n<p>[\/vc_column_text]<div class=\"boc_spacing \" style=\"height: 20px\"><\/div>[\/vc_column][\/vc_row][vc_row full_width=&#8221;stretch_row&#8221; bg_type=&#8221;bg_color&#8221; enable_overlay=&#8221;enable_overlay_value&#8221; el_class=&#8221;white_text&#8221; css=&#8221;.vc_custom_1576219209367{margin-top: 0px !important;margin-bottom: 0px !important;border-top-width: 0px !important;padding-top: 20px !important;padding-bottom: 24px !important;}&#8221; bg_color_value=&#8221;#1fc7d6&#8243;][vc_column]<div class=\"text_box  box_no_bgr \"><div class=\"text_box_content with_button\"><h2>Cl\u00ednica especialista en reproducci\u00f3n asistida<\/h2>\r\n\t\t\t\t\t<p>Para cualquier duda o informaci\u00f3n sobre Fertility Benidorm, contacta con nosotros estaremos encantados de poder ayudarte.<\/p>\r\n\t\t\t\t<\/div><div class=\"btn_holder\"><a\thref=\"https:\/\/fertilitybenidorm.com\/contacto\/\" \r\n\t\t\t\t\tclass=\"button  btn_medium_stretched btn_white btn_rounded btn_outline icon_pos_after \"  target='_self'><span>Contacto<\/span> <i class='icon icon icon-angle-right2'><\/i> <\/a><\/div><\/div>[\/vc_column][\/vc_row]<\/p>\n<\/div>","protected":false},"excerpt":{"rendered":"<p>[vc_row][vc_column][\/vc_column][\/vc_row][vc_row css=&#8221;.vc_custom_1573630556478{margin-bottom: 0px !important;border-bottom-width: 0px !important;padding-bottom: 0px !important;}&#8221;][vc_column][\/vc_column][\/vc_row][vc_row css=&#8221;.vc_custom_1581148493727{margin-top: 0px !important;margin-bottom: 0px !important;border-top-width: 0px !important;border-bottom-width: 0px !important;padding-top: 0px !important;padding-bottom: 0px !important;}&#8221;][vc_column width=&#8221;1\/2&#8243; css=&#8221;.vc_custom_1427377437484{padding-top: 60px !important;padding-bottom: 0px !important;}&#8221;][vc_single_image img_size=&#8221;boc_medium&#8221; image=&#8221;24228&#8243;][\/vc_column][vc_column width=&#8221;1\/2&#8243; css=&#8221;.vc_custom_1580469281805{padding-top: 60px !important;padding-right: 20px !important;padding-bottom: 80px !important;padding-left: 40px !important;}&#8221;][vc_column_text]Questo studio consiste in una serie di test da eseguire sulla donna. A seconda dei casi, alcuni o tutti devono essere eseguiti.<\/p>\n<div class=\"h10\"><\/div>\n<p><a class=\"more-link2 flat\" href=\"https:\/\/fertilitybenidorm.com\/it\/estudio-de-fertilidad\/\">Read more<\/a><\/p>\n","protected":false},"author":7,"featured_media":0,"parent":0,"menu_order":0,"comment_status":"open","ping_status":"closed","template":"","meta":{"_joinchat":[],"footnotes":""},"class_list":["post-39322","page","type-page","status-publish","hentry"],"_links":{"self":[{"href":"https:\/\/fertilitybenidorm.com\/it\/wp-json\/wp\/v2\/pages\/39322","targetHints":{"allow":["GET"]}}],"collection":[{"href":"https:\/\/fertilitybenidorm.com\/it\/wp-json\/wp\/v2\/pages"}],"about":[{"href":"https:\/\/fertilitybenidorm.com\/it\/wp-json\/wp\/v2\/types\/page"}],"author":[{"embeddable":true,"href":"https:\/\/fertilitybenidorm.com\/it\/wp-json\/wp\/v2\/users\/7"}],"replies":[{"embeddable":true,"href":"https:\/\/fertilitybenidorm.com\/it\/wp-json\/wp\/v2\/comments?post=39322"}],"version-history":[{"count":3,"href":"https:\/\/fertilitybenidorm.com\/it\/wp-json\/wp\/v2\/pages\/39322\/revisions"}],"predecessor-version":[{"id":39325,"href":"https:\/\/fertilitybenidorm.com\/it\/wp-json\/wp\/v2\/pages\/39322\/revisions\/39325"}],"wp:attachment":[{"href":"https:\/\/fertilitybenidorm.com\/it\/wp-json\/wp\/v2\/media?parent=39322"}],"curies":[{"name":"wp","href":"https:\/\/api.w.org\/{rel}","templated":true}]}}