{"id":39315,"date":"2019-11-14T06:56:59","date_gmt":"2019-11-14T05:56:59","guid":{"rendered":"https:\/\/fertilitybenidorm.com\/banco-de-semen\/"},"modified":"2023-05-01T17:01:24","modified_gmt":"2023-05-01T15:01:24","slug":"banco-de-semen","status":"publish","type":"page","link":"https:\/\/fertilitybenidorm.com\/it\/banco-de-semen\/","title":{"rendered":"Banca dello sperma"},"content":{"rendered":"<div class=\"wpb-content-wrapper\"><p>[vc_row][vc_column]<div class=\"boc_spacing \" style=\"height: 40px\"><\/div>[\/vc_column][\/vc_row][vc_row css=&#8221;.vc_custom_1573630556478{margin-bottom: 0px !important;border-bottom-width: 0px !important;padding-bottom: 0px !important;}&#8221;][vc_column]<h3 class=\"boc_heading  center  \"  style=\"margin-bottom: 20px;margin-top: 0px;color: #333333;font-size: 40px;\"><span>Banca <strong> dello sperma<\/strong> <\/span><\/h3><h3 class=\"boc_heading  center  boc_subheading \"  style=\"margin-bottom: 20px;margin-top: 0px;color: #adadad;font-size: 19px;\"><span>Fertilit\u00e0 Benidorm ha la sua banca del seme<\/span><\/h3><div class=\"boc_divider_holder\"><div class=\"boc_divider  \"  style=\"margin-top: 22px;margin-bottom: 22px;width: 100px;margin-left: auto; margin-right: auto;height: 1px;background: #eeeeee;\"><\/div><\/div>[\/vc_column][\/vc_row][vc_row css=&#8221;.vc_custom_1573630561747{margin-top: 0px !important;margin-bottom: 0px !important;border-top-width: 0px !important;padding-top: 0px !important;}&#8221;][vc_column width=&#8221;1\/2&#8243; css=&#8221;.vc_custom_1427377437484{padding-top: 60px !important;padding-bottom: 0px !important;}&#8221;][vc_single_image img_size=&#8221;boc_medium&#8221; image=&#8221;24197&#8243;][\/vc_column][vc_column width=&#8221;1\/2&#8243; css=&#8221;.vc_custom_1574927120445{padding-top: 80px !important;padding-right: 20px !important;padding-bottom: 80px !important;padding-left: 40px !important;}&#8221;]<h1 class=\"boc_heading no_text_transform letter_spacing_negative al_left  \"  style=\"margin-bottom: 8px;margin-top: 0px;color: #333333;font-size: 33px;\"><span>Banca <strong class=\"typewriter\">di alta qualit\u00e0 <\/strong><\/span><\/h1><h3 class=\"boc_heading  al_left  boc_subheading \"  style=\"margin-bottom: 20px;margin-top: 0px;color: #adadad;font-size: 19px;\"><span>Muestras de semen totalmente fiables<\/span><\/h3><div class=\"boc_divider_holder\"><div class=\"boc_divider  \"  style=\"margin-top: 22px;margin-bottom: 22px;width: 100px;height: 1px;background: #eeeeee;\"><\/div><\/div>[vc_column_text]I campioni dei nostri donatori rimangono rigorosamente conservati in un serbatoio di azoto liquido a 196 gradi sotto zero.<\/p>\n<p>Affinch\u00e9 un campione venga conservato nella nostra banca del seme, il donatore supera test approfonditi sulla salute psicologica e fisica, comprese ovviamente le malattie sessualmente trasmissibili.<\/p>\n<p>Come stabilito dalla legge spagnola, i donatori di sperma rimangono anonimi, cos\u00ec come il donatore di sperma non sar\u00e0 a conoscenza dell&#8217;identit\u00e0 della donna o della coppia ricevente.[\/vc_column_text][\/vc_column][\/vc_row][vc_row full_width=&#8221;stretch_row&#8221; parallax=&#8221;content-moving&#8221; parallax_image=&#8221;24201&#8243; parallax_content=&#8221;off&#8221; enable_overlay=&#8221;off&#8221; css=&#8221;.vc_custom_1574929040715{margin-top: 60px !important;margin-bottom: 0px !important;padding-top: 100px !important;padding-bottom: 100px !important;}&#8221;][vc_column][vc_row_inner][vc_column_inner el_class=&#8221;equal_height_column&#8221; width=&#8221;1\/3&#8243; css=&#8221;.vc_custom_1574927819356{padding-top: 54px !important;padding-right: 60px !important;padding-bottom: 46px !important;padding-left: 62px !important;background-color: #1fc7d6 !important;}&#8221;]<h2 class=\"boc_heading  al_left  boc_animate_when_almost_visible boc_left-to-right\"  style=\"margin-bottom: 20px;margin-top: 0px;color: #ffffff;font-size: 26px;\"><span>\u00bfEN QU\u00c9 CASOS SE UTILIZA?<\/span><\/h2><div class=\"boc_divider_holder\"><div class=\"boc_divider  \"  style=\"margin-top: 24px;margin-bottom: 20px;width: 50px;height: 2px;background: rgba(255,255,255,0.2);\"><\/div><\/div><div class=\"boc_spacing \" style=\"height: 10px\"><\/div>[vc_column_text]<span style=\"color: #ffffff;\">Nuestros m\u00e9dicos recomendar\u00e1n el uso de nuestro banco de semen en los siguientes casos:<\/span>[\/vc_column_text]<div class=\"boc_spacing \" style=\"height: 10px\"><\/div>[\/vc_column_inner][vc_column_inner el_class=&#8221;equal_height_column&#8221; width=&#8221;1\/3&#8243; css=&#8221;.vc_custom_1441373406137{padding-top: 36px !important;padding-right: 30px !important;padding-bottom: 30px !important;padding-left: 52px !important;background-color: rgba(255,255,255,0.72) !important;*background-color: rgb(255,255,255) !important;}&#8221;]<div class=\"side_icon_box large  boc_animate_when_almost_visible\"><span class=\"icon_feat \" style=\"\"><i class=\"icon icon-female\" style=\"\"><\/i><\/span><h3>Mujeres<\/h3><div class=\"side_icon_box_content\">En el caso de que la pareja est\u00e9 formada por mujeres, pareja homosexual, o en mujeres solteras.<\/div><\/div><div class=\"boc_spacing \" style=\"height: 5px\"><\/div><div class=\"side_icon_box large  boc_animate_when_almost_visible\"><span class=\"icon_feat \" style=\"\"><i class=\"icon icon-male\" style=\"\"><\/i><\/span><h3>Hombres<\/h3><div class=\"side_icon_box_content\">En parejas heterosexuales en las que el var\u00f3n presenta azoospermia eyaculada y de la que no se ha podido obtener una muestra satisfactoria a trav\u00e9s de la biopsia de test\u00edculo.<\/div><\/div>[\/vc_column_inner][vc_column_inner el_class=&#8221;equal_height_column&#8221; width=&#8221;1\/3&#8243; css=&#8221;.vc_custom_1441373415216{padding-top: 36px !important;padding-right: 40px !important;padding-bottom: 30px !important;padding-left: 24px !important;background-color: rgba(255,255,255,0.72) !important;*background-color: rgb(255,255,255) !important;}&#8221;]<div class=\"side_icon_box large  boc_animate_when_almost_visible\"><span class=\"icon_feat \" style=\"\"><i class=\"icon icon-profile-female\" style=\"\"><\/i><\/span><h3>Otros casos<\/h3><div class=\"side_icon_box_content\">Cuando hay un alto riesgo de enfermedad de transmisi\u00f3n sexual o gen\u00e9tica.<\/div><\/div><div class=\"boc_spacing \" style=\"height: 5px\"><\/div><div class=\"side_icon_box large  boc_animate_when_almost_visible\"><span class=\"icon_feat \" style=\"\"><i class=\"icon icon-profile-male\" style=\"\"><\/i><\/span><h3>Donante indicado<\/h3><div class=\"side_icon_box_content\">Contamos con un equipo especializado encargado de asignar el donante m\u00e1s indicado para cada caso. En dicha selecci\u00f3n, tenemos en cuenta, entre otras caracter\u00edsticas, el grupo sangu\u00edneo, Rh, estatura o color del cabello y ojos.<\/div><\/div>[\/vc_column_inner][\/vc_row_inner][\/vc_column][\/vc_row][vc_row full_width=&#8221;stretch_row&#8221; bg_type=&#8221;bg_color&#8221; enable_overlay=&#8221;enable_overlay_value&#8221; el_class=&#8221;white_text&#8221; css=&#8221;.vc_custom_1574927732247{margin-top: 0px !important;margin-bottom: 0px !important;border-top-width: 0px !important;padding-top: 20px !important;padding-bottom: 24px !important;}&#8221; bg_color_value=&#8221;#1fc7d6&#8243;][vc_column]<div class=\"text_box  box_no_bgr \"><div class=\"text_box_content with_button\"><h2>Cl\u00ednica especialista en reproducci\u00f3n asistida<\/h2>\r\n\t\t\t\t\t<p>Para cualquier duda o informaci\u00f3n sobre Fertility Benidorm, contacta con nosotros estaremos encantados de poder ayudarte.<\/p>\r\n\t\t\t\t<\/div><div class=\"btn_holder\"><a\thref=\"https:\/\/fertilitybenidorm.com\/contacto\/\" \r\n\t\t\t\t\tclass=\"button  btn_medium_stretched btn_white btn_rounded btn_outline icon_pos_after \"  target='_self'><span>Contacto<\/span> <i class='icon icon icon-angle-right2'><\/i> <\/a><\/div><\/div>[\/vc_column][\/vc_row]<\/p>\n<\/div>","protected":false},"excerpt":{"rendered":"<p>[vc_row][vc_column][\/vc_column][\/vc_row][vc_row css=&#8221;.vc_custom_1573630556478{margin-bottom: 0px !important;border-bottom-width: 0px !important;padding-bottom: 0px !important;}&#8221;][vc_column][\/vc_column][\/vc_row][vc_row css=&#8221;.vc_custom_1573630561747{margin-top: 0px !important;margin-bottom: 0px !important;border-top-width: 0px !important;padding-top: 0px !important;}&#8221;][vc_column width=&#8221;1\/2&#8243; css=&#8221;.vc_custom_1427377437484{padding-top: 60px !important;padding-bottom: 0px !important;}&#8221;][vc_single_image img_size=&#8221;boc_medium&#8221; image=&#8221;24197&#8243;][\/vc_column][vc_column width=&#8221;1\/2&#8243; css=&#8221;.vc_custom_1574927120445{padding-top: 80px !important;padding-right: 20px !important;padding-bottom: 80px !important;padding-left: 40px !important;}&#8221;][vc_column_text]I campioni dei nostri donatori rimangono rigorosamente conservati in un serbatoio di azoto liquido a 196 gradi sotto zero. Affinch\u00e9 un campione venga conservato nella nostra<\/p>\n<div class=\"h10\"><\/div>\n<p><a class=\"more-link2 flat\" href=\"https:\/\/fertilitybenidorm.com\/it\/banco-de-semen\/\">Read more<\/a><\/p>\n","protected":false},"author":7,"featured_media":0,"parent":0,"menu_order":0,"comment_status":"open","ping_status":"closed","template":"","meta":{"_joinchat":[],"footnotes":""},"class_list":["post-39315","page","type-page","status-publish","hentry"],"_links":{"self":[{"href":"https:\/\/fertilitybenidorm.com\/it\/wp-json\/wp\/v2\/pages\/39315","targetHints":{"allow":["GET"]}}],"collection":[{"href":"https:\/\/fertilitybenidorm.com\/it\/wp-json\/wp\/v2\/pages"}],"about":[{"href":"https:\/\/fertilitybenidorm.com\/it\/wp-json\/wp\/v2\/types\/page"}],"author":[{"embeddable":true,"href":"https:\/\/fertilitybenidorm.com\/it\/wp-json\/wp\/v2\/users\/7"}],"replies":[{"embeddable":true,"href":"https:\/\/fertilitybenidorm.com\/it\/wp-json\/wp\/v2\/comments?post=39315"}],"version-history":[{"count":2,"href":"https:\/\/fertilitybenidorm.com\/it\/wp-json\/wp\/v2\/pages\/39315\/revisions"}],"predecessor-version":[{"id":39317,"href":"https:\/\/fertilitybenidorm.com\/it\/wp-json\/wp\/v2\/pages\/39315\/revisions\/39317"}],"wp:attachment":[{"href":"https:\/\/fertilitybenidorm.com\/it\/wp-json\/wp\/v2\/media?parent=39315"}],"curies":[{"name":"wp","href":"https:\/\/api.w.org\/{rel}","templated":true}]}}