{"id":39299,"date":"2019-11-13T18:28:06","date_gmt":"2019-11-13T17:28:06","guid":{"rendered":"https:\/\/fertilitybenidorm.com\/quienes-somos\/"},"modified":"2023-05-01T21:45:45","modified_gmt":"2023-05-01T19:45:45","slug":"quienes-somos","status":"publish","type":"page","link":"https:\/\/fertilitybenidorm.com\/it\/quienes-somos\/","title":{"rendered":"Chi siamo"},"content":{"rendered":"<div class=\"wpb-content-wrapper\"><p>[vc_row full_width=&#8221;stretch_row&#8221; bg_type=&#8221;image&#8221; parallax_style=&#8221;vcpb-vz-jquery&#8221; bg_image_new=&#8221;24032&#8243; bg_image_repeat=&#8221;no-repeat&#8221; parallax_sense=&#8221;40&#8243; disable_on_mobile_img_parallax=&#8221;off&#8221; parallax_content=&#8221;off&#8221; fadeout_row=&#8221;off&#8221; enable_overlay=&#8221;enable_overlay_value&#8221; overlay_color=&#8221;rgba(0,0,0,0.34)&#8221; css=&#8221;.vc_custom_1573667302073{margin-bottom: 0px !important;padding-top: 240px !important;padding-bottom: 160px !important;}&#8221;][vc_column]<h1 class=\"boc_heading  center  \"  style=\"margin-bottom: 12px;margin-top: 0px;color: #ffffff;font-size: 52px;\"><span><strong style=\"color: #1fc7d6;\"> Fertility<\/strong> Benidorm<\/span><\/h1><div class=\"boc_divider_holder\"><div class=\"boc_divider  \"  style=\"margin-top: 16px;margin-bottom: 20px;width: 100px;margin-left: auto; margin-right: auto;height: 1px;background: rgba(255,255,255,0.15);\"><\/div><\/div><h2 class=\"boc_heading  center  boc_subheading \"  style=\"margin-bottom: 20px;margin-top: 0px;color: rgba(255,255,255,0.8);font-size: 26px;\"><span>Esperienza, flessibilit\u00e0, empatia e ottima comunicazione<\/span><\/h2>[\/vc_column][\/vc_row][vc_row][vc_column]<div class=\"boc_spacing \" style=\"height: 20px\"><\/div>[\/vc_column][\/vc_row][vc_row css=&#8221;.vc_custom_1581146854044{margin-bottom: 0px !important;border-bottom-width: 0px !important;padding-bottom: 0px !important;}&#8221;][vc_column css=&#8221;.vc_custom_1427359774041{padding-top: 40px !important;padding-right: 30px !important;padding-bottom: 40px !important;}&#8221;]<h3 class=\"boc_heading  al_left  bgr_single  \"  style=\"margin-bottom: 40px;margin-top: 0px;color: #333333;font-size: 30px;\"><span>La nostra <strong>Clinica<\/strong><\/span><\/h3>[\/vc_column][\/vc_row][vc_row css=&#8221;.vc_custom_1581146861586{margin-top: 0px !important;border-top-width: 0px !important;padding-top: 0px !important;}&#8221;][vc_column width=&#8221;1\/3&#8243;][vc_column_text]Fertility Benidorm \u00e8 composto da un team di professionisti altamente qualificati con una vasta esperienza nel campo della riproduzione assistita . La nostra passione per il nostro lavoro, in cui siamo abituati a studiare i diversi casi di infertilit\u00e0 e sterilit\u00e0, ci rende indubbiamente diversi.[\/vc_column_text]<div class=\"boc_spacing \" style=\"height: 10px\"><\/div>[\/vc_column][vc_column width=&#8221;1\/3&#8243;][vc_column_text]\u00c8 nostra priorit\u00e0 offrire la migliore assistenza medica possibile, approfittando di tutti i progressi medici che sono alla nostra portata in modo personalizzato. \u00c8 fondamentale che i nostri pazienti si sentano sempre ascoltati, curati e accompagnati.[\/vc_column_text]<div class=\"boc_spacing \" style=\"height: 10px\"><\/div>[\/vc_column][vc_column width=&#8221;1\/3&#8243;][vc_column_text]Crediamo fermamente che le chiavi del successo dei nostri trattamenti risiedano nella nostra esperienza, flessibilit\u00e0, empatia e ottima comunicazione. Il nostro obiettivo non \u00e8 solo che i nostri pazienti realizzino il loro sogno di essere genitori, ma anche che il percorso verso quella gravidanza venga ricordato.[\/vc_column_text]<div class=\"boc_spacing \" style=\"height: 10px\"><\/div>[\/vc_column][\/vc_row][vc_row full_width=&#8221;stretch_row&#8221; css=&#8221;.vc_custom_1573667419355{margin-top: 60px !important;margin-bottom: 60px !important;padding-top: 100px !important;padding-bottom: 100px !important;background-color: #f7f7f7 !important;}&#8221;][vc_column][vc_row_inner][vc_column_inner el_class=&#8221;equal_height_column&#8221; width=&#8221;1\/3&#8243; css=&#8221;.vc_custom_1441373406137{padding-top: 36px !important;padding-right: 30px !important;padding-bottom: 30px !important;padding-left: 52px !important;background-color: rgba(255,255,255,0.72) !important;*background-color: rgb(255,255,255) !important;}&#8221;]<div class=\"side_icon_box large  boc_animate_when_almost_visible\"><span class=\"icon_feat \" style=\"\"><i class=\"icon icon-user-add\" style=\"color: #fe9dc4;\"><\/i><\/span><h3>Trattamento individualizzato<\/h3><div class=\"side_icon_box_content\">Siamo una clinica internazionale per la fertilit\u00e0 a Benidorm dotata di tecnologia all&#8217;avanguardia dove riceverai piena dedizione.<\/p>\n<p>Il nostro team medico progetta un piano di trattamento personalizzato, adattato alle esigenze e ai desideri dei nostri pazienti. Una persona del nostro team di assistenza ai pazienti sar\u00e0 incaricata di garantire il tuo benessere durante tutto il processo, essendo la tua persona di fiducia. Risolver\u00e0 le tue preoccupazioni e i tuoi dubbi e organizzer\u00e0 i tuoi appuntamenti e le tue procedure.<\/div><\/div><div class=\"boc_spacing \" style=\"height: 5px\"><\/div>[\/vc_column_inner][vc_column_inner el_class=&#8221;equal_height_column&#8221; width=&#8221;1\/3&#8243; css=&#8221;.vc_custom_1441373415216{padding-top: 36px !important;padding-right: 40px !important;padding-bottom: 30px !important;padding-left: 24px !important;background-color: rgba(255,255,255,0.72) !important;*background-color: rgb(255,255,255) !important;}&#8221;]<div class=\"side_icon_box large  boc_animate_when_almost_visible\"><span class=\"icon_feat \" style=\"\"><i class=\"icon icon-user-md\" style=\"\"><\/i><\/span><h3>Team multidisciplinare<\/h3><div class=\"side_icon_box_content\">Il team multidisciplinare di Fertility Benidorm, una clinica per la fertilit\u00e0 a Benidorm, \u00e8 composto anche da una vasta gamma di professionisti e gode del supporto dell&#8217;Hospital Cl\u00ednica Benidorm, situato a pochi metri dal nostro centro.<\/p>\n<p>Abbiamo la tecnologia pi\u00f9 avanzata e ci impegniamo nello sviluppo scientifico e nell&#8217;innovazione per fornire ai nostri pazienti i migliori trattamenti.<\/div><\/div><div class=\"boc_spacing \" style=\"height: 5px\"><\/div>[\/vc_column_inner][vc_column_inner el_class=&#8221;equal_height_column&#8221; width=&#8221;1\/3&#8243; css=&#8221;.vc_custom_1573667554856{padding-top: 54px !important;padding-right: 60px !important;padding-bottom: 46px !important;padding-left: 62px !important;background-color: #1fc7d6 !important;}&#8221;]<h2 class=\"boc_heading  al_left  \"  style=\"margin-bottom: 20px;margin-top: 0px;color: #ffffff;font-size: 26px;\"><span>Il miglior trattamento<\/span><\/h2><div class=\"boc_divider_holder\"><div class=\"boc_divider  \"  style=\"margin-top: 24px;margin-bottom: 20px;width: 50px;height: 2px;background: rgba(255,255,255,0.2);\"><\/div><\/div>[vc_column_text]<span style=\"color: #ffffff;\">A Fertility Benidorm, una clinica per la fertilit\u00e0 a Benidorm, vogliamo realizzare il vostro desiderio di essere genitori. Siamo un team medico di alto livello dentro e fuori la Spagna nel campo della ginecologia e della fertilit\u00e0.<br \/>\n<\/span>[\/vc_column_text]<div class=\"boc_spacing \" style=\"height: 10px\"><\/div><a\thref=\"https:\/\/fertilitybenidorm.com\/tratamientos\/\" \n\t\t\t\tclass=\"button btn_small btn_white btn_rounded btn_outline    \"  target='_self'><span>Trattamenti<\/span><\/a>[\/vc_column_inner][\/vc_row_inner][\/vc_column][\/vc_row][vc_row full_width=&#8221;stretch_row&#8221; css=&#8221;.vc_custom_1573667510419{background-color: #ffffff !important;}&#8221;][vc_column]<h2 class=\"boc_heading  center  \"  style=\"margin-bottom: 0px;margin-top: 0px;color: #333333;font-size: 36px;\"><span>Ambiente<strong>idilliaco<\/strong><\/span><\/h2>[vc_single_image img_size=&#8221;thumbnail&#8221; alignment=&#8221;center&#8221; css_animation=&#8221;boc_animate_when_almost_visible boc_top-to-bottom&#8221; image=&#8221;25412&#8243; css=&#8221;.vc_custom_1610976753303{margin-top: 0px !important;margin-bottom: 0px !important;border-top-width: 0px !important;border-bottom-width: 0px !important;padding-top: 0px !important;padding-bottom: 0px !important;}&#8221;]<div class=\"boc_heading  center  \"  style=\"margin-bottom: 0px;margin-top: 0px;color: #777777;font-size: 20px;line-height: 1.7em;\"><span>Ambiente tranquillo e fiducioso<\/span><\/div>[\/vc_column][\/vc_row][vc_row full_width=&#8221;stretch_row&#8221; css=&#8221;.vc_custom_1573667510419{background-color: #ffffff !important;}&#8221;][vc_column width=&#8221;1\/6&#8243;][\/vc_column][vc_column width=&#8221;2\/3&#8243;][vc_column_text]<\/p>\n<p style=\"text-align: center;\">La nostra clinica per la fertilit\u00e0 di Alicante si trova a pochi metri dalla spiaggia, in un ambiente meraviglioso. Godiamo di un clima meraviglioso tutto l&#8217;anno, di cui molte persone approfittano per combinare una fuga di vacanza con il sogno di creare una famiglia.<\/p>\n<p>[\/vc_column_text]<div class=\"boc_spacing \" style=\"height: 20px\"><\/div>[\/vc_column][vc_column width=&#8221;1\/6&#8243;][\/vc_column][\/vc_row][vc_row full_width=&#8221;stretch_row&#8221; css=&#8221;.vc_custom_1573667510419{background-color: #ffffff !important;}&#8221;][vc_column][vc_row_inner][vc_column_inner width=&#8221;1\/4&#8243;][vc_single_image img_size=&#8221;boc_medium&#8221; alignment=&#8221;center&#8221; image=&#8221;25416&#8243;]<h2 class=\"boc_heading  center  boc_subheading \"  style=\"margin-bottom: 20px;margin-top: 0px;color: #333333;font-size: 18px;\"><span>Supporto personalizzato<\/span><\/h2>[\/vc_column_inner][vc_column_inner width=&#8221;1\/4&#8243;][vc_single_image img_size=&#8221;boc_medium&#8221; alignment=&#8221;center&#8221; image=&#8221;25415&#8243;]<h2 class=\"boc_heading  center  boc_subheading \"  style=\"margin-bottom: 20px;margin-top: 0px;color: #333333;font-size: 18px;\"><span>Innovazioni mediche<\/span><\/h2>[\/vc_column_inner][vc_column_inner width=&#8221;1\/4&#8243;][vc_single_image img_size=&#8221;boc_medium&#8221; alignment=&#8221;center&#8221; image=&#8221;25414&#8243;]<h2 class=\"boc_heading  center  boc_subheading \"  style=\"margin-bottom: 20px;margin-top: 0px;color: #333333;font-size: 18px;\"><span>Ultima tecnologia<\/span><\/h2>[\/vc_column_inner][vc_column_inner width=&#8221;1\/4&#8243;][vc_single_image img_size=&#8221;boc_medium&#8221; alignment=&#8221;center&#8221; image=&#8221;25413&#8243;]<h2 class=\"boc_heading  center  boc_subheading \"  style=\"margin-bottom: 20px;margin-top: 0px;color: #333333;font-size: 18px;\"><span>Strutture eccellenti<\/span><\/h2>[\/vc_column_inner][\/vc_row_inner]<div class=\"boc_spacing \" style=\"height: 20px\"><\/div>[\/vc_column][\/vc_row][vc_row full_width=&#8221;stretch_row&#8221; bg_type=&#8221;bg_color&#8221; enable_overlay=&#8221;enable_overlay_value&#8221; el_class=&#8221;white_text&#8221; css=&#8221;.vc_custom_1576562359684{margin-top: 0px !important;margin-bottom: 0px !important;border-top-width: 0px !important;padding-top: 20px !important;padding-bottom: 24px !important;}&#8221; bg_color_value=&#8221;#1fc7d6&#8243;][vc_column]<div class=\"text_box  box_no_bgr \"><div class=\"text_box_content with_button\"><h2>CLINICA SPECIALIZZATA NELLA RIPRODUZIONE ASSISTITA<\/h2>\r\n\t\t\t\t\t<p>Per qualsiasi domanda o informazione su Fertility Benidorm, contattateci. Saremo lieti di aiutarvi.<\/p>\r\n\t\t\t\t<\/div><div class=\"btn_holder\"><a\thref=\"https:\/\/fertilitybenidorm.com\/contacto\/\" \r\n\t\t\t\t\tclass=\"button  btn_medium_stretched btn_white btn_rounded btn_outline icon_pos_after \"  target='_self'><span>Contacto<\/span> <i class='icon icon icon-angle-right2'><\/i> <\/a><\/div><\/div>[\/vc_column][\/vc_row]<\/p>\n<\/div>","protected":false},"excerpt":{"rendered":"<p>[vc_row full_width=&#8221;stretch_row&#8221; bg_type=&#8221;image&#8221; parallax_style=&#8221;vcpb-vz-jquery&#8221; bg_image_new=&#8221;24032&#8243; bg_image_repeat=&#8221;no-repeat&#8221; parallax_sense=&#8221;40&#8243; disable_on_mobile_img_parallax=&#8221;off&#8221; parallax_content=&#8221;off&#8221; fadeout_row=&#8221;off&#8221; enable_overlay=&#8221;enable_overlay_value&#8221; overlay_color=&#8221;rgba(0,0,0,0.34)&#8221; css=&#8221;.vc_custom_1573667302073{margin-bottom: 0px !important;padding-top: 240px !important;padding-bottom: 160px !important;}&#8221;][vc_column][\/vc_column][\/vc_row][vc_row][vc_column][\/vc_column][\/vc_row][vc_row css=&#8221;.vc_custom_1581146854044{margin-bottom: 0px !important;border-bottom-width: 0px !important;padding-bottom: 0px !important;}&#8221;][vc_column css=&#8221;.vc_custom_1427359774041{padding-top: 40px !important;padding-right: 30px !important;padding-bottom: 40px !important;}&#8221;][\/vc_column][\/vc_row][vc_row css=&#8221;.vc_custom_1581146861586{margin-top: 0px !important;border-top-width: 0px !important;padding-top: 0px !important;}&#8221;][vc_column width=&#8221;1\/3&#8243;][vc_column_text]Fertility Benidorm \u00e8 composto da un team di professionisti altamente qualificati con una vasta esperienza nel campo della riproduzione assistita<\/p>\n<div class=\"h10\"><\/div>\n<p><a class=\"more-link2 flat\" href=\"https:\/\/fertilitybenidorm.com\/it\/quienes-somos\/\">Read more<\/a><\/p>\n","protected":false},"author":7,"featured_media":0,"parent":0,"menu_order":0,"comment_status":"open","ping_status":"closed","template":"","meta":{"_joinchat":[],"footnotes":""},"class_list":["post-39299","page","type-page","status-publish","hentry"],"_links":{"self":[{"href":"https:\/\/fertilitybenidorm.com\/it\/wp-json\/wp\/v2\/pages\/39299","targetHints":{"allow":["GET"]}}],"collection":[{"href":"https:\/\/fertilitybenidorm.com\/it\/wp-json\/wp\/v2\/pages"}],"about":[{"href":"https:\/\/fertilitybenidorm.com\/it\/wp-json\/wp\/v2\/types\/page"}],"author":[{"embeddable":true,"href":"https:\/\/fertilitybenidorm.com\/it\/wp-json\/wp\/v2\/users\/7"}],"replies":[{"embeddable":true,"href":"https:\/\/fertilitybenidorm.com\/it\/wp-json\/wp\/v2\/comments?post=39299"}],"version-history":[{"count":3,"href":"https:\/\/fertilitybenidorm.com\/it\/wp-json\/wp\/v2\/pages\/39299\/revisions"}],"predecessor-version":[{"id":39450,"href":"https:\/\/fertilitybenidorm.com\/it\/wp-json\/wp\/v2\/pages\/39299\/revisions\/39450"}],"wp:attachment":[{"href":"https:\/\/fertilitybenidorm.com\/it\/wp-json\/wp\/v2\/media?parent=39299"}],"curies":[{"name":"wp","href":"https:\/\/api.w.org\/{rel}","templated":true}]}}