{"id":26088,"date":"2021-04-27T14:24:58","date_gmt":"2021-04-27T12:24:58","guid":{"rendered":"https:\/\/fertilitybenidorm.com\/?page_id=26088"},"modified":"2021-05-19T15:27:40","modified_gmt":"2021-05-19T13:27:40","slug":"our-team","status":"publish","type":"page","link":"https:\/\/fertilitybenidorm.com\/en\/our-team\/","title":{"rendered":"Our Team"},"content":{"rendered":"<div class=\"wpb-content-wrapper\"><p>[vc_row][vc_column]<div class=\"boc_spacing \" style=\"height: 40px\"><\/div>[\/vc_column][\/vc_row][vc_row css=&#8221;.vc_custom_1573630556478{margin-bottom: 0px !important;border-bottom-width: 0px !important;padding-bottom: 0px !important;}&#8221;][vc_column]<h3 class=\"boc_heading  center  \"  style=\"margin-bottom: 20px;margin-top: 0px;color: #333333;font-size: 33px;\"><span>Fertility <strong>Team<\/strong> <\/span><\/h3><h3 class=\"boc_heading  center  boc_subheading \"  style=\"margin-bottom: 20px;margin-top: 0px;color: #adadad;font-size: 19px;\"><span>We accompany the patient from their first contact with the center<\/span><\/h3>[\/vc_column][\/vc_row][vc_row][vc_column]<div class=\"boc_spacing \" style=\"height: 20px\"><\/div>[\/vc_column][\/vc_row][vc_row css=&#8221;.vc_custom_1427277012817{padding-top: 10px !important;padding-bottom: 50px !important;}&#8221;][vc_column width=&#8221;1\/2&#8243; css=&#8221;.vc_custom_1428521662124{padding-right: 20px !important;padding-left: 20px !important;}&#8221;][vc_single_image alignment=&#8221;center&#8221; image=&#8221;26058&#8243;]\t<div class=\"team_block_content  boc_animate_when_almost_visible boc_left-to-right\">\r\n\t\t\t\t\t<div class=\"pic\">\r\n\t\t\t\t\t\t\r\n\t\t\t\t\t\t<div class=\"team_image boxed \"><img decoding=\"async\" src=\"https:\/\/fertilitybenidorm.com\/wp-content\/themes\/fortuna\/images\/user.png\" alt=\"\" title=\"\"><\/div>\r\n\t\t\t\t\t\t\r\n\t\t\t\t\t\t\r\n\t\t\t\t\t\t\r\n\t\t\t\t\t\t<div class=\"team_block\">\r\n\t\t\t\t\t\t\t<h4>Fernando Hern\u00e1ndez Lloria<\/h4>\r\n\t\t\t\t\t\t\t<p class=\"team_desc\">Reproductive Biology<\/p>\r\n\t\t\t\t\t\t\t<p class=\"team_text\"><\/p>\r\n\t\t\t\t\t\t\t<div class=\"team_icons\">\r\n\t\t\t\t\t\t\r\n\t\t\t\t\t\t\r\n\t\t\t\t\t\t\r\n\t\t\t\t\t\t\r\n\t\t\t\t\t\t\r\n\t\t\t\t\t\t\r\n\t\t\t\t\t\t\r\n\t\t\t\t\t\t\r\n\t\t\t\t\t\t\t<\/div>\r\n\t\t\t\t\t\t<\/div>\r\n\t\t\t\t\t<\/div>\r\n\t\t\t\t<\/div>\r\n\t\t\t<div class=\"boc_spacing \" style=\"height: 10px\"><\/div>[\/vc_column][vc_column width=&#8221;1\/2&#8243; css=&#8221;.vc_custom_1428521669245{padding-right: 20px !important;padding-left: 20px !important;}&#8221;][vc_single_image alignment=&#8221;center&#8221; image=&#8221;26057&#8243;]\t<div class=\"team_block_content  boc_animate_when_almost_visible boc_right-to-left\">\r\n\t\t\t\t\t<div class=\"pic\">\r\n\t\t\t\t\t\t\r\n\t\t\t\t\t\t<div class=\"team_image boxed \"><img decoding=\"async\" width=\"440\" height=\"440\" src=\"https:\/\/fertilitybenidorm.com\/wp-content\/uploads\/2021\/04\/alexia.png\" class=\"attachment-full size-full\" alt=\"\" srcset=\"https:\/\/fertilitybenidorm.com\/wp-content\/uploads\/2021\/04\/alexia.png 440w, https:\/\/fertilitybenidorm.com\/wp-content\/uploads\/2021\/04\/alexia-300x300.png 300w, https:\/\/fertilitybenidorm.com\/wp-content\/uploads\/2021\/04\/alexia-150x150.png 150w\" sizes=\"(max-width: 440px) 100vw, 440px\" title=\"\"><\/div>\r\n\t\t\t\t\t\t\r\n\t\t\t\t\t\t\r\n\t\t\t\t\t\t\r\n\t\t\t\t\t\t<div class=\"team_block\">\r\n\t\t\t\t\t\t\t<h4>Alexia Nadine Mannee<\/h4>\r\n\t\t\t\t\t\t\t<p class=\"team_desc\">Patient Care<\/p>\r\n\t\t\t\t\t\t\t<p class=\"team_text\"><\/p>\r\n\t\t\t\t\t\t\t<div class=\"team_icons\">\r\n\t\t\t\t\t\t\r\n\t\t\t\t\t\t\r\n\t\t\t\t\t\t\r\n\t\t\t\t\t\t\r\n\t\t\t\t\t\t\r\n\t\t\t\t\t\t\r\n\t\t\t\t\t\t\r\n\t\t\t\t\t\t\r\n\t\t\t\t\t\t\t<\/div>\r\n\t\t\t\t\t\t<\/div>\r\n\t\t\t\t\t<\/div>\r\n\t\t\t\t<\/div>\r\n\t\t\t<div class=\"boc_spacing \" style=\"height: 10px\"><\/div>[\/vc_column][\/vc_row][vc_row css=&#8221;.vc_custom_1427277012817{padding-top: 10px !important;padding-bottom: 50px !important;}&#8221;][vc_column width=&#8221;1\/2&#8243; css=&#8221;.vc_custom_1428521662124{padding-right: 20px !important;padding-left: 20px !important;}&#8221;][vc_single_image alignment=&#8221;center&#8221; image=&#8221;26061&#8243;]\t<div class=\"team_block_content  boc_animate_when_almost_visible boc_left-to-right\">\r\n\t\t\t\t\t<div class=\"pic\">\r\n\t\t\t\t\t\t\r\n\t\t\t\t\t\t<div class=\"team_image boxed \"><img decoding=\"async\" width=\"440\" height=\"440\" src=\"https:\/\/fertilitybenidorm.com\/wp-content\/uploads\/2021\/04\/geles.png\" class=\"attachment-full size-full\" alt=\"\" srcset=\"https:\/\/fertilitybenidorm.com\/wp-content\/uploads\/2021\/04\/geles.png 440w, https:\/\/fertilitybenidorm.com\/wp-content\/uploads\/2021\/04\/geles-300x300.png 300w, https:\/\/fertilitybenidorm.com\/wp-content\/uploads\/2021\/04\/geles-150x150.png 150w\" sizes=\"(max-width: 440px) 100vw, 440px\" title=\"\"><\/div>\r\n\t\t\t\t\t\t\r\n\t\t\t\t\t\t\r\n\t\t\t\t\t\t\r\n\t\t\t\t\t\t<div class=\"team_block\">\r\n\t\t\t\t\t\t\t<h4>M\u00aa \u00c1ngeles G\u00f3mez Garc\u00eda<\/h4>\r\n\t\t\t\t\t\t\t<p class=\"team_desc\">Management and quality area<\/p>\r\n\t\t\t\t\t\t\t<p class=\"team_text\"><\/p>\r\n\t\t\t\t\t\t\t<div class=\"team_icons\">\r\n\t\t\t\t\t\t\r\n\t\t\t\t\t\t\r\n\t\t\t\t\t\t\r\n\t\t\t\t\t\t\r\n\t\t\t\t\t\t\r\n\t\t\t\t\t\t\r\n\t\t\t\t\t\t\r\n\t\t\t\t\t\t\r\n\t\t\t\t\t\t\t<\/div>\r\n\t\t\t\t\t\t<\/div>\r\n\t\t\t\t\t<\/div>\r\n\t\t\t\t<\/div>\r\n\t\t\t<div class=\"boc_spacing \" style=\"height: 10px\"><\/div>[\/vc_column][vc_column width=&#8221;1\/2&#8243; css=&#8221;.vc_custom_1428521669245{padding-right: 20px !important;padding-left: 20px !important;}&#8221;][vc_single_image alignment=&#8221;center&#8221; image=&#8221;26059&#8243;]\t<div class=\"team_block_content  boc_animate_when_almost_visible boc_right-to-left\">\r\n\t\t\t\t\t<div class=\"pic\">\r\n\t\t\t\t\t\t\r\n\t\t\t\t\t\t<div class=\"team_image boxed \"><img decoding=\"async\" width=\"440\" height=\"440\" src=\"https:\/\/fertilitybenidorm.com\/wp-content\/uploads\/2021\/04\/guillermo.png\" class=\"attachment-full size-full\" alt=\"\" srcset=\"https:\/\/fertilitybenidorm.com\/wp-content\/uploads\/2021\/04\/guillermo.png 440w, https:\/\/fertilitybenidorm.com\/wp-content\/uploads\/2021\/04\/guillermo-300x300.png 300w, https:\/\/fertilitybenidorm.com\/wp-content\/uploads\/2021\/04\/guillermo-150x150.png 150w\" sizes=\"(max-width: 440px) 100vw, 440px\" title=\"\"><\/div>\r\n\t\t\t\t\t\t\r\n\t\t\t\t\t\t\r\n\t\t\t\t\t\t\r\n\t\t\t\t\t\t<div class=\"team_block\">\r\n\t\t\t\t\t\t\t<h4>Guillermo Terrado Gil<\/h4>\r\n\t\t\t\t\t\t\t<p class=\"team_desc\">Doctor. Reproductive Medicine Specialist<\/p>\r\n\t\t\t\t\t\t\t<p class=\"team_text\"><\/p>\r\n\t\t\t\t\t\t\t<div class=\"team_icons\">\r\n\t\t\t\t\t\t\r\n\t\t\t\t\t\t\r\n\t\t\t\t\t\t\r\n\t\t\t\t\t\t\r\n\t\t\t\t\t\t\r\n\t\t\t\t\t\t\r\n\t\t\t\t\t\t\r\n\t\t\t\t\t\t\r\n\t\t\t\t\t\t\t<\/div>\r\n\t\t\t\t\t\t<\/div>\r\n\t\t\t\t\t<\/div>\r\n\t\t\t\t<\/div>\r\n\t\t\t<div class=\"boc_spacing \" style=\"height: 10px\"><\/div>[\/vc_column][\/vc_row][vc_row css=&#8221;.vc_custom_1427277012817{padding-top: 10px !important;padding-bottom: 50px !important;}&#8221;][vc_column width=&#8221;1\/2&#8243; css=&#8221;.vc_custom_1428521662124{padding-right: 20px !important;padding-left: 20px !important;}&#8221;][vc_single_image alignment=&#8221;center&#8221; image=&#8221;26060&#8243;]\t<div class=\"team_block_content  boc_animate_when_almost_visible boc_left-to-right\">\r\n\t\t\t\t\t<div class=\"pic\">\r\n\t\t\t\t\t\t\r\n\t\t\t\t\t\t<div class=\"team_image boxed \"><img decoding=\"async\" width=\"440\" height=\"440\" src=\"https:\/\/fertilitybenidorm.com\/wp-content\/uploads\/2021\/04\/juana.png\" class=\"attachment-full size-full\" alt=\"\" srcset=\"https:\/\/fertilitybenidorm.com\/wp-content\/uploads\/2021\/04\/juana.png 440w, https:\/\/fertilitybenidorm.com\/wp-content\/uploads\/2021\/04\/juana-300x300.png 300w, https:\/\/fertilitybenidorm.com\/wp-content\/uploads\/2021\/04\/juana-150x150.png 150w\" sizes=\"(max-width: 440px) 100vw, 440px\" title=\"\"><\/div>\r\n\t\t\t\t\t\t\r\n\t\t\t\t\t\t\r\n\t\t\t\t\t\t\r\n\t\t\t\t\t\t<div class=\"team_block\">\r\n\t\t\t\t\t\t\t<h4>Juana Peris Gallego<\/h4>\r\n\t\t\t\t\t\t\t<p class=\"team_desc\">Psychologist<\/p>\r\n\t\t\t\t\t\t\t<p class=\"team_text\"><\/p>\r\n\t\t\t\t\t\t\t<div class=\"team_icons\">\r\n\t\t\t\t\t\t\r\n\t\t\t\t\t\t\r\n\t\t\t\t\t\t\r\n\t\t\t\t\t\t\r\n\t\t\t\t\t\t\r\n\t\t\t\t\t\t\r\n\t\t\t\t\t\t\r\n\t\t\t\t\t\t\r\n\t\t\t\t\t\t\t<\/div>\r\n\t\t\t\t\t\t<\/div>\r\n\t\t\t\t\t<\/div>\r\n\t\t\t\t<\/div>\r\n\t\t\t<div class=\"boc_spacing \" style=\"height: 10px\"><\/div>[\/vc_column][\/vc_row][vc_row full_width=&#8221;stretch_row&#8221; bg_type=&#8221;bg_color&#8221; enable_overlay=&#8221;enable_overlay_value&#8221; el_class=&#8221;white_text&#8221; css=&#8221;.vc_custom_1576562359684{margin-top: 0px !important;margin-bottom: 0px !important;border-top-width: 0px !important;padding-top: 20px !important;padding-bottom: 24px !important;}&#8221; bg_color_value=&#8221;#1fc7d6&#8243;][vc_column]<div class=\"text_box  box_no_bgr \"><div class=\"text_box_content with_button\"><h2>SPECIALIST CLINIC IN ASSISTED REPRODUCTION<\/h2>\r\n\t\t\t\t\t<p>For any questions or information about Fertility Benidorm, contact us. We will be delighted to help you.<\/p>\r\n\t\t\t\t<\/div><div class=\"btn_holder\"><a\thref=\"https:\/\/fertilitybenidorm.com\/en\/contact\/\" \r\n\t\t\t\t\tclass=\"button  btn_medium_stretched btn_white btn_rounded btn_outline icon_pos_after \"  target='_self'><span>Contact<\/span> <i class='icon icon icon-angle-right2'><\/i> <\/a><\/div><\/div>[\/vc_column][\/vc_row]<\/p>\n<\/div>","protected":false},"excerpt":{"rendered":"<p>[vc_row][vc_column][\/vc_column][\/vc_row][vc_row css=&#8221;.vc_custom_1573630556478{margin-bottom: 0px !important;border-bottom-width: 0px !important;padding-bottom: 0px !important;}&#8221;][vc_column][\/vc_column][\/vc_row][vc_row][vc_column][\/vc_column][\/vc_row][vc_row css=&#8221;.vc_custom_1427277012817{padding-top: 10px !important;padding-bottom: 50px !important;}&#8221;][vc_column width=&#8221;1\/2&#8243; css=&#8221;.vc_custom_1428521662124{padding-right: 20px !important;padding-left: 20px !important;}&#8221;][vc_single_image alignment=&#8221;center&#8221; image=&#8221;26058&#8243;][\/vc_column][vc_column width=&#8221;1\/2&#8243; css=&#8221;.vc_custom_1428521669245{padding-right: 20px !important;padding-left: 20px !important;}&#8221;][vc_single_image alignment=&#8221;center&#8221; image=&#8221;26057&#8243;][\/vc_column][\/vc_row][vc_row css=&#8221;.vc_custom_1427277012817{padding-top: 10px !important;padding-bottom: 50px !important;}&#8221;][vc_column width=&#8221;1\/2&#8243; css=&#8221;.vc_custom_1428521662124{padding-right: 20px !important;padding-left: 20px !important;}&#8221;][vc_single_image alignment=&#8221;center&#8221; image=&#8221;26061&#8243;][\/vc_column][vc_column width=&#8221;1\/2&#8243; css=&#8221;.vc_custom_1428521669245{padding-right: 20px !important;padding-left: 20px !important;}&#8221;][vc_single_image alignment=&#8221;center&#8221; image=&#8221;26059&#8243;][\/vc_column][\/vc_row][vc_row css=&#8221;.vc_custom_1427277012817{padding-top: 10px !important;padding-bottom: 50px !important;}&#8221;][vc_column width=&#8221;1\/2&#8243; css=&#8221;.vc_custom_1428521662124{padding-right: 20px !important;padding-left: 20px<\/p>\n<div class=\"h10\"><\/div>\n<p><a class=\"more-link2 flat\" href=\"https:\/\/fertilitybenidorm.com\/en\/our-team\/\">Read more<\/a><\/p>\n","protected":false},"author":7,"featured_media":0,"parent":0,"menu_order":0,"comment_status":"open","ping_status":"closed","template":"","meta":{"_joinchat":[],"footnotes":""},"class_list":["post-26088","page","type-page","status-publish","hentry"],"_links":{"self":[{"href":"https:\/\/fertilitybenidorm.com\/en\/wp-json\/wp\/v2\/pages\/26088","targetHints":{"allow":["GET"]}}],"collection":[{"href":"https:\/\/fertilitybenidorm.com\/en\/wp-json\/wp\/v2\/pages"}],"about":[{"href":"https:\/\/fertilitybenidorm.com\/en\/wp-json\/wp\/v2\/types\/page"}],"author":[{"embeddable":true,"href":"https:\/\/fertilitybenidorm.com\/en\/wp-json\/wp\/v2\/users\/7"}],"replies":[{"embeddable":true,"href":"https:\/\/fertilitybenidorm.com\/en\/wp-json\/wp\/v2\/comments?post=26088"}],"version-history":[{"count":0,"href":"https:\/\/fertilitybenidorm.com\/en\/wp-json\/wp\/v2\/pages\/26088\/revisions"}],"wp:attachment":[{"href":"https:\/\/fertilitybenidorm.com\/en\/wp-json\/wp\/v2\/media?parent=26088"}],"curies":[{"name":"wp","href":"https:\/\/api.w.org\/{rel}","templated":true}]}}